{"id":43014,"date":"2020-09-24T00:00:00","date_gmt":"2020-09-23T22:00:00","guid":{"rendered":"https:\/\/www.specialscentshop.com\/product\/diffuseur-de-parfum-s-301\/"},"modified":"2025-02-07T12:46:16","modified_gmt":"2025-02-07T11:46:16","slug":"diffuseur-de-parfum-s-301","status":"publish","type":"product","link":"https:\/\/www.specialscentshop.com\/fr\/produit\/diffuseur-de-parfum-s-301\/","title":{"rendered":"Diffuseur de parfum S 301"},"content":{"rendered":"<h2><strong>O\u00f9 utiliser le diffuseur \u00e9lectrique de parfum d&#8217;ambiance S301 ?<\/strong><\/h2>\n<ul>\n<li>Parfumeur d&#8217;ambiance \u00e9lectrique avec ventilateur interne int\u00e9gr\u00e9 pour cr\u00e9er un <strong>parfum d&#8217;ambiance<\/strong> homog\u00e8ne.<\/li>\n<li>Utilis\u00e9 dans les magasins de taille moyenne, \u00e0 la maison, fix\u00e9 au mur ou au-dessus d&#8217;une armoire \u00e0 une hauteur maximale de 200 cm.<\/li>\n<li>Recommand\u00e9 pour parfumer les boutiques, les centres commerciaux, les garages, les cabinets m\u00e9dicaux, les salles d&#8217;attente.<\/li>\n<li>A partir d&#8217;une consommation limit\u00e9e 2,6 g de parfum pour 1 heure de travail<\/li>\n<li>Programmation quotidienne ou hebdomadaire, avec r\u00e9glage de l&#8217;intensit\u00e9, permettant un parfumage toujours ad\u00e9quat.<\/li>\n<li>Gestion \u00e0 distance via une application Wi-Fi ou Bluetooth. Tout est compris dans le prix.<\/li>\n<li>En option : gestion de la programmation des senteurs \u00e0 partir de l&#8217;unit\u00e9 centrale Special Scent (id\u00e9al pour la gestion de plusieurs points de vente).<\/li>\n<\/ul>\n<h3><\/h3>\n<h2><strong>Caract\u00e9ristiques techniques : Diffuseur \u00e8lectrique S301<\/strong><\/h2>\n<ul>\n<li>Mat\u00e9riau : plastique<\/li>\n<li>Dimensions : Hauteur = 212 mm | Longueur = 176 mm | Profondeur = 85 mm<\/li>\n<li>Couleur : disponible en noir ou en blanc<\/li>\n<li>Alimentation : transformateur 220\/12 Volt<\/li>\n<li>Puissance : 7 Watts<\/li>\n<li>Bruit : moins de 40 d\u00e9cibels<\/li>\n<li>Capacit\u00e9 du conteneur : 450 gr<\/li>\n<li>Consommation maximale de parfum huileux : 2,6 g\/heure<\/li>\n<li>Ventilateur interne<\/li>\n<li>Couverture maximale : 800 m\u00b3<\/li>\n<li>Poids : 1 kg<\/li>\n<li>Montage mural<\/li>\n<\/ul>\n<h2><strong>Quel parfum utiliser sur les diffuseurs d&#8217;ambiance Special Scent ?<\/strong><\/h2>\n<ul>\n<li>Special Scent dispose d&#8217;une large gamme de parfums d&#8217;<a href=\"https:\/\/www.specialscentshop.com\/fr\/parfums-et-fragrances\/\">ambiance<\/a> huileux certifi\u00e9s et enregistr\u00e9s pour parfumer n&#8217;importe quel environnement et cr\u00e9er un impact attrayant sur le client gr\u00e2ce \u00e0 la technique du marketing olfactif.<\/li>\n<li>Special Scent n&#8217;oblige pas \u00e0 acheter des parfums, mais <strong>recommande de ne pas utiliser d&#8217;huiles solubles dans l&#8217;eau, ni d&#8217;huiles utilis\u00e9es dans les diffuseurs \u00e0 bois.<\/strong><\/li>\n<li>Special Scent est votre partenaire id\u00e9al pour parfumer votre espace. Sur notre site, vous trouverez la meilleure solution pour votre environnement, des fragrances aux parfumeurs \u00e9lectriques.<\/li>\n<\/ul>\n<p><em><strong>lire la suite : <a href=\"https:\/\/www.specialscentshop.com\/fr\/produit\/diffuseur-de-parfum-s300\/\">Diffuseur de parfum S300<\/a><\/strong><\/em><\/p>\n","protected":false},"excerpt":{"rendered":"<h4>Le diffuseur \u00e9lectrique d&#8217;ambiance id\u00e9al pour votre entreprise.<\/h4>\n<p><a href=\"https:\/\/www.specialscentshop.com\/fr\/parfums-et-fragrances\/\"><strong>Vous pouvez trouver le parfum qui vous convient le mieux en consultant notre catalogue sur CE lien<\/strong><\/a><br \/>\n<a href=\"https:\/\/www.specialscentshop.com\/fr\/parfums-dambiance-drinkfood\/\"><strong>ou trouvez les parfums d\u2019ambiance Drink&amp;Food sur CE lien<\/strong><\/a><\/p>\n","protected":false},"featured_media":43016,"template":"","meta":{"_acf_changed":false},"product_brand":[],"product_cat":[783],"product_tag":[868,870,784,785,786,788,867],"class_list":{"0":"post-43014","1":"product","2":"type-product","3":"status-publish","4":"has-post-thumbnail","6":"product_cat-diffuseur-de-parfum-desodorisants-dambiance","7":"product_tag-gymnases-et-sports","8":"product_tag-cabinets-medicaux-cliniques","9":"product_tag-domicile","10":"product_tag-bureau","11":"product_tag-hotel-bb-fr","12":"product_tag-restaurants-et-bars","13":"product_tag-salles-de-jeux","15":"first","16":"instock","17":"taxable","18":"shipping-taxable","19":"purchasable","20":"product-type-variable"},"acf":[],"_links":{"self":[{"href":"https:\/\/www.specialscentshop.com\/fr\/wp-json\/wp\/v2\/product\/43014","targetHints":{"allow":["GET"]}}],"collection":[{"href":"https:\/\/www.specialscentshop.com\/fr\/wp-json\/wp\/v2\/product"}],"about":[{"href":"https:\/\/www.specialscentshop.com\/fr\/wp-json\/wp\/v2\/types\/product"}],"wp:featuredmedia":[{"embeddable":true,"href":"https:\/\/www.specialscentshop.com\/fr\/wp-json\/wp\/v2\/media\/43016"}],"wp:attachment":[{"href":"https:\/\/www.specialscentshop.com\/fr\/wp-json\/wp\/v2\/media?parent=43014"}],"wp:term":[{"taxonomy":"product_brand","embeddable":true,"href":"https:\/\/www.specialscentshop.com\/fr\/wp-json\/wp\/v2\/product_brand?post=43014"},{"taxonomy":"product_cat","embeddable":true,"href":"https:\/\/www.specialscentshop.com\/fr\/wp-json\/wp\/v2\/product_cat?post=43014"},{"taxonomy":"product_tag","embeddable":true,"href":"https:\/\/www.specialscentshop.com\/fr\/wp-json\/wp\/v2\/product_tag?post=43014"}],"curies":[{"name":"wp","href":"https:\/\/api.w.org\/{rel}","templated":true}]}}