{"id":43148,"date":"2024-10-21T20:40:23","date_gmt":"2024-10-21T18:40:23","guid":{"rendered":"https:\/\/www.specialscentshop.com\/product\/diffuseur-de-musique-de-senteur\/"},"modified":"2025-02-21T22:33:00","modified_gmt":"2025-02-21T21:33:00","slug":"diffuseur-de-musique-de-senteur","status":"publish","type":"product","link":"https:\/\/www.specialscentshop.com\/fr\/produit\/diffuseur-de-musique-de-senteur\/","title":{"rendered":"Scent Music diffuseur"},"content":{"rendered":"<div class=\"av-special-heading av-drko6-42ff0d6c6e3c309a5fe20296b171c5b3 av-special-heading-h3 custom-color-heading blockquote modern-quote avia-builder-el-22 el_before_av_textblock avia-builder-el-first av-inherit-size \">\n<h2>Caract\u00e9ristiques du Diffuseur de musique et de parfum Scent Muisic<\/h2>\n<ul>\n<li>Special Scent lance le premier diffuseur de parfum qui<strong> diffuse de la musique<\/strong> et recharge votre t\u00e9l\u00e9phone sans fil gr\u00e2ce \u00e0 sa technologie inductive.<\/li>\n<li>Diffuseur de parfum aliment\u00e9 par un transformateur 12\/220 V, pouvant \u00eatre plac\u00e9 sur les comptoirs, les \u00e9tag\u00e8res, les biblioth\u00e8ques et au-dessus de n&#8217;importe quel meuble.<\/li>\n<li><strong>Diffuseur de parfum<\/strong> parfait pour les <strong>environnements domestiques et professionnels.<\/strong> Son design \u00e9l\u00e9gant, avec ses angles arrondis, conf\u00e8re au diffuseur de parfum un aspect moderne qui s&#8217;int\u00e8gre parfaitement dans n&#8217;importe quelle pi\u00e8ce.<\/li>\n<li>Parfait pour les bureaux, les magasins, les salons de beaut\u00e9, les maisons, les expositions, les stands de r\u00e9ception, les petits salons, les caf\u00e9s, les boulangeries et les glaciers.<\/li>\n<li>Rafra\u00eechit l&#8217;environnement gr\u00e2ce \u00e0 une <strong>technologie de diffusion intelligente<\/strong>, contr\u00f4l\u00e9e par l&#8217;application Bluetooth qui peut \u00eatre install\u00e9e sur votre t\u00e9l\u00e9phone portable.<\/li>\n<li><strong>Programmation quotidienne et hebdomadaire <\/strong>du diffuseur de musique de senteur et contr\u00f4le de l&#8217;\u00e9rosion des parfums gr\u00e2ce \u00e0 l&#8217;application.<\/li>\n<li>Le diffuseur Scent Music diffuse votre parfum <strong>en silence<\/strong> et, gr\u00e2ce au contr\u00f4le de la consommation limit\u00e9e, le parfum ne sera pas gaspill\u00e9.<\/li>\n<\/ul>\n<p>Le parfum que vous avez choisi remplira l&#8217;air d&#8217;ar\u00f4mes agr\u00e9ables et d&#8217;un plaisir inattendu que seul un parfum sp\u00e9cial peut offrir !<\/p>\n<h2>Caract\u00e9ristiques techniques du Diffuseur de musique et de parfum Scent Music<\/h2>\n<section class=\"av_textblock_section \">\n<div class=\"avia_textblock \">\n<ul>\n<li>Mat\u00e9riau : acier<\/li>\n<li>Dimensions du produit : hauteur : 130,5 mm | longueur : 255 mm| largeur : 140 mm<\/li>\n<li>Puissance : 5W \/ 15W (version recharge sans fil)<\/li>\n<li>Alimentation \u00e9lectrique : Transformateur 12\/ 220 V<\/li>\n<li>Consommation d&#8217;huile : 1ml\/h<\/li>\n<li>Niveau sonore : &lt;45 DBA<\/li>\n<li>Capacit\u00e9 de l&#8217;huile de parfum : 80ml<\/li>\n<li>M\u00e9thode d&#8217;installation : libre<\/li>\n<li>Couverture appropri\u00e9e : 250 m3<\/li>\n<li>T\u00e9l\u00e9commande mobile intelligente : Bluetooth, application<\/li>\n<li>Poids net : 1,35 kg<\/li>\n<li>Couleur : noir<\/li>\n<\/ul>\n<\/div>\n<\/section>\n<\/div>\n<section id=\"prezzodiffusore\" class=\"av_textblock_section \">\n<div class=\"avia_textblock \">\n<p>&nbsp;<\/p>\n<h2>Quels parfums utiliser avec les diffuseurs Special Scent ?<\/h2>\n<ul>\n<li>Special scent propose un large choix d&#8217;huiles <a href=\"https:\/\/www.specialscentshop.com\/fr\/parfums-et-fragrances\/\">parfum\u00e9es<\/a> certifi\u00e9es et enregistr\u00e9es, pour parfumer tout type d&#8217;environnement, et marquer vos invit\u00e9s gr\u00e2ce au marketing olfactif.<\/li>\n<li>Special scent ne contraint pas \u00e0 l&#8217;achat de ses fragrances, mais nous vous recommandons de <strong>ne pas utiliser les huiles solubles dans l&#8217;eau et les huiles utilis\u00e9es dans les diffuseurs \u00e0 b\u00e2tonnets.<\/strong><\/li>\n<li>Special Scent est votre partenaire id\u00e9al pour le rafra\u00eechissement de l&#8217;air. Sur notre site, vous trouverez la solution parfaite pour vos lieux, des parfums aux diffuseurs de senteurs.<\/li>\n<\/ul>\n<p><em><strong>En savoir plus : <a href=\"https:\/\/www.specialscentshop.com\/fr\/produit\/diffuseur-de-parfum-s700\/\">S 700<\/a><\/strong><\/em><\/p>\n<h3><\/h3>\n<\/div>\n<\/section>\n","protected":false},"excerpt":{"rendered":"<p>Le Diffuseur de musique et de parfum <strong>Scent Music <\/strong>est le d\u00e9sodorisant id\u00e9al pour les petites salles et les salons, pour vous aider, vous et vos h\u00f4tes, \u00e0 vous d\u00e9tendre tout en \u00e9coutant de la musique. Son design minimaliste est parfait pour les comptoirs des r\u00e9ceptions, et l&#8217;application bluetooh (disponible pour Android et IoS) permet de le contr\u00f4ler facilement dans toutes les situations.<\/p>\n<p><strong>Vous pouvez trouver le d\u00e9sodorisant parfait pour vous en consultant notre catalogue sur <a href=\"https:\/\/www.specialscentshop.com\/fr\/diffuseurs-dambiance\/\">Ce lien <\/a> <\/strong><\/p>\n<p>&nbsp;<\/p>\n","protected":false},"featured_media":42517,"template":"","meta":{"_acf_changed":false},"product_brand":[],"product_cat":[783],"product_tag":[],"class_list":{"0":"post-43148","1":"product","2":"type-product","3":"status-publish","4":"has-post-thumbnail","6":"product_cat-diffuseur-de-parfum-desodorisants-dambiance","8":"first","9":"instock","10":"taxable","11":"shipping-taxable","12":"purchasable","13":"product-type-simple"},"acf":[],"_links":{"self":[{"href":"https:\/\/www.specialscentshop.com\/fr\/wp-json\/wp\/v2\/product\/43148","targetHints":{"allow":["GET"]}}],"collection":[{"href":"https:\/\/www.specialscentshop.com\/fr\/wp-json\/wp\/v2\/product"}],"about":[{"href":"https:\/\/www.specialscentshop.com\/fr\/wp-json\/wp\/v2\/types\/product"}],"wp:featuredmedia":[{"embeddable":true,"href":"https:\/\/www.specialscentshop.com\/fr\/wp-json\/wp\/v2\/media\/42517"}],"wp:attachment":[{"href":"https:\/\/www.specialscentshop.com\/fr\/wp-json\/wp\/v2\/media?parent=43148"}],"wp:term":[{"taxonomy":"product_brand","embeddable":true,"href":"https:\/\/www.specialscentshop.com\/fr\/wp-json\/wp\/v2\/product_brand?post=43148"},{"taxonomy":"product_cat","embeddable":true,"href":"https:\/\/www.specialscentshop.com\/fr\/wp-json\/wp\/v2\/product_cat?post=43148"},{"taxonomy":"product_tag","embeddable":true,"href":"https:\/\/www.specialscentshop.com\/fr\/wp-json\/wp\/v2\/product_tag?post=43148"}],"curies":[{"name":"wp","href":"https:\/\/api.w.org\/{rel}","templated":true}]}}