{"id":43216,"date":"2022-08-01T13:44:07","date_gmt":"2022-08-01T11:44:07","guid":{"rendered":"https:\/\/www.specialscentshop.com\/product\/tuberosa-suave\/"},"modified":"2026-02-19T21:20:16","modified_gmt":"2026-02-19T20:20:16","slug":"tuberosa-suave","status":"publish","type":"product","link":"https:\/\/www.specialscentshop.com\/fr\/produit\/tuberosa-suave\/","title":{"rendered":"Tub\u00e9reuse"},"content":{"rendered":"<h2><strong>Effet sur l&#8217;environnement<\/strong><\/h2>\n<p><strong>Parfum d&#8217;ambiance tub\u00e9reuse<\/strong>, consid\u00e9r\u00e9 comme un parfum de niche, ce m\u00e9lange de parfums est recommand\u00e9 pour les environnements douillets, o\u00f9 vous pouvez cr\u00e9er des atmosph\u00e8res sp\u00e9ciales et intimes. Quel que soit l&#8217;endroit o\u00f9 vous d\u00e9cidez d&#8217;utiliser ce parfum, vous vous rendrez vite compte \u00e0 quel point il peut changer l&#8217;air. C&#8217;est sans aucun doute le <strong>parfum d&#8217;ambiance<\/strong> qui vous accompagnera le jour le plus important, celui de <a href=\"https:\/\/www.enzomiccio.com\/\" target=\"_blank\" rel=\"noopener\">votre mariage<\/a>.<\/p>\n<h2><strong>Caract\u00e9ristiques\u00a0<\/strong><\/h2>\n<p>Suave est l&#8217;une des notes olfactives les plus fascinantes dans le monde des parfums et contient un m\u00e9lange de senteurs o\u00f9 l&#8217;intensit\u00e9 \u00e9crasante et intense de la tub\u00e9reuse est temp\u00e9r\u00e9e par les autres fragrances.<\/p>\n<p><em>Nous disposons d&#8217;une large gamme de diffuseurs d&#8217;ambiance, dont notre tout nouveau spray <a href=\"https:\/\/www.specialscentshop.com\/fr\/produit\/nebula-diffuseur-dambiance-rechargeable\/\">Nebula<\/a>, qui fonctionne avec la m\u00eame technique d&#8217;atomisation que nos diffuseurs, une solution parfaite et \u00e9conomique pour ceux qui souhaitent tester nos produits avant d&#8217;acheter une plus grande quantit\u00e9 de parfum ou un diffuseur. Le format Nebula est en aluminium, rechargeable et surtout respectueux de l&#8217;environnement. A l&#8217;achat d&#8217;un parfum de 0,250 g de votre choix, vous recevez Nebula gratuitement. Id\u00e9al pour les petites quantit\u00e9s. <\/em><\/p>\n<h2><strong>Particuli\u00e8rement adapt\u00e9 pour :<\/strong><\/h2>\n<ul>\n<li>Chambre \u00e0 coucher : la tub\u00e9reuse a des propri\u00e9t\u00e9s relaxantes et s\u00e9duisantes qui peuvent aider \u00e0 cr\u00e9er une atmosph\u00e8re de sommeil romantique et confortable.<\/li>\n<li>Salon : la tub\u00e9reuse a des propri\u00e9t\u00e9s relaxantes et s\u00e9duisantes qui peuvent aider \u00e0 cr\u00e9er une atmosph\u00e8re douillette et confortable pour la d\u00e9tente.<\/li>\n<li>\u00c9tude : a des propri\u00e9t\u00e9s stimulantes et s\u00e9duisantes qui peuvent aider \u00e0 cr\u00e9er une atmosph\u00e8re calme et concentr\u00e9e pour le travail ou l&#8217;\u00e9tude.<\/li>\n<li>Salle de m\u00e9ditation\/yoga :a des propri\u00e9t\u00e9s relaxantes et purifiantes qui peuvent aider \u00e0 cr\u00e9er une atmosph\u00e8re paisible et relaxante pour la m\u00e9ditation ou le yoga.<\/li>\n<li>Salle de bal : a des propri\u00e9t\u00e9s s\u00e9duisantes et stimulantes qui peuvent aider \u00e0 cr\u00e9er une atmosph\u00e8re romantique et sensuelle pour une soir\u00e9e de danse.<\/li>\n<li>Salles de r\u00e9ception :\u00a0 a des propri\u00e9t\u00e9s s\u00e9duisantes et stimulantes qui peuvent aider \u00e0 cr\u00e9er une atmosph\u00e8re \u00e9l\u00e9gante et chaleureuse pour une r\u00e9ception.<\/li>\n<li>\u00c9v\u00e9nements sociaux : a des propri\u00e9t\u00e9s s\u00e9duisantes et stimulantes qui peuvent aider \u00e0 cr\u00e9er une atmosph\u00e8re \u00e9l\u00e9gante et captivante pour les \u00e9v\u00e9nements sociaux.<\/li>\n<\/ul>\n<p><em><strong>lire la suite : <a href=\"https:\/\/www.specialscentshop.com\/fr\/produit\/perfume-environment-femme-salient\/\">Femme Salient<\/a><\/strong><\/em><\/p>\n","protected":false},"excerpt":{"rendered":"<h3><strong>Parfum d&#8217;ambiance Tub\u00e8reuse suave<\/strong><\/h3>\n<h4><strong>Notes olfactives : notes de c\u0153ur &#8211; notes de t\u00eate &#8211; notes de fond<\/strong><\/h4>\n<p>Intriguant et s\u00e9duisant, le parfum d&#8217;ambiance \u00e0 la contient un<strong> m\u00e9lange de<\/strong> senteurs aux notes olfactives particuli\u00e8rement agr\u00e9ables, peut-\u00eatre l&#8217;un des meilleurs dans le monde des parfums d&#8217;ambiance. Envo\u00fbtant, accueillant et en m\u00eame temps d\u00e9licat et doux, un m\u00e9lange incomparable qui d\u00e9clenche un souvenir olfactif unique, surtout s&#8217;il vous rappelle une rencontre intrigante. Notes de t\u00eate : Tub\u00e9reuse, Muguet, Orchid\u00e9e, P\u00eache. Notes de c\u0153ur : raisin, noix de coco, ambre Notes de fond : musc et patchouli<\/p>\n","protected":false},"featured_media":48400,"template":"","meta":{"_acf_changed":false},"product_brand":[],"product_cat":[818],"product_tag":[],"class_list":{"0":"post-43216","1":"product","2":"type-product","3":"status-publish","4":"has-post-thumbnail","6":"product_cat-parfums-dambiance","8":"first","9":"instock","10":"taxable","11":"shipping-taxable","12":"purchasable","13":"product-type-variable"},"acf":[],"_links":{"self":[{"href":"https:\/\/www.specialscentshop.com\/fr\/wp-json\/wp\/v2\/product\/43216","targetHints":{"allow":["GET"]}}],"collection":[{"href":"https:\/\/www.specialscentshop.com\/fr\/wp-json\/wp\/v2\/product"}],"about":[{"href":"https:\/\/www.specialscentshop.com\/fr\/wp-json\/wp\/v2\/types\/product"}],"wp:featuredmedia":[{"embeddable":true,"href":"https:\/\/www.specialscentshop.com\/fr\/wp-json\/wp\/v2\/media\/48400"}],"wp:attachment":[{"href":"https:\/\/www.specialscentshop.com\/fr\/wp-json\/wp\/v2\/media?parent=43216"}],"wp:term":[{"taxonomy":"product_brand","embeddable":true,"href":"https:\/\/www.specialscentshop.com\/fr\/wp-json\/wp\/v2\/product_brand?post=43216"},{"taxonomy":"product_cat","embeddable":true,"href":"https:\/\/www.specialscentshop.com\/fr\/wp-json\/wp\/v2\/product_cat?post=43216"},{"taxonomy":"product_tag","embeddable":true,"href":"https:\/\/www.specialscentshop.com\/fr\/wp-json\/wp\/v2\/product_tag?post=43216"}],"curies":[{"name":"wp","href":"https:\/\/api.w.org\/{rel}","templated":true}]}}