{"id":43227,"date":"2024-01-25T10:42:06","date_gmt":"2024-01-25T09:42:06","guid":{"rendered":"https:\/\/www.specialscentshop.com\/product\/tabac-et-cachemire\/"},"modified":"2025-07-19T14:01:52","modified_gmt":"2025-07-19T12:01:52","slug":"tabac-et-cachemire","status":"publish","type":"product","link":"https:\/\/www.specialscentshop.com\/fr\/produit\/tabac-et-cachemire\/","title":{"rendered":"Tabac et cachemire"},"content":{"rendered":"<h2><strong>Effet sur l&#8217;environnement<\/strong><\/h2>\n<p>Le <strong>parfum d&#8217;ambiance Tabac et Cachemire<\/strong>, un parfum d\u00e9licat mais non invasif avec une l\u00e9g\u00e8re senteur balsamique, rend votre environnement confortable, unique et inoubliable. Son utilisation est recommand\u00e9e dans les<strong> magasins de v\u00eatements<\/strong>, les <strong>studios professionnels<\/strong>, les <strong>bureaux de tabac<\/strong>, les <strong>concessions automobiles<\/strong>, mais il convient \u00e9galement aux <strong>environnements domestiques<\/strong>.<\/p>\n<h2><strong>Caract\u00e9ristiques<\/strong><\/h2>\n<p>Le parfum d&#8217;ambiance <strong>Tabac et Cachemire<\/strong> des propri\u00e9t\u00e9s uniques.<br \/>\nUn parfum \u00e9l\u00e9gant et velout\u00e9, doux et enveloppant, capable de vous r\u00e9conforter dans un moment de d\u00e9tente et de chouchoutage, nous chouchoutant avec ce que nous aimons le plus.<\/p>\n<p><strong><em>Nous disposons d&#8217;une large gamme de <a href=\"https:\/\/www.specialscentshop.com\/fr\/diffuseurs-dambiance\/\">diffuseurs d&#8217;ambiance<\/a>, dont notre tout nouveau spray<a href=\"https:\/\/www.specialscentshop.com\/fr\/produit\/nebula-diffuseur-dambiance-rechargeable\/\"> Nebula<\/a>, qui fonctionne avec la m\u00eame technique d&#8217;atomisation que nos diffuseurs, une solution parfaite et \u00e9conomique pour ceux qui souhaitent tester nos produits avant d&#8217;acheter une plus grande quantit\u00e9 de parfum ou un diffuseur. Le format Nebula est en aluminium, rechargeable et surtout respectueux de l&#8217;environnement. <\/em><\/strong><\/p>\n<p><strong><em>A l&#8217;achat d&#8217;un parfum de 0,250 g de votre choix, vous recevrez gratuitement Nebula. Id\u00e9al pour les petites quantit\u00e9s. <\/em><\/strong><\/p>\n<p><em><strong>Lire la suite : <a href=\"https:\/\/www.specialscentshop.com\/fr\/produit\/cognac-et-chocolat-a-lorange\/\">Cognac et chocolat \u00e0 l&#8217;orange<\/a><\/strong><\/em><\/p>\n","protected":false},"excerpt":{"rendered":"<h3>Parfum d&#8217;ambiance Tabac &amp; Cachemire : notes olfactives<\/h3>\n<p>F<strong>amille olfactive<\/strong>: Balsamique Doux Facette : Tabac Un d\u00e9licat soup\u00e7on d&#8217;\u00e9corce d&#8217;orange rencontre un doux<strong>parfum \u00e9pic\u00e9<\/strong> de cannelle, puis embrasse un c\u0153ur tendre de prunes caram\u00e9lis\u00e9es \u00e0 la cassonade. Parall\u00e8lement, des nuances de clous de girofle ouvrent la voie \u00e0 l&#8217;ar\u00f4me de tabac, capiteux, profond et doux comme de la m\u00e9lasse. Dans la derni\u00e8re partie de la composition, le tabac rencontre une \u00e9treinte de bois ambr\u00e9s, enveloppante et douce comme une couverture de cachemire.<br \/>\nN <strong>otes de t\u00eate<\/strong> \u00c9corce d&#8217;orange, cannelle.<br \/>\nN <strong>otes de c\u0153ur<\/strong> Prunes caram\u00e9lis\u00e9es, sucre de canne, clous de girofle, tabac.<br \/>\nN <strong>otes de fond<\/strong> Tabac, bois ambr\u00e9s.<\/p>\n","protected":false},"featured_media":48425,"template":"","meta":{"_acf_changed":false},"product_brand":[],"product_cat":[818],"product_tag":[],"class_list":{"0":"post-43227","1":"product","2":"type-product","3":"status-publish","4":"has-post-thumbnail","6":"product_cat-parfums-dambiance","8":"first","9":"instock","10":"taxable","11":"shipping-taxable","12":"purchasable","13":"product-type-variable"},"acf":[],"_links":{"self":[{"href":"https:\/\/www.specialscentshop.com\/fr\/wp-json\/wp\/v2\/product\/43227","targetHints":{"allow":["GET"]}}],"collection":[{"href":"https:\/\/www.specialscentshop.com\/fr\/wp-json\/wp\/v2\/product"}],"about":[{"href":"https:\/\/www.specialscentshop.com\/fr\/wp-json\/wp\/v2\/types\/product"}],"wp:featuredmedia":[{"embeddable":true,"href":"https:\/\/www.specialscentshop.com\/fr\/wp-json\/wp\/v2\/media\/48425"}],"wp:attachment":[{"href":"https:\/\/www.specialscentshop.com\/fr\/wp-json\/wp\/v2\/media?parent=43227"}],"wp:term":[{"taxonomy":"product_brand","embeddable":true,"href":"https:\/\/www.specialscentshop.com\/fr\/wp-json\/wp\/v2\/product_brand?post=43227"},{"taxonomy":"product_cat","embeddable":true,"href":"https:\/\/www.specialscentshop.com\/fr\/wp-json\/wp\/v2\/product_cat?post=43227"},{"taxonomy":"product_tag","embeddable":true,"href":"https:\/\/www.specialscentshop.com\/fr\/wp-json\/wp\/v2\/product_tag?post=43227"}],"curies":[{"name":"wp","href":"https:\/\/api.w.org\/{rel}","templated":true}]}}