{"id":43252,"date":"2020-06-11T13:56:47","date_gmt":"2020-06-11T11:56:47","guid":{"rendered":"https:\/\/www.specialscentshop.com\/product\/parfum-dambiance-au-gingembre\/"},"modified":"2025-07-19T18:38:24","modified_gmt":"2025-07-19T16:38:24","slug":"parfum-dambiance-au-gingembre","status":"publish","type":"product","link":"https:\/\/www.specialscentshop.com\/fr\/produit\/parfum-dambiance-au-gingembre\/","title":{"rendered":"Parfum d&#8217;ambiance au gingembre"},"content":{"rendered":"<h2><strong>Effet sur l&#8217;environnement<\/strong><\/h2>\n<p>Gr\u00e2ce \u00e0 sa <strong>senteur exotique,<\/strong> le parfum est capable de donner une touche sp\u00e9ciale \u00e0 votre environnement et de le rendre unique.<br \/>\nUn tel parfum est tr\u00e8s utile pour masquer les odeurs de cuisine dans un restaurant, par exemple, tout en b\u00e9n\u00e9ficiant de toutes ses propri\u00e9t\u00e9s. De plus en plus d&#8217;\u00e9tablissements choisissent ce parfum pour sa polyvalence. Ne manquez pas l&#8217;occasion de renouveler votre espace, vous pourrez ainsi ajouter une touche suppl\u00e9mentaire \u00e0 votre lieu et \u00eatre appr\u00e9ci\u00e9 par vos clients.<\/p>\n<h2><strong>Caract\u00e9ristiques Parfum d&#8217;ambiance au gingembre<\/strong><\/h2>\n<p>Gr\u00e2ce \u00e0 ses notes de t\u00eate, c&#8217;est un parfum fort et d\u00e9cisif.<\/p>\n<p>Les amateurs d&#8217;ar\u00f4mes forts adoreront certainement cette essence aux notes d\u00e9licates. Cr\u00e9ez une nouvelle exp\u00e9rience olfactive Cette fragrance deviendra votre alli\u00e9e, non seulement pour couvrir les odeurs moins agr\u00e9ables, mais aussi pour parfumer votre environnement avec une essence inhabituelle. N&#8217;oubliez pas non plus que le maintien d&#8217;un environnement parfum\u00e9 est agr\u00e9able pour les clients qui fr\u00e9quentent votre \u00e9tablissement, mais aussi pour votre personnel, une harmonie d&#8217;\u00e9l\u00e9ments qui m\u00e8nera \u00e0 des r\u00e9sultats surprenants.<\/p>\n<p><em>Nous disposons d&#8217;une large gamme <strong>de diffuseurs d&#8217;ambiance<\/strong>, dont notre tout nouveau spray <a href=\"https:\/\/www.specialscentshop.com\/fr\/produit\/nebula-diffuseur-dambiance-rechargeable\/\">Nebula<\/a>, qui fonctionne avec la m\u00eame technique d&#8217;atomisation que nos diffuseurs, une solution parfaite et \u00e9conomique pour ceux qui souhaitent tester nos produits avant d&#8217;acheter une plus grande quantit\u00e9 de parfum ou un diffuseur. Le format Nebula est en aluminium, rechargeable et surtout respectueux de l&#8217;environnement. A l&#8217;achat d&#8217;un parfum de 0,250 g de votre choix, vous recevez Nebula gratuitement. Id\u00e9al pour les petites quantit\u00e9s. <\/em><\/p>\n<h2 class=\"p1\"><b>Particuli\u00e8rement adapt\u00e9 pour :<\/b><\/h2>\n<ul>\n<li>Cuisines<\/li>\n<li>Salles de bains<\/li>\n<li>Chambres \u00e0 coucher<\/li>\n<li>Salons avec mobilier moderne<\/li>\n<li>Salles \u00e0 manger \u00e0 l&#8217;ambiance \u00e9l\u00e9gante<\/li>\n<li>Chambres de jardin ou terrasses ext\u00e9rieures<\/li>\n<li>Bureaux ou salles de r\u00e9union avec une atmosph\u00e8re fra\u00eeche et relaxante<\/li>\n<li>Salles de d\u00e9tente ou de lecture<\/li>\n<li>Salle de yoga ou de m\u00e9ditation<\/li>\n<li>Parcs ou jardins naturels<\/li>\n<li>Environnements de No\u00ebl<\/li>\n<\/ul>\n<p>L&#8217;ar\u00f4me frais et \u00e9pic\u00e9 du gingembre peut contribuer \u00e0 cr\u00e9er une atmosph\u00e8re fra\u00eeche et rafra\u00eechissante, am\u00e9liorant ainsi la concentration et la productivit\u00e9. Notez qu&#8217;il ne s&#8217;agit que de suggestions et que l&#8217;ad\u00e9quation de la senteur d\u00e9pend en grande partie des pr\u00e9f\u00e9rences personnelles de chacun.<\/p>\n<p><em><strong>Lire la suite :<a href=\"https:\/\/www.specialscentshop.com\/fr\/produit\/citron\/\">Parfume d&#8217;ambience citron<\/a><\/strong><\/em><\/p>\n","protected":false},"excerpt":{"rendered":"<h2><strong>Notes olfactives : notes de t\u00eate<\/strong><\/h2>\n<p>Extrait de la racine de la plante, il a une odeur proche de celle du zeste de citron mais avec un parfum plus exotique. Ses notes olfactives sont donc plus piquantes que celles du citron, mais aussi plus aromatiques et plus affirm\u00e9es.<\/p>\n<p><strong>CODE UFI\u00a0: 5C00-H0H4-D00T-GUJY<\/strong><\/p>\n","protected":false},"featured_media":48495,"template":"","meta":{"_acf_changed":false},"product_brand":[],"product_cat":[818],"product_tag":[867,902,784,903,786,906,788],"class_list":{"0":"post-43252","1":"product","2":"type-product","3":"status-publish","4":"has-post-thumbnail","6":"product_cat-parfums-dambiance","7":"product_tag-salles-de-jeux","8":"product_tag-condominiums","9":"product_tag-domicile","10":"product_tag-environnements-exterieurs","11":"product_tag-hotel-bb-fr","12":"product_tag-mariages","13":"product_tag-restaurants-et-bars","15":"first","16":"instock","17":"taxable","18":"shipping-taxable","19":"purchasable","20":"product-type-variable"},"acf":[],"_links":{"self":[{"href":"https:\/\/www.specialscentshop.com\/fr\/wp-json\/wp\/v2\/product\/43252","targetHints":{"allow":["GET"]}}],"collection":[{"href":"https:\/\/www.specialscentshop.com\/fr\/wp-json\/wp\/v2\/product"}],"about":[{"href":"https:\/\/www.specialscentshop.com\/fr\/wp-json\/wp\/v2\/types\/product"}],"wp:featuredmedia":[{"embeddable":true,"href":"https:\/\/www.specialscentshop.com\/fr\/wp-json\/wp\/v2\/media\/48495"}],"wp:attachment":[{"href":"https:\/\/www.specialscentshop.com\/fr\/wp-json\/wp\/v2\/media?parent=43252"}],"wp:term":[{"taxonomy":"product_brand","embeddable":true,"href":"https:\/\/www.specialscentshop.com\/fr\/wp-json\/wp\/v2\/product_brand?post=43252"},{"taxonomy":"product_cat","embeddable":true,"href":"https:\/\/www.specialscentshop.com\/fr\/wp-json\/wp\/v2\/product_cat?post=43252"},{"taxonomy":"product_tag","embeddable":true,"href":"https:\/\/www.specialscentshop.com\/fr\/wp-json\/wp\/v2\/product_tag?post=43252"}],"curies":[{"name":"wp","href":"https:\/\/api.w.org\/{rel}","templated":true}]}}