{"id":43270,"date":"2020-02-26T14:16:28","date_gmt":"2020-02-26T13:16:28","guid":{"rendered":"https:\/\/www.specialscentshop.com\/product\/theatre-de-lenvironnement-olfactif\/"},"modified":"2025-02-16T18:52:35","modified_gmt":"2025-02-16T17:52:35","slug":"theatre-de-lenvironnement-olfactif","status":"publish","type":"product","link":"https:\/\/www.specialscentshop.com\/fr\/produit\/theatre-de-lenvironnement-olfactif\/","title":{"rendered":"Th\u00e9\u00e2tre de l&#8217;environnement olfactif"},"content":{"rendered":"<h2><strong>Effet sur l&#8217;environnement<\/strong><\/h2>\n<p><strong>Th\u00e9\u00e2tre de l&#8217;environnement olfactif<\/strong> , pour comprendre l&#8217;effet de ce parfum sur l&#8217;environnement et son ar\u00f4me, il est n\u00e9cessaire de comprendre ce qu&#8217;est l&#8217;exp\u00e9rience d&#8217;aller au th\u00e9\u00e2tre, un environnement chaleureux et accueillant, con\u00e7u pour mettre les gens \u00e0 l&#8217;aise pendant qu&#8217;ils profitent de la joie d&#8217;un op\u00e9ra.<br \/>\nUn environnement chaleureux et accueillant, con\u00e7u pour mettre les gens \u00e0 l&#8217;aise pendant qu&#8217;ils profitent de la joie d&#8217;un op\u00e9ra. Nous recommandons cette fragrance pour les environnements calmes, les cin\u00e9mas, les spas.<\/p>\n<h2><strong>Caract\u00e9ristiques <\/strong><\/h2>\n<p>L&#8217;exp\u00e9rience du Spectacle, gr\u00e2ce \u00e0 ses <strong>notes olfactives<\/strong>, vous transportera dans le v\u00e9ritable concept de l&#8217;Op\u00e9ra. Un ar\u00f4me qui renferme l&#8217;essence d&#8217;une ambiance unique.<br \/>\nLa lumi\u00e8re tamis\u00e9e, l&#8217;odeur du bois, le rouge des rideaux et des si\u00e8ges ne cr\u00e9ent pas seulement l&#8217;atmosph\u00e8re parfaite, mais ont \u00e9galement un parfum que toute personne ayant \u00e9t\u00e9 au th\u00e9\u00e2tre ne peut oublier. O\u00f9 que vous d\u00e9cidiez d&#8217;utiliser ce parfum, ne manquez pas ce m\u00e9lange innovant.<\/p>\n<p><em>Nous disposons d&#8217;une large gamme de diffuseurs d&#8217;ambiance, dont notre tout nouveau spray <a href=\"https:\/\/www.specialscentshop.com\/fr\/produit\/nebula-diffuseur-dambiance-rechargeable\/\">Nebula<\/a>, qui fonctionne avec la m\u00eame technique d&#8217;atomisation que nos diffuseurs, une solution parfaite et \u00e9conomique pour ceux qui souhaitent tester nos produits avant d&#8217;acheter une plus grande quantit\u00e9 de parfum ou un diffuseur. Le format Nebula est en aluminium, rechargeable et surtout respectueux de l&#8217;environnement. A l&#8217;achat d&#8217;un parfum de 0,250 g de votre choix, vous recevez Nebula gratuitement. Id\u00e9al pour les petites quantit\u00e9s. <\/em><\/p>\n<h2 class=\"p1\"><b>Particuli\u00e8rement adapt\u00e9 pour :<\/b><\/h2>\n<ul>\n<li>Salles de spectacles et th\u00e9\u00e2tres<\/li>\n<li>Salles de projection et cin\u00e9mas<\/li>\n<li>Salles de concerts et de musique live<\/li>\n<li>Salles de conf\u00e9rence et de pr\u00e9sentation<\/li>\n<li>Salles d&#8217;exposition d&#8217;art et mus\u00e9es<\/li>\n<li>Salles pour r\u00e9ceptions et \u00e9v\u00e9nements sp\u00e9ciaux<\/li>\n<li>Salles pour expositions et foires<\/li>\n<li>Salles de r\u00e9union et de conf\u00e9rence<\/li>\n<\/ul>\n<p><em><strong>Lire la suite: <a href=\"https:\/\/www.specialscentshop.com\/fr\/produit\/parfum-dambiance-cuir-et-cuir\/\">Parfum d&#8217;ambiance cuir et cuir<\/a><\/strong><\/em><\/p>\n","protected":false},"excerpt":{"rendered":"<h2><strong>Notes olfactives : notes de c\u0153ur<\/strong><\/h2>\n<p>Pour appr\u00e9cier ce parfum, il faut se replonger dans les notes olfactives des ann\u00e9es 60 et 70, les longs rideaux rouges, les fauteuils en velours opaque et les d\u00e9cors en bois o\u00f9 se trouvaient les lampes \u00e0 la lumi\u00e8re tamis\u00e9e.<br \/>\nUne ambiance unique avec une senteur caract\u00e9ristique et ce parfum reproduit fid\u00e8lement cet ar\u00f4me incroyable.<\/p>\n<p><strong><a href=\"https:\/\/www.specialscentshop.com\/fr\/marketing-olfactif\/\">Marketing olfactif<\/a> pour les amateurs d&#8217;environnements r\u00e9tro<\/strong><\/p>\n","protected":false},"featured_media":48545,"template":"","meta":{"_acf_changed":false},"product_brand":[],"product_cat":[818],"product_tag":[867,904,784,907,785,786],"class_list":{"0":"post-43270","1":"product","2":"type-product","3":"status-publish","4":"has-post-thumbnail","6":"product_cat-parfums-dambiance","7":"product_tag-salles-de-jeux","8":"product_tag-foires-et-evenements","9":"product_tag-domicile","10":"product_tag-parfums-pour-les-foires-commerciales","11":"product_tag-bureau","12":"product_tag-hotel-bb-fr","14":"first","15":"instock","16":"taxable","17":"shipping-taxable","18":"purchasable","19":"product-type-variable"},"acf":[],"_links":{"self":[{"href":"https:\/\/www.specialscentshop.com\/fr\/wp-json\/wp\/v2\/product\/43270","targetHints":{"allow":["GET"]}}],"collection":[{"href":"https:\/\/www.specialscentshop.com\/fr\/wp-json\/wp\/v2\/product"}],"about":[{"href":"https:\/\/www.specialscentshop.com\/fr\/wp-json\/wp\/v2\/types\/product"}],"wp:featuredmedia":[{"embeddable":true,"href":"https:\/\/www.specialscentshop.com\/fr\/wp-json\/wp\/v2\/media\/48545"}],"wp:attachment":[{"href":"https:\/\/www.specialscentshop.com\/fr\/wp-json\/wp\/v2\/media?parent=43270"}],"wp:term":[{"taxonomy":"product_brand","embeddable":true,"href":"https:\/\/www.specialscentshop.com\/fr\/wp-json\/wp\/v2\/product_brand?post=43270"},{"taxonomy":"product_cat","embeddable":true,"href":"https:\/\/www.specialscentshop.com\/fr\/wp-json\/wp\/v2\/product_cat?post=43270"},{"taxonomy":"product_tag","embeddable":true,"href":"https:\/\/www.specialscentshop.com\/fr\/wp-json\/wp\/v2\/product_tag?post=43270"}],"curies":[{"name":"wp","href":"https:\/\/api.w.org\/{rel}","templated":true}]}}