{"id":43288,"date":"2020-06-11T14:57:43","date_gmt":"2020-06-11T12:57:43","guid":{"rendered":"https:\/\/www.specialscentshop.com\/product\/parfums-bois-denvironnement\/"},"modified":"2025-07-20T19:38:45","modified_gmt":"2025-07-20T17:38:45","slug":"parfums-bois-denvironnement","status":"publish","type":"product","link":"https:\/\/www.specialscentshop.com\/fr\/produit\/parfums-bois-denvironnement\/","title":{"rendered":"Parfums Bois d&#8217;environnement"},"content":{"rendered":"<h2><strong>Effet sur l&#8217;environnement<\/strong><\/h2>\n<p>Le <strong>Parfum d&#8217;ambiance bois<\/strong> de Woods de la force et son parfum est particuli\u00e8rement adapt\u00e9 aux lieux de montagne tels que les h\u00f4tels, les chambres d&#8217;h\u00f4tes et les refuges de montagne, mais il n&#8217;est pas d\u00e9daign\u00e9 par les citadins, o\u00f9 l&#8217;on trouve des clubs pittoresques, des centres de bien-\u00eatre et des spas. Le parfum d&#8217;ambiance Woods vous transporte en un instant au c\u0153ur de la nature.<\/p>\n<h2><strong>Caract\u00e9ristiques Parfum d&#8217;ambiance bois de woods:<\/strong><\/h2>\n<p>Le<strong> parfum d&#8217;ambiance bois<\/strong> Woods Ambience cr\u00e9e une atmosph\u00e8re chaleureuse et relaxante. Ses notes de menthe purifient l&#8217;air et le rendent balsamique.<br \/>\nCeux qui connaissent la montagne et qui ont b\u00e9n\u00e9fici\u00e9 de longues promenades sur les sentiers forestiers savent que l&#8217;air frais et non contamin\u00e9 a des effets b\u00e9n\u00e9fiques sur la sant\u00e9.<\/p>\n<p><em>Nous disposons d&#8217;une large gamme de diffuseurs d&#8217;ambiance, dont notre tout nouveau spray <a href=\"https:\/\/www.specialscentshop.com\/fr\/produit\/nebula-diffuseur-dambiance-rechargeable\/\">Nebula<\/a>, qui fonctionne avec la m\u00eame technique d&#8217;atomisation que nos diffuseurs, une solution parfaite et \u00e9conomique pour ceux qui souhaitent tester nos produits avant d&#8217;acheter une plus grande quantit\u00e9 de parfum ou un diffuseur. Le format Nebula est en aluminium, rechargeable et surtout respectueux de l&#8217;environnement. A l&#8217;achat d&#8217;un parfum de 0,250 g de votre choix, vous recevez Nebula gratuitement. Id\u00e9al pour les petites quantit\u00e9s. <\/em><\/p>\n<h2 class=\"p1\"><b>Particuli\u00e8rement adapt\u00e9 pour :<\/b><\/h2>\n<ul>\n<li>Maisons de montagne ou chalets en bois<\/li>\n<li>Salles de bains<\/li>\n<li>Chambres \u00e0 coucher<\/li>\n<li>Salons avec meubles en bois et tissus naturels<\/li>\n<li>Salles \u00e0 manger \u00e0 l&#8217;ambiance rustique<\/li>\n<li>Chambres de jardin ou terrasses ext\u00e9rieures<\/li>\n<li>Bureaux ou salles de r\u00e9union avec une atmosph\u00e8re fra\u00eeche et relaxante<\/li>\n<li>Salles de d\u00e9tente ou de lecture<\/li>\n<li>Salle de yoga ou de m\u00e9ditation<\/li>\n<li>Parcs ou jardins naturels<\/li>\n<\/ul>\n<p>L&#8217;ar\u00f4me frais et bois\u00e9 du parfum de bois peut contribuer \u00e0 cr\u00e9er une atmosph\u00e8re relaxante et fra\u00eeche, \u00e9voquant la nature et la d\u00e9tente. Notez qu&#8217;il ne s&#8217;agit que de suggestions et que l&#8217;ad\u00e9quation de la senteur d\u00e9pend en grande partie des pr\u00e9f\u00e9rences personnelles de chacun.<\/p>\n<p><em><strong>lire la suite : Lavande<\/strong><\/em><\/p>\n","protected":false},"excerpt":{"rendered":"<h2>Notes olfactives : notes de fond<strong><br \/>\n<\/strong><\/h2>\n<p>Le <strong>Parfum d&#8217;ambiance bois de woods<\/strong> se compose de notes olfactives bois\u00e9es qui acqui\u00e8rent en m\u00eame temps de la fra\u00eecheur gr\u00e2ce \u00e0 l&#8217;ar\u00f4me de menthe. Gr\u00e2ce \u00e0 ce m\u00e9lange particuli\u00e8rement puissant, normalement utilis\u00e9 dans les parfums pour hommes, l&#8217;ar\u00f4me est particuli\u00e8rement adapt\u00e9 aux pi\u00e8ces aux caract\u00e9ristiques fortes.<\/p>\n<p><strong>Id\u00e9al pour le <a href=\"https:\/\/www.specialscentshop.com\/fr\/marketing-olfactif\/\">marketing olfactif<\/a><\/strong><\/p>\n<p><strong>CODE UFI : H800-00TR-300A-UGYW<\/strong><\/p>\n","protected":false},"featured_media":48520,"template":"","meta":{"_acf_changed":false},"product_brand":[],"product_cat":[818],"product_tag":[867,904,784,907,786,787],"class_list":{"0":"post-43288","1":"product","2":"type-product","3":"status-publish","4":"has-post-thumbnail","6":"product_cat-parfums-dambiance","7":"product_tag-salles-de-jeux","8":"product_tag-foires-et-evenements","9":"product_tag-domicile","10":"product_tag-parfums-pour-les-foires-commerciales","11":"product_tag-hotel-bb-fr","12":"product_tag-magasins-shopping","14":"first","15":"instock","16":"taxable","17":"shipping-taxable","18":"purchasable","19":"product-type-variable"},"acf":[],"_links":{"self":[{"href":"https:\/\/www.specialscentshop.com\/fr\/wp-json\/wp\/v2\/product\/43288","targetHints":{"allow":["GET"]}}],"collection":[{"href":"https:\/\/www.specialscentshop.com\/fr\/wp-json\/wp\/v2\/product"}],"about":[{"href":"https:\/\/www.specialscentshop.com\/fr\/wp-json\/wp\/v2\/types\/product"}],"wp:featuredmedia":[{"embeddable":true,"href":"https:\/\/www.specialscentshop.com\/fr\/wp-json\/wp\/v2\/media\/48520"}],"wp:attachment":[{"href":"https:\/\/www.specialscentshop.com\/fr\/wp-json\/wp\/v2\/media?parent=43288"}],"wp:term":[{"taxonomy":"product_brand","embeddable":true,"href":"https:\/\/www.specialscentshop.com\/fr\/wp-json\/wp\/v2\/product_brand?post=43288"},{"taxonomy":"product_cat","embeddable":true,"href":"https:\/\/www.specialscentshop.com\/fr\/wp-json\/wp\/v2\/product_cat?post=43288"},{"taxonomy":"product_tag","embeddable":true,"href":"https:\/\/www.specialscentshop.com\/fr\/wp-json\/wp\/v2\/product_tag?post=43288"}],"curies":[{"name":"wp","href":"https:\/\/api.w.org\/{rel}","templated":true}]}}