{"id":43306,"date":"2020-06-11T15:09:08","date_gmt":"2020-06-11T13:09:08","guid":{"rendered":"https:\/\/www.specialscentshop.com\/product\/parfum-sublimo-ambience\/"},"modified":"2025-02-17T12:23:02","modified_gmt":"2025-02-17T11:23:02","slug":"parfum-sublimo-ambience","status":"publish","type":"product","link":"https:\/\/www.specialscentshop.com\/fr\/produit\/parfum-sublimo-ambience\/","title":{"rendered":"Parfum Sublimo Ambience"},"content":{"rendered":"<h2><strong>Effet sur l&#8217;environnement<\/strong><\/h2>\n<p>Le parfum Sublimo nous ram\u00e8ne imm\u00e9diatement \u00e0 la <strong>brise marine<\/strong>, \u00e0 l&#8217;agr\u00e9able sensation de salinit\u00e9, puis \u00e0 la douce odeur de myrte, suivie de l&#8217;agr\u00e9able chaleur du jasmin. Nous recommandons ce parfum pour tous les lieux d&#8217;\u00e9t\u00e9 ou de bord de mer tels que : Bars, restaurants, h\u00f4tels, stations baln\u00e9aires et spas.<\/p>\n<h2><strong>Caract\u00e9ristiques parfum Sublimo Ambience<\/strong><\/h2>\n<p>Laissez-vous porter par les vagues de la mer jusqu&#8217;aux rivages \u00e9cumeux, caress\u00e9s par la brise. Les amoureux de la mer seront agr\u00e9ablement envelopp\u00e9s par ce parfum.<br \/>\nLes notes de myrte et de jasmin accentueront les bienfaits, l&#8217;esprit et le corps en ressentiront les effets b\u00e9n\u00e9fiques.<\/p>\n<p><em>Nous disposons d&#8217;une large gamme de diffuseurs d&#8217;ambiance, dont notre tout nouveau spray<a href=\"https:\/\/www.specialscentshop.com\/fr\/produit\/nebula-diffuseur-dambiance-rechargeable\/\"> Nebula<\/a>, qui fonctionne avec la m\u00eame technique d&#8217;atomisation que nos diffuseurs, une solution parfaite et \u00e9conomique pour ceux qui souhaitent tester nos produits avant d&#8217;acheter une plus grande quantit\u00e9 de parfum ou un diffuseur. Le format Nebula est en aluminium, rechargeable et surtout respectueux de l&#8217;environnement. A l&#8217;achat d&#8217;un parfum de 0,250 g de votre choix, vous recevez Nebula gratuitement. Id\u00e9al pour les petites quantit\u00e9s. <\/em><\/p>\n<h2 class=\"p1\"><b>Particuli\u00e8rement adapt\u00e9 pour :<\/b><\/h2>\n<ul>\n<li>Salles de bains<\/li>\n<li>Chambres \u00e0 coucher<\/li>\n<li>Salons avec mobilier moderne<\/li>\n<li>Salles \u00e0 manger \u00e0 l&#8217;ambiance \u00e9l\u00e9gante<\/li>\n<li>Chambres de jardin ou terrasses ext\u00e9rieures<\/li>\n<li>Bureaux ou salles de r\u00e9union \u00e0 l&#8217;atmosph\u00e8re raffin\u00e9e<\/li>\n<li>Salles de d\u00e9tente ou de lecture<\/li>\n<li>Salle de yoga ou de m\u00e9ditation<\/li>\n<li>Parcs ou jardins modernes<\/li>\n<li>Salles d&#8217;\u00e9v\u00e9nements ou salles de r\u00e9ception, l&#8217;ar\u00f4me \u00e9l\u00e9gant et sophistiqu\u00e9 de Sublimo peut contribuer \u00e0 cr\u00e9er une atmosph\u00e8re raffin\u00e9e et chaleureuse.<\/li>\n<\/ul>\n<p>Notez qu&#8217;il ne s&#8217;agit que de suggestions et que l&#8217;ad\u00e9quation du parfum d\u00e9pend en grande partie des pr\u00e9f\u00e9rences personnelles de chacun.<\/p>\n<p><em><strong>lire la suite : <a href=\"https:\/\/www.specialscentshop.com\/fr\/produit\/bems-ambience-parfum\/\">Bems Environment Perfume<\/a><\/strong><\/em><\/p>\n","protected":false},"excerpt":{"rendered":"<section class=\"av_textblock_section \">\n<div class=\"avia_textblock \">\n<h2><strong>Notes olfactives : notes de t\u00eate, de fond et de c\u0153ur <\/strong><\/h2>\n<p>Sublimo est un<strong> parfum aux notes marines<\/strong>, pour les environnements o\u00f9 il est essentiel de respirer un air bienfaisant. Dans ses notes olfactives, les notes de t\u00eate, les plus d\u00e9licates, pr\u00e9dominent, mais les notes de c\u0153ur et de fond jouent \u00e9galement un r\u00f4le dans le parfum.<\/p>\n<table>\n<tbody>\n<tr>\n<td>\n<p style=\"text-align: center;\"><strong><em>Notes de t\u00eate<\/em><\/strong><\/p>\n<ul>\n<li>Salinit\u00e9<\/li>\n<li>Algues<\/li>\n<li>Notes ozon\u00e9es<\/li>\n<\/ul>\n<\/td>\n<td><em><strong>Notes de c\u0153ur<\/strong><\/em><\/p>\n<ul>\n<li>Myrte<\/li>\n<\/ul>\n<\/td>\n<td><strong><em>Notes de base<\/em><\/strong><\/p>\n<ul>\n<li>Ambre<\/li>\n<li>Jasmin<\/li>\n<\/ul>\n<\/td>\n<\/tr>\n<\/tbody>\n<\/table>\n<p><strong>Parfait pour le <a href=\"https:\/\/www.specialscentshop.com\/fr\/marketing-olfactif\/\">marketing olfactif<\/a><\/strong><\/p>\n<\/div>\n<\/section>\n<section class=\"av_textblock_section \"><\/section>\n","protected":false},"featured_media":48590,"template":"","meta":{"_acf_changed":false},"product_brand":[],"product_cat":[818],"product_tag":[867,903,904,786,906,787,907],"class_list":{"0":"post-43306","1":"product","2":"type-product","3":"status-publish","4":"has-post-thumbnail","6":"product_cat-parfums-dambiance","7":"product_tag-salles-de-jeux","8":"product_tag-environnements-exterieurs","9":"product_tag-foires-et-evenements","10":"product_tag-hotel-bb-fr","11":"product_tag-mariages","12":"product_tag-magasins-shopping","13":"product_tag-parfums-pour-les-foires-commerciales","15":"first","16":"instock","17":"taxable","18":"shipping-taxable","19":"purchasable","20":"product-type-variable"},"acf":[],"_links":{"self":[{"href":"https:\/\/www.specialscentshop.com\/fr\/wp-json\/wp\/v2\/product\/43306","targetHints":{"allow":["GET"]}}],"collection":[{"href":"https:\/\/www.specialscentshop.com\/fr\/wp-json\/wp\/v2\/product"}],"about":[{"href":"https:\/\/www.specialscentshop.com\/fr\/wp-json\/wp\/v2\/types\/product"}],"wp:featuredmedia":[{"embeddable":true,"href":"https:\/\/www.specialscentshop.com\/fr\/wp-json\/wp\/v2\/media\/48590"}],"wp:attachment":[{"href":"https:\/\/www.specialscentshop.com\/fr\/wp-json\/wp\/v2\/media?parent=43306"}],"wp:term":[{"taxonomy":"product_brand","embeddable":true,"href":"https:\/\/www.specialscentshop.com\/fr\/wp-json\/wp\/v2\/product_brand?post=43306"},{"taxonomy":"product_cat","embeddable":true,"href":"https:\/\/www.specialscentshop.com\/fr\/wp-json\/wp\/v2\/product_cat?post=43306"},{"taxonomy":"product_tag","embeddable":true,"href":"https:\/\/www.specialscentshop.com\/fr\/wp-json\/wp\/v2\/product_tag?post=43306"}],"curies":[{"name":"wp","href":"https:\/\/api.w.org\/{rel}","templated":true}]}}