{"id":43333,"date":"2020-06-11T13:53:06","date_gmt":"2020-06-11T11:53:06","guid":{"rendered":"https:\/\/www.specialscentshop.com\/product\/parfum-dambiance-senteurs-dorient\/"},"modified":"2025-07-21T21:20:43","modified_gmt":"2025-07-21T19:20:43","slug":"parfum-dambiance-senteurs-dorient","status":"publish","type":"product","link":"https:\/\/www.specialscentshop.com\/fr\/produit\/parfum-dambiance-senteurs-dorient\/","title":{"rendered":"Oriental"},"content":{"rendered":"<h2><strong>Effet sur l&#8217;environnement<\/strong><\/h2>\n<p>Nous recommandons la<strong> Parfum d&#8217;ambiance oriental<\/strong> dans tous les lieux de d\u00e9tente, les endroits chaleureux et accueillants. Cette fragrance rendra votre centre de bien-\u00eatre, votre spa, votre restaurant, votre centre de massage inoubliable, gr\u00e2ce \u00e0 son ar\u00f4me exotique incomparable.<\/p>\n<h2><strong>Caract\u00e9ristiques Parfum d&#8217;ambiance oriental<\/strong><\/h2>\n<p>Tout le monde ne peut pas garantir un tel parfum de haute qualit\u00e9 et certifi\u00e9. En fait, des experts en la mati\u00e8re testent tous nos parfums. Cette essence ne parfume pas seulement l&#8217;environnement autour de vous, c&#8217;est bien plus qu&#8217;une nouveaut\u00e9, c&#8217;est la chance que vous pouvez donner \u00e0 votre entreprise d&#8217;augmenter votre client\u00e8le. Elle construit un souvenir dans la <strong>m\u00e9moire olfactive<\/strong> de vos invit\u00e9s. Vous vous rendrez vite compte \u00e0 quel point ce parfum peut changer l&#8217;humeur de votre personnel et de vos clients.<\/p>\n<h2 class=\"p1\"><b>Particuli\u00e8rement adapt\u00e9 pour :<\/b><\/h2>\n<ul>\n<li>Salles \u00e0 manger \u00e0 l&#8217;ambiance \u00e9l\u00e9gante<\/li>\n<li>Chambres de jardin ou terrasses ext\u00e9rieures<\/li>\n<li>Bureaux ou salles de r\u00e9union \u00e0 l&#8217;atmosph\u00e8re raffin\u00e9e<\/li>\n<li>Salles de d\u00e9tente ou de lecture<\/li>\n<li>Salle de yoga ou de m\u00e9ditation<\/li>\n<li>Parcs ou jardins \u00e0 l&#8217;atmosph\u00e8re \u00e9l\u00e9gante<\/li>\n<li>Dans les salles d&#8217;\u00e9v\u00e9nements ou de r\u00e9ception, l&#8217;ar\u00f4me sophistiqu\u00e9 et raffin\u00e9 des parfums d&#8217;Orient peut contribuer \u00e0 cr\u00e9er une atmosph\u00e8re \u00e9l\u00e9gante et chaleureuse.<\/li>\n<li>Salle de bain et chambre \u00e0 coucher pour cr\u00e9er une atmosph\u00e8re relaxante et confortable<\/li>\n<li>Dans les spas ou les centres de bien-\u00eatre, l&#8217;ar\u00f4me des parfums d&#8217;Orient peut contribuer \u00e0 cr\u00e9er une atmosph\u00e8re de bien-\u00eatre et de tranquillit\u00e9.<\/li>\n<\/ul>\n<p>Notez qu&#8217;il ne s&#8217;agit que de suggestions et que l&#8217;ad\u00e9quation du parfum d\u00e9pend en grande partie des pr\u00e9f\u00e9rences personnelles de chacun.<\/p>\n<p><em>Nous disposons d&#8217;une large gamme de diffuseurs d&#8217;ambiance, dont notre tout nouveau <strong>spray Nebula<\/strong>, qui fonctionne avec la m\u00eame technique d&#8217;atomisation que nos diffuseurs, une solution parfaite et \u00e9conomique pour ceux qui souhaitent tester nos produits avant d&#8217;acheter une plus grande quantit\u00e9 de parfum ou un diffuseur. Le format <a href=\"https:\/\/www.specialscentshop.com\/fr\/produit\/nebula-diffuseur-dambiance-rechargeable\/\">Nebula<\/a> est en aluminium, rechargeable et surtout respectueux de l&#8217;environnement. A l&#8217;achat d&#8217;un parfum de 0,250 g de votre choix, vous recevez Nebula gratuitement. Id\u00e9al pour les petites quantit\u00e9s.<\/em><\/p>\n<p><em><strong>Lire la suite :<a href=\"https:\/\/www.specialscentshop.com\/fr\/produit\/parfum-dambiance-au-gingembre\/\"> gingembre<\/a><\/strong><\/em><\/p>\n","protected":false},"excerpt":{"rendered":"<h2><strong>Parfum d&#8217;ambiance oriental Notes olfactives<\/strong><\/h2>\n<p>Curcuma, Coriandre, Cardamome, Cannelle, Gingembre, Paprika ne sont que quelques-unes des nombreuses \u00e9pices qui composent ce m\u00e9lange de parfums orientaux. Beaucoup de ces \u00e9pices sont c\u00e9l\u00e8bres pour leur utilisation culinaire, leur go\u00fbt et leur parfum sont uniques et incomparables. C&#8217;est pourquoi Special Scent a d\u00e9cid\u00e9 de proposer un parfum qui repr\u00e9sente l&#8217;union de toutes ces saveurs, \u00e9pices et couleurs dans une cl\u00e9 olfactive. Nous vous donnerons ainsi un avant-go\u00fbt de la complexit\u00e9 et de la beaut\u00e9 de ce parfum.<\/p>\n<p>Les notes olfactives des parfums d&#8217;Orient sont \u00e9pic\u00e9es, plus fortes et durent plus longtemps. Le parfum lib\u00e8re une odeur totalement inattendue pour nos nez et offre une nouvelle exp\u00e9rience avec son contraste sucr\u00e9 et \u00e9pic\u00e9. Si vous voulez vraiment impressionner avec une essence qui reste dans votre m\u00e9moire, le parfum Profumi d&#8217;Oriente est le bon choix !<\/p>\n","protected":false},"featured_media":48615,"template":"","meta":{"_acf_changed":false},"product_brand":[],"product_cat":[818],"product_tag":[904,907,784,786,787],"class_list":{"0":"post-43333","1":"product","2":"type-product","3":"status-publish","4":"has-post-thumbnail","6":"product_cat-parfums-dambiance","7":"product_tag-foires-et-evenements","8":"product_tag-parfums-pour-les-foires-commerciales","9":"product_tag-domicile","10":"product_tag-hotel-bb-fr","11":"product_tag-magasins-shopping","13":"first","14":"instock","15":"taxable","16":"shipping-taxable","17":"purchasable","18":"product-type-variable"},"acf":[],"_links":{"self":[{"href":"https:\/\/www.specialscentshop.com\/fr\/wp-json\/wp\/v2\/product\/43333","targetHints":{"allow":["GET"]}}],"collection":[{"href":"https:\/\/www.specialscentshop.com\/fr\/wp-json\/wp\/v2\/product"}],"about":[{"href":"https:\/\/www.specialscentshop.com\/fr\/wp-json\/wp\/v2\/types\/product"}],"wp:featuredmedia":[{"embeddable":true,"href":"https:\/\/www.specialscentshop.com\/fr\/wp-json\/wp\/v2\/media\/48615"}],"wp:attachment":[{"href":"https:\/\/www.specialscentshop.com\/fr\/wp-json\/wp\/v2\/media?parent=43333"}],"wp:term":[{"taxonomy":"product_brand","embeddable":true,"href":"https:\/\/www.specialscentshop.com\/fr\/wp-json\/wp\/v2\/product_brand?post=43333"},{"taxonomy":"product_cat","embeddable":true,"href":"https:\/\/www.specialscentshop.com\/fr\/wp-json\/wp\/v2\/product_cat?post=43333"},{"taxonomy":"product_tag","embeddable":true,"href":"https:\/\/www.specialscentshop.com\/fr\/wp-json\/wp\/v2\/product_tag?post=43333"}],"curies":[{"name":"wp","href":"https:\/\/api.w.org\/{rel}","templated":true}]}}