{"id":43342,"date":"2023-08-30T16:15:59","date_gmt":"2023-08-30T14:15:59","guid":{"rendered":"https:\/\/www.specialscentshop.com\/product\/parfum-dambiance-pino-silvestre\/"},"modified":"2026-03-27T05:38:02","modified_gmt":"2026-03-27T04:38:02","slug":"parfum-dambiance-pino-silvestre","status":"publish","type":"product","link":"https:\/\/www.specialscentshop.com\/fr\/produit\/parfum-dambiance-pino-silvestre\/","title":{"rendered":"Pin sylvestre"},"content":{"rendered":"<div class=\"av-special-heading av-special-heading-h3 custom-color-heading blockquote modern-quote avia-builder-el-29 el_before_av_textblock avia-builder-el-first av-inherit-size \">\n<h2><strong>Effet sur l&#8217;environnement<\/strong><\/h2>\n<p>Parfum ambiance<strong> Pin sylvestre<\/strong>\u00a0Vous n&#8217;avez plus \u00e0 craindre la fatigue et le stress car cette essence rend votre environnement relaxant et rajeunissant.<\/p>\n<p>Elle est recommand\u00e9e pour les h\u00f4tels de montagne, surtout en hiver, pour les centres de bien-\u00eatre et les spas. Il n&#8217;a jamais \u00e9t\u00e9 aussi facile de faire entrer la nature dans votre maison gr\u00e2ce \u00e0 nos<strong>diffuseurs de senteurs<\/strong>. Le parfum du pin sylvestre aide \u00e0 purifier votre environnement et \u00e0 reconnecter votre esprit \u00e0 votre corps.<\/p>\n<h2><strong>Caract\u00e9ristiques Parfum ambiance Pin sylvestre<\/strong><\/h2>\n<p>Le <strong>parfum d&#8217;ambiance au pin sylvestre<\/strong> poss\u00e8de des propri\u00e9t\u00e9s th\u00e9rapeutiques uniques. Les extraits de <a href=\"https:\/\/it.wikipedia.org\/wiki\/Pinus_sylvestris\" target=\"_blank\" rel=\"noopener\">pin sylvestre<\/a> ont toujours \u00e9t\u00e9 inhal\u00e9s pour soulager les probl\u00e8mes respiratoires. Il s&#8217;agit d&#8217;un rem\u00e8de naturel pr\u00e9sent dans notre culture depuis de nombreuses ann\u00e9es. Les parfums acqui\u00e8rent les m\u00eames caract\u00e9ristiques lorsqu&#8217;ils sont diffus\u00e9s dans l&#8217;environnement.<\/p>\n<p><strong><em>Nous disposons d&#8217;une large gamme de <a href=\"https:\/\/www.specialscentshop.com\/fr\/diffuseurs-dambiance\/\">diffuseurs d&#8217;ambiance<\/a>, dont notre tout nouveau spray <a href=\"https:\/\/www.specialscentshop.com\/fr\/produit\/nebula-diffuseur-dambiance-rechargeable\/\">Nebula<\/a>, qui fonctionne avec la m\u00eame technique d&#8217;atomisation que nos diffuseurs, une solution parfaite et \u00e9conomique pour ceux qui souhaitent tester nos produits avant d&#8217;acheter une plus grande quantit\u00e9 de parfum ou un diffuseur. Le format Nebula est en aluminium, rechargeable et surtout respectueux de l&#8217;environnement. A l&#8217;achat d&#8217;un parfum de 0,250 g de votre choix, vous recevez Nebula gratuitement. Id\u00e9al pour les petites quantit\u00e9s. <\/em><\/strong><\/p>\n<p><em><strong>en savoir plus : <a href=\"https:\/\/www.specialscentshop.com\/fr\/diffuseurs-dambiance\/\">Aloe<\/a><\/strong><\/em><\/p>\n<\/div>\n","protected":false},"excerpt":{"rendered":"<p>Le <strong>Parfum ambiance Pin sylvestre<\/strong>\u00a0est un grand arbre \u00e0 feuilles persistantes, originaire d&#8217;Europe et d&#8217;Asie du Nord, qui peut atteindre jusqu&#8217;\u00e0 40 m\u00e8tres de haut. Les feuilles persistantes sont des aiguilles de 3 \u00e0 5 cm de long en moyenne, d&#8217;un vert glauque, torsad\u00e9es et dot\u00e9es d&#8217;une gaine brun\u00e2tre \u00e0 la base.<br \/>\nChez les Assyriens, il \u00e9tait consid\u00e9r\u00e9 comme le &#8220;gardien de la vie&#8221;. Le pin a toujours \u00e9t\u00e9 consid\u00e9r\u00e9 comme un symbole de virilit\u00e9 et un arbre de vie, \u00e0 tel point que dans la mythologie grecque, le pin n&#8217;est autre qu&#8217;Attis, le serviteur eunuque qui conduit le char de la d\u00e9esse Cyb\u00e8le et qui a \u00e9t\u00e9 transform\u00e9 par Zeus en pin en l&#8217;honneur de son sacrifice.<br \/>\nPeut-\u00eatre l&#8217;un des parfums les plus connus et les plus populaires, le parfum du pin sylvestre, dans le contexte de l&#8217;exp\u00e9rience olfactive, donne une impulsion \u00e0 la sensation d&#8217;impression et de grandeur. Le pin sylvestre est imposant et magnifique et, gr\u00e2ce \u00e0 ses grandes branches, il offre un abri \u00e0 de nombreux animaux en toute saison. C&#8217;est pr\u00e9cis\u00e9ment pour cette raison qu&#8217;il est associ\u00e9 \u00e0 la figure du p\u00e8re, qui apporte s\u00e9curit\u00e9 et tranquillit\u00e9.<\/p>\n","protected":false},"featured_media":47668,"template":"","meta":{"_acf_changed":false},"product_brand":[],"product_cat":[818,914],"product_tag":[1166],"class_list":{"0":"post-43342","1":"product","2":"type-product","3":"status-publish","4":"has-post-thumbnail","6":"product_cat-parfums-dambiance","7":"product_cat-parfums-de-noel","8":"product_tag-parfums-de-noel","10":"first","11":"instock","12":"taxable","13":"shipping-taxable","14":"purchasable","15":"product-type-variable"},"acf":[],"_links":{"self":[{"href":"https:\/\/www.specialscentshop.com\/fr\/wp-json\/wp\/v2\/product\/43342","targetHints":{"allow":["GET"]}}],"collection":[{"href":"https:\/\/www.specialscentshop.com\/fr\/wp-json\/wp\/v2\/product"}],"about":[{"href":"https:\/\/www.specialscentshop.com\/fr\/wp-json\/wp\/v2\/types\/product"}],"wp:featuredmedia":[{"embeddable":true,"href":"https:\/\/www.specialscentshop.com\/fr\/wp-json\/wp\/v2\/media\/47668"}],"wp:attachment":[{"href":"https:\/\/www.specialscentshop.com\/fr\/wp-json\/wp\/v2\/media?parent=43342"}],"wp:term":[{"taxonomy":"product_brand","embeddable":true,"href":"https:\/\/www.specialscentshop.com\/fr\/wp-json\/wp\/v2\/product_brand?post=43342"},{"taxonomy":"product_cat","embeddable":true,"href":"https:\/\/www.specialscentshop.com\/fr\/wp-json\/wp\/v2\/product_cat?post=43342"},{"taxonomy":"product_tag","embeddable":true,"href":"https:\/\/www.specialscentshop.com\/fr\/wp-json\/wp\/v2\/product_tag?post=43342"}],"curies":[{"name":"wp","href":"https:\/\/api.w.org\/{rel}","templated":true}]}}