{"id":43361,"date":"2020-06-09T15:38:49","date_gmt":"2020-06-09T13:38:49","guid":{"rendered":"https:\/\/www.specialscentshop.com\/product\/parfum-dambiance-cuir-et-cuir\/"},"modified":"2025-07-20T20:26:42","modified_gmt":"2025-07-20T18:26:42","slug":"parfum-dambiance-cuir-et-cuir","status":"publish","type":"product","link":"https:\/\/www.specialscentshop.com\/fr\/produit\/parfum-dambiance-cuir-et-cuir\/","title":{"rendered":"Parfum d&#8217;ambiance cuir et cuir"},"content":{"rendered":"<section class=\"av_textblock_section \">\n<div class=\"avia_textblock \">\n<h2><strong>Effet sur l&#8217;environnement<\/strong><\/h2>\n<p>Une essence con\u00e7ue pour tous les magasins et environnements o\u00f9 vous souhaitez am\u00e9liorer l&#8217;odeur du cuir et de la peau, tels que les showrooms, les boutiques de chaussures et les magasins de v\u00eatements en cuir : Showrooms, boutiques de chaussures et magasins de v\u00eatements en cuir. N&#8217;oublions pas que le marketing olfactif est aujourd&#8217;hui le nouveau moyen de fid\u00e9liser les clients et de les faire revenir dans votre magasin.<\/p>\n<h2><strong>Caract\u00e9ristiques Parfum d&#8217;Ambiance Cuir<\/strong><\/h2>\n<p>La v\u00e9ritable \u00e9l\u00e9gance r\u00e9side dans le cuir Tout le monde n&#8217;est pas conscient de l&#8217;importance de la m\u00e9moire olfactive pour les clients, Specialscent assure un rendement que vous ne pouvez pas obtenir avec d&#8217;autres m\u00e9thodes. L&#8217;odeur du cuir est g\u00e9n\u00e9ralement port\u00e9e par des accessoires ou des v\u00eatements, alors que nous l&#8217;offrons dans une cl\u00e9 olfactive, comme un v\u00e9ritable parfum \u00e0 partager dans un lieu.<br \/>\nTout le monde ne choisit pas ce type de parfum, car les notes olfactives sont <strong>particuli\u00e8rement intenses.<\/strong><\/p>\n<p>Cependant, m\u00eame les plus grands designers disent que l&#8217;odeur du cuir chez l&#8217;homme est synonyme d&#8217;une personnalit\u00e9 forte et confiante. C&#8217;est exactement ce que Specialscent veut transmettre avec ce parfum. Choisissez parmi la large gamme de diffuseurs celui qui convient le mieux \u00e0 votre environnement et rappelez-vous que notre personnel est toujours disponible pour toute question et demande.<\/p>\n<p><em>Nous disposons d&#8217;une large gamme de diffuseurs d&#8217;ambiance, dont notre tout nouveau spray <a href=\"https:\/\/www.specialscentshop.com\/fr\/produit\/nebula-diffuseur-dambiance-rechargeable\/\">Nebula<\/a>, qui fonctionne avec la m\u00eame technique d&#8217;atomisation que nos diffuseurs, une solution parfaite et \u00e9conomique pour ceux qui souhaitent tester nos produits avant d&#8217;acheter une plus grande quantit\u00e9 de parfum ou un diffuseur. Le format Nebula est en aluminium, rechargeable et surtout respectueux de l&#8217;environnement. A l&#8217;achat d&#8217;un parfum de 0,250 g de votre choix, vous recevez Nebula gratuitement. Id\u00e9al pour les petites quantit\u00e9s. <\/em><\/p>\n<\/div>\n<\/section>\n<h2 class=\"p1\"><b>Particuli\u00e8rement adapt\u00e9 pour :<\/b><\/h2>\n<p>Voici une liste d&#8217;environnements dans lesquels le parfum Pelle e Cuoio pourrait convenir :<\/p>\n<ul>\n<li>Manifestations sportives<\/li>\n<li>Retraites de travail<\/li>\n<li>Randonn\u00e9e et aventures en plein air<\/li>\n<li>Motorrad<\/li>\n<li>soir\u00e9es au bar ou au pub<\/li>\n<li>F\u00eates informelles<\/li>\n<li>Voyager en camping-car<\/li>\n<li>\u00c9v\u00e9nements musicaux en direct<\/li>\n<li>Rendez-vous avec des amis<\/li>\n<li>Soir\u00e9es en ville<\/li>\n<li class=\"li1\">Restaurants, clubs, magasins et grandes salles<\/li>\n<\/ul>\n<p><em><strong>Lire la suite : <a href=\"https:\/\/www.specialscentshop.com\/fr\/produit\/boreko\/\">Boreko<\/a><\/strong><\/em><\/p>\n","protected":false},"excerpt":{"rendered":"<section class=\"av_textblock_section \">\n<div class=\"avia_textblock \">\n<h2><strong>Notes olfactives : notes de fond<\/strong><\/h2>\n<p>Les premiers parfums \u00e0 base de cuir remontent \u00e0 pr\u00e8s de cent ans. Ils \u00e9taient fabriqu\u00e9s en infusant des coupes de cuir tann\u00e9 et des \u00e9corces. Aujourd&#8217;hui, ce parfum est consid\u00e9r\u00e9 comme l&#8217;un des plus intenses et des plus caract\u00e9ristiques, et il est largement utilis\u00e9 dans les magasins qui proposent des articles en cuir, en cuir et des articles pour hommes. En parfumerie, il est g\u00e9n\u00e9ralement utilis\u00e9 pour les parfums masculins, bien qu&#8217;une ligne de produits ait r\u00e9cemment \u00e9t\u00e9 cr\u00e9\u00e9e pour les femmes \u00e0 partir de ces notes olfactives. Ses notes de fond sont parmi les derni\u00e8res de la pyramide olfactive, pr\u00e9cis\u00e9ment parce qu&#8217;elles restent plus longtemps dans l&#8217;air. Le<a href=\"https:\/\/www.specialscentshop.com\/fr\/marketing-olfactif\/\"> marketing olfactif<\/a> est un excellent alli\u00e9 pour votre entreprise<\/p>\n<\/div>\n<\/section>\n","protected":false},"featured_media":49018,"template":"","meta":{"_acf_changed":false},"product_brand":[],"product_cat":[818],"product_tag":[904,907,784,787],"class_list":{"0":"post-43361","1":"product","2":"type-product","3":"status-publish","4":"has-post-thumbnail","6":"product_cat-parfums-dambiance","7":"product_tag-foires-et-evenements","8":"product_tag-parfums-pour-les-foires-commerciales","9":"product_tag-domicile","10":"product_tag-magasins-shopping","12":"first","13":"instock","14":"taxable","15":"shipping-taxable","16":"purchasable","17":"product-type-variable"},"acf":[],"_links":{"self":[{"href":"https:\/\/www.specialscentshop.com\/fr\/wp-json\/wp\/v2\/product\/43361","targetHints":{"allow":["GET"]}}],"collection":[{"href":"https:\/\/www.specialscentshop.com\/fr\/wp-json\/wp\/v2\/product"}],"about":[{"href":"https:\/\/www.specialscentshop.com\/fr\/wp-json\/wp\/v2\/types\/product"}],"wp:featuredmedia":[{"embeddable":true,"href":"https:\/\/www.specialscentshop.com\/fr\/wp-json\/wp\/v2\/media\/49018"}],"wp:attachment":[{"href":"https:\/\/www.specialscentshop.com\/fr\/wp-json\/wp\/v2\/media?parent=43361"}],"wp:term":[{"taxonomy":"product_brand","embeddable":true,"href":"https:\/\/www.specialscentshop.com\/fr\/wp-json\/wp\/v2\/product_brand?post=43361"},{"taxonomy":"product_cat","embeddable":true,"href":"https:\/\/www.specialscentshop.com\/fr\/wp-json\/wp\/v2\/product_cat?post=43361"},{"taxonomy":"product_tag","embeddable":true,"href":"https:\/\/www.specialscentshop.com\/fr\/wp-json\/wp\/v2\/product_tag?post=43361"}],"curies":[{"name":"wp","href":"https:\/\/api.w.org\/{rel}","templated":true}]}}