{"id":43398,"date":"2020-06-09T15:20:31","date_gmt":"2020-06-09T13:20:31","guid":{"rendered":"https:\/\/www.specialscentshop.com\/product\/parfum-dambiance-musc-blanc\/"},"modified":"2025-07-25T21:25:23","modified_gmt":"2025-07-25T19:25:23","slug":"parfum-dambiance-musc-blanc","status":"publish","type":"product","link":"https:\/\/www.specialscentshop.com\/fr\/produit\/parfum-dambiance-musc-blanc\/","title":{"rendered":"Musc blanc"},"content":{"rendered":"<h2><strong>Effet sur l&#8217;environnement<\/strong><\/h2>\n<p>Les parfumeries du monde entier utilisent cette fragrance comme base pour les parfums masculins. Il s&#8217;impr\u00e8gne rapidement dans votre environnement, le rendant plus frais et plus accueillant.<\/p>\n<p>Ses notes presque bois\u00e9es, mais fra\u00eeches, donnent9 une combinaison id\u00e9ale pour \u00e9gayer vos invit\u00e9s. Nous recommandons ce parfum pour des environnements tels que les halls d&#8217;h\u00f4tel, les SPA, les centres de bien-\u00eatre ou les clubs de montagne. L&#8217;<strong>odeur de musc blanc<\/strong> transmet toutes les \u00e9motions de la nature, que l&#8217;on peut facilement appr\u00e9cier en inhalant profond\u00e9ment cette merveilleuse fragrance.<br \/>\nNous disposons d&#8217;une large gamme de diffuseurs d&#8217;ambiance, dont notre tout nouveau spray &#8216;nebula&#8217; qui fonctionne avec la m\u00eame technique d&#8217;atomisation que nos diffuseurs, une solution parfaite et \u00e9conomique pour ceux qui souhaitent tester nos produits avant d&#8217;acheter une machine. Le format nebula est en aluminium, rechargeable et surtout respectueux de l&#8217;environnement. Id\u00e9al pour les petites quantit\u00e9s de produits.<\/p>\n<h2><strong>Caract\u00e9ristiques Parfume d&#8217;ambiance Musc Blanc<\/strong><\/h2>\n<p>Le<strong> Parfum d&#8217;ambiance musc blanc<\/strong> a des origines tr\u00e8s anciennes. Il \u00e9tait extrait des glandes d&#8217;une esp\u00e8ce particuli\u00e8re de cerf musqu\u00e9, d&#8217;o\u00f9 le nom de la fragrance, pour en faire une pommade m\u00e9dicinale.<br \/>\nPlus tard, heureusement pour nous, les savants et les chercheurs dans ce domaine ont pu reproduire fid\u00e8lement cet ar\u00f4me agr\u00e9able avec diff\u00e9rents types d&#8217;herbes, et aujourd&#8217;hui il peut \u00eatre consid\u00e9r\u00e9 comme un parfum unique. Specialscent est fier d&#8217;offrir des parfums qui aident de nombreuses entreprises \u00e0 accro\u00eetre leurs activit\u00e9s et en m\u00eame temps \u00e0 rendre leur environnement accueillant pour le personnel travaillant de longues heures dans les magasins et les bureaux.<\/p>\n<p><em>Nous disposons d&#8217;une large gamme de diffuseurs d&#8217;ambiance, dont notre tout nouveau spray <a href=\"https:\/\/www.specialscentshop.com\/fr\/produit\/nebula-diffuseur-dambiance-rechargeable\/\">Nebula<\/a>, qui fonctionne avec la m\u00eame technique d&#8217;atomisation que nos diffuseurs, une solution parfaite et \u00e9conomique pour ceux qui souhaitent tester nos produits avant d&#8217;acheter une plus grande quantit\u00e9 de parfum ou un diffuseur. Le format Nebula est en aluminium, rechargeable et surtout respectueux de l&#8217;environnement. A l&#8217;achat d&#8217;un parfum de 0,250 g de votre choix, vous recevez Nebula gratuitement. Id\u00e9al pour les petites quantit\u00e9s. <\/em><\/p>\n<h2><strong>Particuli\u00e8rement adapt\u00e9 pour : <\/strong><\/h2>\n<ul>\n<li>Chambre \u00e0 coucher : la mousse blanche a des propri\u00e9t\u00e9s relaxantes qui peuvent aider \u00e0 cr\u00e9er une atmosph\u00e8re paisible et confortable pour le sommeil.<\/li>\n<li>Salon : le parfum de musc blanc peut contribuer \u00e0 cr\u00e9er une atmosph\u00e8re douillette et confortable pour se d\u00e9tendre.<\/li>\n<li>Bain : le parfum de musc blanc peut aider \u00e0 cr\u00e9er une atmosph\u00e8re relaxante et paisible pour un bain apaisant.<\/li>\n<li>\u00c9tude : le parfum de musc blanc peut aider \u00e0 cr\u00e9er une atmosph\u00e8re calme et concentr\u00e9e pour le travail ou l&#8217;\u00e9tude.<\/li>\n<li>Salle de m\u00e9ditation\/yoga : le parfum de musc blanc peut aider \u00e0 cr\u00e9er une atmosph\u00e8re paisible et relaxante pour la m\u00e9ditation ou le yoga.<\/li>\n<li>Spa\/centres de bien-\u00eatre : le parfum de musc blanc peut contribuer \u00e0 cr\u00e9er une atmosph\u00e8re relaxante et paisible pour une s\u00e9ance de bien-\u00eatre.<\/li>\n<li>Salle de massage : la senteur de musc blanc peut aider \u00e0 cr\u00e9er une atmosph\u00e8re relaxante et paisible pour une s\u00e9ance de massage.<\/li>\n<li>Salles de bal : le parfum musc blanc peut aider \u00e0 cr\u00e9er une atmosph\u00e8re romantique et sensuelle pour une soir\u00e9e dans une salle de bal.<\/li>\n<\/ul>\n<p><em><strong>en savoir plus : <a href=\"https:\/\/www.specialscentshop.com\/fr\/produit\/parfum-dambiance-baies-sauvages\/\">parfum d&#8217;ambiance Baies sauvages<\/a><\/strong><\/em><\/p>\n","protected":false},"excerpt":{"rendered":"<h2><strong>Notes olfactives : notes de fond<\/strong><\/h2>\n<p>La fragrance reproduit fid\u00e8lement l&#8217;odeur du Musc Blanc. Les notes olfactives de fond diffusent d&#8217;abord une fra\u00eecheur d\u00e9licate, puis se terminent par une tonalit\u00e9 plus intense, offrant une touche d&#8217;\u00e9l\u00e9gance \u00e0 l&#8217;ambiance. Il s&#8217;agit donc d&#8217;un parfum qui n&#8217;est pas envahissant pour l&#8217;odorat, mais qui laisse un doux souvenir de l&#8217;endroit o\u00f9 il est per\u00e7u.<\/p>\n<p><strong>Un parfum sp\u00e9cial pour un <a href=\"https:\/\/www.specialscentshop.com\/fr\/marketing-olfactif\/\">marketing olfactif<\/a> unique<\/strong><\/p>\n","protected":false},"featured_media":48918,"template":"","meta":{"_acf_changed":false},"product_brand":[],"product_cat":[818],"product_tag":[870,784,902,785,903,786,904,787,906,907,917],"class_list":{"0":"post-43398","1":"product","2":"type-product","3":"status-publish","4":"has-post-thumbnail","6":"product_cat-parfums-dambiance","7":"product_tag-cabinets-medicaux-cliniques","8":"product_tag-domicile","9":"product_tag-condominiums","10":"product_tag-bureau","11":"product_tag-environnements-exterieurs","12":"product_tag-hotel-bb-fr","13":"product_tag-foires-et-evenements","14":"product_tag-magasins-shopping","15":"product_tag-mariages","16":"product_tag-parfums-pour-les-foires-commerciales","17":"product_tag-parfums-pour-cabinets-medicaux-cliniques","19":"first","20":"instock","21":"taxable","22":"shipping-taxable","23":"purchasable","24":"product-type-variable"},"acf":[],"_links":{"self":[{"href":"https:\/\/www.specialscentshop.com\/fr\/wp-json\/wp\/v2\/product\/43398","targetHints":{"allow":["GET"]}}],"collection":[{"href":"https:\/\/www.specialscentshop.com\/fr\/wp-json\/wp\/v2\/product"}],"about":[{"href":"https:\/\/www.specialscentshop.com\/fr\/wp-json\/wp\/v2\/types\/product"}],"wp:featuredmedia":[{"embeddable":true,"href":"https:\/\/www.specialscentshop.com\/fr\/wp-json\/wp\/v2\/media\/48918"}],"wp:attachment":[{"href":"https:\/\/www.specialscentshop.com\/fr\/wp-json\/wp\/v2\/media?parent=43398"}],"wp:term":[{"taxonomy":"product_brand","embeddable":true,"href":"https:\/\/www.specialscentshop.com\/fr\/wp-json\/wp\/v2\/product_brand?post=43398"},{"taxonomy":"product_cat","embeddable":true,"href":"https:\/\/www.specialscentshop.com\/fr\/wp-json\/wp\/v2\/product_cat?post=43398"},{"taxonomy":"product_tag","embeddable":true,"href":"https:\/\/www.specialscentshop.com\/fr\/wp-json\/wp\/v2\/product_tag?post=43398"}],"curies":[{"name":"wp","href":"https:\/\/api.w.org\/{rel}","templated":true}]}}