{"id":43418,"date":"2020-06-11T15:23:07","date_gmt":"2020-06-11T13:23:07","guid":{"rendered":"https:\/\/www.specialscentshop.com\/product\/marijuana-environnement-parfum\/"},"modified":"2025-07-25T21:45:21","modified_gmt":"2025-07-25T19:45:21","slug":"marijuana-environnement-parfum","status":"publish","type":"product","link":"https:\/\/www.specialscentshop.com\/fr\/produit\/marijuana-environnement-parfum\/","title":{"rendered":"Marijuana Environnement Parfum"},"content":{"rendered":"<h2><strong>Effet sur l&#8217;environnement<\/strong><\/h2>\n<p>Le <strong>Marijuana Parfum d&#8217;environnement<\/strong>\u00a0se r\u00e9pand rapidement dans l&#8217;environnement, cr\u00e9ant un lien avec la nature et son odeur rappelle les terres orientales. Bien que l&#8217;ar\u00f4me de Marijuana soit intense, l&#8217;atmosph\u00e8re qu&#8217;il cr\u00e9e est douce, chaleureuse et d\u00e9tend le corps et l&#8217;esprit. Une fois essay\u00e9, vous n&#8217;oublierez jamais l&#8217;effet relaxant qu&#8217;il produit.<\/p>\n<h2><strong>Caract\u00e9ristiques\u00a0<\/strong><\/h2>\n<p>Ce type de parfum n&#8217;est pas une simple mode, mais une v\u00e9ritable panac\u00e9e pour le corps et l&#8217;esprit. Pendant plusieurs ann\u00e9es, l&#8217;usage r\u00e9cr\u00e9atif de la marijuana a \u00e9t\u00e9 fortement critiqu\u00e9 dans les m\u00e9dias et les r\u00e9seaux sociaux du monde entier.<br \/>\nCes derni\u00e8res ann\u00e9es, cette tendance a profond\u00e9ment chang\u00e9, tout comme les produits disponibles avec ces substances. Les<a href=\"https:\/\/it.wikipedia.org\/wiki\/Note_olfattive\" target=\"_blank\" rel=\"noopener\">notes olfactives<\/a> du parfum <strong>Marijuana Ambiance<\/strong> sont bois\u00e9es et fortes, mais ne g\u00eanent pas l&#8217;odorat. Si vous fermez les yeux et respirez profond\u00e9ment, vous avez la sensation d&#8217;\u00eatre au milieu d&#8217;une for\u00eat.<\/p>\n<p><strong>Gr\u00e2ce \u00e0 sa grande polyvalence, il peut \u00eatre utilis\u00e9 dans diff\u00e9rents environnements et est \u00e0 la port\u00e9e de tous. C&#8217;est un parfum \u00e9quilibr\u00e9 qui ne lasse ni n&#8217;ennuie jamais.<br \/>\n<\/strong><\/p>\n<p><em>Nous disposons d&#8217;une large gamme de diffuseurs d&#8217;ambiance, dont notre tout nouveau spray <a href=\"https:\/\/www.specialscentshop.com\/fr\/produit\/nebula-diffuseur-dambiance-rechargeable\/\">Nebula<\/a>, qui fonctionne avec la m\u00eame technique d&#8217;atomisation que nos diffuseurs, une solution parfaite et \u00e9conomique pour ceux qui souhaitent tester nos produits avant d&#8217;acheter une plus grande quantit\u00e9 de parfum ou un diffuseur. Le format Nebula est en aluminium, rechargeable et surtout respectueux de l&#8217;environnement. A l&#8217;achat d&#8217;un parfum de 0,250 g de votre choix, vous recevez Nebula gratuitement. Id\u00e9al pour les petites quantit\u00e9s. A l&#8217;achat d&#8217;un parfum de 0,250 g de votre choix, vous recevrez gratuitement Nebula. Id\u00e9al pour les petites quantit\u00e9s. <\/em><\/p>\n<h2><strong>Particuli\u00e8rement adapt\u00e9 pour :<\/strong><\/h2>\n<ul>\n<li>Chambres \u00e0 coucher pour cr\u00e9er une atmosph\u00e8re relaxante et paisible<\/li>\n<li>Salles d&#8217;attente pour les cliniques, les cabinets m\u00e9dicaux, les dentistes.<\/li>\n<li>Des salles de relaxation ou des salles de lecture et de yoga pour cr\u00e9er une atmosph\u00e8re de d\u00e9tente et de confort.<\/li>\n<li>des salles de jardin ou des terrasses ext\u00e9rieures pour cr\u00e9er une atmosph\u00e8re fra\u00eeche et relaxante<\/li>\n<li>Des salons pour cr\u00e9er une atmosph\u00e8re confortable et chaleureuse<\/li>\n<li>Bureaux ou salles de r\u00e9union pour cr\u00e9er une atmosph\u00e8re relaxante et productive<\/li>\n<li>Magasins ou locaux<\/li>\n<\/ul>\n<p><em><strong>Lire la suite : <a href=\"https:\/\/www.specialscentshop.com\/de\/produkt\/cannabis-ambiance-parfuem\/\">Environnement olfactif Cannabis<\/a><\/strong><\/em><\/p>\n","protected":false},"excerpt":{"rendered":"<section class=\"av_textblock_section \">\n<div class=\"avia_textblock \">\n<h2><strong>Notes olfactives Parfum de chambre Marjuana : notes de t\u00eate<\/strong><\/h2>\n<p>Marijuana Ambient Scent est un parfum aux notes fortes qui convient aux lieux de travail, aux magasins de v\u00eatements, aux gymnases, aux centres de bien-\u00eatre et \u00e0 tout endroit o\u00f9 la tranquillit\u00e9 doit se r\u00e9pandre et cr\u00e9er une oasis de paix. Le parfum a des notes bois\u00e9es qui tendent \u00e0 stimuler le corps sans irriter les r\u00e9cepteurs olfactifs.<\/p>\n<\/div>\n<\/section>\n","protected":false},"featured_media":43419,"template":"","meta":{"_acf_changed":false},"product_brand":[],"product_cat":[818],"product_tag":[867,870,784,903,787,904,788,906,907,917],"class_list":{"0":"post-43418","1":"product","2":"type-product","3":"status-publish","4":"has-post-thumbnail","6":"product_cat-parfums-dambiance","7":"product_tag-salles-de-jeux","8":"product_tag-cabinets-medicaux-cliniques","9":"product_tag-domicile","10":"product_tag-environnements-exterieurs","11":"product_tag-magasins-shopping","12":"product_tag-foires-et-evenements","13":"product_tag-restaurants-et-bars","14":"product_tag-mariages","15":"product_tag-parfums-pour-les-foires-commerciales","16":"product_tag-parfums-pour-cabinets-medicaux-cliniques","18":"first","19":"instock","20":"taxable","21":"shipping-taxable","22":"purchasable","23":"product-type-variable"},"acf":[],"_links":{"self":[{"href":"https:\/\/www.specialscentshop.com\/fr\/wp-json\/wp\/v2\/product\/43418","targetHints":{"allow":["GET"]}}],"collection":[{"href":"https:\/\/www.specialscentshop.com\/fr\/wp-json\/wp\/v2\/product"}],"about":[{"href":"https:\/\/www.specialscentshop.com\/fr\/wp-json\/wp\/v2\/types\/product"}],"wp:featuredmedia":[{"embeddable":true,"href":"https:\/\/www.specialscentshop.com\/fr\/wp-json\/wp\/v2\/media\/43419"}],"wp:attachment":[{"href":"https:\/\/www.specialscentshop.com\/fr\/wp-json\/wp\/v2\/media?parent=43418"}],"wp:term":[{"taxonomy":"product_brand","embeddable":true,"href":"https:\/\/www.specialscentshop.com\/fr\/wp-json\/wp\/v2\/product_brand?post=43418"},{"taxonomy":"product_cat","embeddable":true,"href":"https:\/\/www.specialscentshop.com\/fr\/wp-json\/wp\/v2\/product_cat?post=43418"},{"taxonomy":"product_tag","embeddable":true,"href":"https:\/\/www.specialscentshop.com\/fr\/wp-json\/wp\/v2\/product_tag?post=43418"}],"curies":[{"name":"wp","href":"https:\/\/api.w.org\/{rel}","templated":true}]}}