{"id":43478,"date":"2020-06-09T15:14:54","date_gmt":"2020-06-09T13:14:54","guid":{"rendered":"https:\/\/www.specialscentshop.com\/product\/parfum-dambiance-fleur-de-mer\/"},"modified":"2025-07-26T20:56:23","modified_gmt":"2025-07-26T18:56:23","slug":"parfum-dambiance-fleur-de-mer","status":"publish","type":"product","link":"https:\/\/www.specialscentshop.com\/fr\/produit\/parfum-dambiance-fleur-de-mer\/","title":{"rendered":"Parfum d&#8217;ambiance Fleur de mer"},"content":{"rendered":"<h2><strong>Effet sur l&#8217;environnement<\/strong><\/h2>\n<p>Special scent prend soin de ses clients et est \u00e0 l&#8217;\u00e9coute de leurs besoins, c&#8217;est pourquoi elle a cr\u00e9\u00e9 un parfum destin\u00e9 \u00e0 diffuser une senteur d\u00e9licate et accueillante dans les <a href=\"https:\/\/www.specialscentshop.com\/fr\/parfum-dambiance\/\">pi\u00e8ces<\/a>. Nous recommandons les <a href=\"https:\/\/it.wikipedia.org\/wiki\/Note_olfattive\" target=\"_blank\" rel=\"noopener\">notes<\/a> somptueuses et \u00e9l\u00e9gantes de ce parfum pour les boutiques de v\u00eatements, les d\u00e9fil\u00e9s de mode, les \u00e9v\u00e9nements, les mariages, dans les stands et les halls de foire, mais aussi dans les appartements minimalistes, o\u00f9 les moments de calme et de s\u00e9r\u00e9nit\u00e9 sont prioritaires. Laissez-vous emporter par le parfum <strong>Seaside flowers<\/strong> dans les eaux l\u00e9g\u00e8res et calmes des lagunes o\u00f9 seuls r\u00e8gnent le silence et la paix.<\/p>\n<h2><strong>Caract\u00e9ristiques Parfum d&#8217;ambiance Fleur\u00a0de mer<\/strong><\/h2>\n<p>Un hommage \u00e0 la mer et \u00e0 ses chauds reflets. Un <strong>parfum<\/strong> qui englobe toute l&#8217;immensit\u00e9 du littoral, ses couleurs \u00e9blouissantes et ses senteurs exotiques.<br \/>\nCr\u00e9ez un souvenir dans la m\u00e9moire olfactive de vos invit\u00e9s Les couleurs panach\u00e9es de la rose hawa\u00efenne rendent ce parfum unique et nous sommes fiers d&#8217;avoir d\u00e9di\u00e9 l&#8217;un de nos parfums les plus populaires \u00e0 cette magnifique fleur.<\/p>\n<p><em>Nous disposons d&#8217;une large gamme de diffuseurs d&#8217;ambiance, dont notre tout nouveau spray Nebula, qui fonctionne avec la m\u00eame technique d&#8217;atomisation que nos diffuseurs, une solution parfaite et \u00e9conomique pour ceux qui souhaitent tester nos produits avant d&#8217;acheter une plus grande quantit\u00e9 de parfum ou un diffuseur. Le vaporisateur <a href=\"https:\/\/www.specialscentshop.com\/fr\/produit\/nebula-diffuseur-dambiance-rechargeable\/\"><strong>Nebula est fabriqu\u00e9 en aluminium<\/strong><\/a>est rechargeable et surtout \u00e9cologique. A l&#8217;achat d&#8217;un parfum de 0,250 g de votre choix, vous recevrez Nebula gratuitement. Id\u00e9al pour les petites quantit\u00e9s. <\/em><\/p>\n<h2 class=\"p1\"><b>Parfum d&#8217;ambiance \u00e0 base de fleurs de mer et particuli\u00e8rement adapt\u00e9 pour :<\/b><\/h2>\n<p>Voici une liste d&#8217;environnements o\u00f9 le parfum des fleurs de mer est bien adapt\u00e9 :<\/p>\n<ul>\n<li>Salle de bains<\/li>\n<li>Chambre \u00e0 coucher<\/li>\n<li>Salon<\/li>\n<li>Bureau<\/li>\n<li>Spa<\/li>\n<li>Salles de yoga ou de m\u00e9ditation<\/li>\n<li>Salles de soins<\/li>\n<li>Salles de massage<\/li>\n<li>Piscines ou saunas<\/li>\n<li>Salles pour \u00e9v\u00e9nements de style marin ou \u00e0 th\u00e8me marin<\/li>\n<li class=\"li1\">Restaurants, clubs, magasins et grandes salles<\/li>\n<\/ul>\n<p><em><strong>lire la suite : <a href=\"https:\/\/www.specialscentshop.com\/fr\/produit\/parfum-dambiance-musc-blanc\/\">Parfum d&#8217;ambiance musc blanc<\/a><\/strong><\/em><\/p>\n","protected":false},"excerpt":{"rendered":"<section class=\"av_textblock_section \">\n<div class=\"avia_textblock \">\n<h2><strong>Parfum d&#8217;ambiance aux fleurs de mer<\/strong><\/h2>\n<h3><strong>Parfum d&#8217;ambiance f\u00e9minin<\/strong><\/h3>\n<p>Les notes olfactives du parfum Rose Hawa\u00efenne se caract\u00e9risent par la l\u00e9g\u00e8ret\u00e9 et la d\u00e9licatesse avec lesquelles elles se diffusent dans l&#8217;air. Nous sommes au sommet de la pyramide olfactive, ce qui signifie que les notes de t\u00eate, celles que nous percevons, sont d\u00e9licates et \u00e9l\u00e9gantes.<\/p>\n<\/div>\n<\/section>\n","protected":false},"featured_media":48640,"template":"","meta":{"_acf_changed":false},"product_brand":[],"product_cat":[818],"product_tag":[867,784,870,785,902,786,903,787,904,906,907,917],"class_list":{"0":"post-43478","1":"product","2":"type-product","3":"status-publish","4":"has-post-thumbnail","6":"product_cat-parfums-dambiance","7":"product_tag-salles-de-jeux","8":"product_tag-domicile","9":"product_tag-cabinets-medicaux-cliniques","10":"product_tag-bureau","11":"product_tag-condominiums","12":"product_tag-hotel-bb-fr","13":"product_tag-environnements-exterieurs","14":"product_tag-magasins-shopping","15":"product_tag-foires-et-evenements","16":"product_tag-mariages","17":"product_tag-parfums-pour-les-foires-commerciales","18":"product_tag-parfums-pour-cabinets-medicaux-cliniques","20":"first","21":"instock","22":"taxable","23":"shipping-taxable","24":"purchasable","25":"product-type-variable"},"acf":[],"_links":{"self":[{"href":"https:\/\/www.specialscentshop.com\/fr\/wp-json\/wp\/v2\/product\/43478","targetHints":{"allow":["GET"]}}],"collection":[{"href":"https:\/\/www.specialscentshop.com\/fr\/wp-json\/wp\/v2\/product"}],"about":[{"href":"https:\/\/www.specialscentshop.com\/fr\/wp-json\/wp\/v2\/types\/product"}],"wp:featuredmedia":[{"embeddable":true,"href":"https:\/\/www.specialscentshop.com\/fr\/wp-json\/wp\/v2\/media\/48640"}],"wp:attachment":[{"href":"https:\/\/www.specialscentshop.com\/fr\/wp-json\/wp\/v2\/media?parent=43478"}],"wp:term":[{"taxonomy":"product_brand","embeddable":true,"href":"https:\/\/www.specialscentshop.com\/fr\/wp-json\/wp\/v2\/product_brand?post=43478"},{"taxonomy":"product_cat","embeddable":true,"href":"https:\/\/www.specialscentshop.com\/fr\/wp-json\/wp\/v2\/product_cat?post=43478"},{"taxonomy":"product_tag","embeddable":true,"href":"https:\/\/www.specialscentshop.com\/fr\/wp-json\/wp\/v2\/product_tag?post=43478"}],"curies":[{"name":"wp","href":"https:\/\/api.w.org\/{rel}","templated":true}]}}