{"id":43498,"date":"2020-02-14T14:07:02","date_gmt":"2020-02-14T13:07:02","guid":{"rendered":"https:\/\/www.specialscentshop.com\/product\/parfum-dambiance-lin\/"},"modified":"2026-01-12T22:44:46","modified_gmt":"2026-01-12T21:44:46","slug":"parfum-dambiance-lin","status":"publish","type":"product","link":"https:\/\/www.specialscentshop.com\/fr\/produit\/parfum-dambiance-lin\/","title":{"rendered":"Lin"},"content":{"rendered":"<h2><strong>Effet sur l&#8217;ambiance du parfum Linen Room<\/strong><\/h2>\n<p>Nous recommandons cette fragrance dans les magasins de v\u00eatements et de linge de maison, o\u00f9 la sensation de fra\u00eecheur enveloppera vos visiteurs et clients et les mettra \u00e0 l&#8217;aise. Le parfum de lin convient \u00e9galement aux environnements o\u00f9 l&#8217;accueil et le s\u00e9jour doivent \u00eatre une exp\u00e9rience positive. N&#8217;oubliez pas que lorsque vous respirez un bon air, il est facile d&#8217;y revenir. Une exp\u00e9rience qui reste dans la m\u00e9moire olfactive produit une empreinte, la signature de votre marque.<br \/>\nNous savons depuis longtemps \u00e0 quel point le marketing olfactif est important, et la preuve en est la demande continue que nous recevons. Parmi les nombreuses solutions, vous trouverez \u00e9galement le tout nouveau Nebula. Un diffuseur d&#8217;ambiance r\u00e9volutionnaire \u00e0 la port\u00e9e de tous, rechargeable avec diff\u00e9rents parfums et respectueux de l&#8217;environnement. Une solution \u00e9conomique \u00e9galement pour ceux qui souhaitent tester nos produits avant d&#8217;en acheter une plus grande quantit\u00e9.<\/p>\n<h2><strong>Caract\u00e9ristiques <\/strong><\/h2>\n<p>Fra\u00eecheur, propret\u00e9, souvenirs de linge \u00e9tendu au soleil, il n&#8217;y a pas d&#8217;autre adjectif quand on parle de parfumer l&#8217;air avec l&#8217;odeur du linge.<\/p>\n<p>Quand on parle de parfumer l&#8217;air avec le parfum du lin, il n&#8217;y a pas besoin d&#8217;autre adjectif. Gr\u00e2ce \u00e0 une recherche continue, Special Scent a pu, au fil des ann\u00e9es, am\u00e9liorer l&#8217;exp\u00e9rience olfactive et la rendre unique, au point de g\u00e9n\u00e9rer une sorte d&#8217;accoutumance et d&#8217;harmonie aussi bien dans les petits environnements domestiques que dans les moyens et grands tels que les magasins, les bureaux, les grands magasins et surtout les industries. Vous pouvez b\u00e9n\u00e9ficier des propri\u00e9t\u00e9s de ce parfum en achetant l&#8217;un de nos diffuseurs, trouvez la solution qui vous convient le mieux ! Et n&#8217;oubliez pas que notre personnel est toujours \u00e0 votre disposition pour toute question ou demande.<\/p>\n<p><em>Nous disposons d&#8217;une large gamme de diffuseurs d&#8217;ambiance, dont notre tout nouveau spray <a href=\"https:\/\/www.specialscentshop.com\/fr\/produit\/nebula-diffuseur-dambiance-rechargeable\/\">Nebula<\/a>, qui fonctionne avec la m\u00eame technique d&#8217;atomisation que nos diffuseurs, une solution parfaite et \u00e9conomique pour ceux qui souhaitent tester nos produits avant d&#8217;acheter une plus grande quantit\u00e9 de parfum ou un diffuseur. Le format Nebula est en aluminium, rechargeable et surtout respectueux de l&#8217;environnement. A l&#8217;achat d&#8217;un parfum de 0,250 g de votre choix, vous recevez Nebula gratuitement. Id\u00e9al pour les petites quantit\u00e9s. A l&#8217;achat d&#8217;un parfum de 0,250 g de votre choix, vous recevrez gratuitement Nebula. Id\u00e9al pour les petites quantit\u00e9s. <\/em><\/p>\n<h2 class=\"p1\"><b>Particuli\u00e8rement adapt\u00e9 pour :<\/b><\/h2>\n<ul>\n<li>Chambres et salles de bains.<\/li>\n<li>Salon et salle \u00e0 manger.<\/li>\n<li>Cabinets m\u00e9dicaux et chirurgicaux.<\/li>\n<li>\u00c9tudes et bureaux.<\/li>\n<li>Salles pour \u00e9v\u00e9nements et mariages.<\/li>\n<li>Magasins de tissus et de meubles.<\/li>\n<li>Magasins de linge de maison<\/li>\n<li>Salles de conf\u00e9rence et de r\u00e9union d&#8217;entreprise.<\/li>\n<li>Restaurants, clubs, entreprises.<\/li>\n<\/ul>\n<p><em><strong>Lire la suite : <a href=\"https:\/\/www.specialscentshop.com\/fr\/produit\/parfum-dambiance-jasmin\/\">Parfum d&#8217;ambiance Jasmin<\/a><\/strong><\/em><\/p>\n","protected":false},"excerpt":{"rendered":"<section class=\"av_textblock_section \">\n<div class=\"avia_textblock \">\n<h2><strong>Parfume D&#8217;Ambiance Lin <\/strong><\/h2>\n<h4><strong>Notes olfactives :<\/strong><\/h4>\n<p>La sensation que procure ce parfum est celle d&#8217;\u00eatre dans une grande prairie fleurie et en m\u00eame temps enivr\u00e9 par l&#8217;odeur du lin couch\u00e9 au soleil berc\u00e9 par le vent. Une sensation de fra\u00eecheur qui enveloppe tout d&#8217;une douce caresse.<br \/>\nUn parfum simple et raffin\u00e9 qui apporte paix et s\u00e9r\u00e9nit\u00e9. Existe en<strong>huile et en <a href=\"https:\/\/www.specialscentshop.com\/fr\/categorie-produit\/parfums-et-gels-parfumes\/\">gel<\/a>.<\/strong><\/p>\n<p><strong>UFI code: P300-00EX-G00A-HTTS<\/strong><\/p>\n<\/div>\n<\/section>\n","protected":false},"featured_media":48690,"template":"","meta":{"_acf_changed":false},"product_brand":[],"product_cat":[818,921],"product_tag":[870,784,906,785,907,786,917,787],"class_list":{"0":"post-43498","1":"product","2":"type-product","3":"status-publish","4":"has-post-thumbnail","6":"product_cat-parfums-dambiance","7":"product_cat-parfums-et-gels-parfumes","8":"product_tag-cabinets-medicaux-cliniques","9":"product_tag-domicile","10":"product_tag-mariages","11":"product_tag-bureau","12":"product_tag-parfums-pour-les-foires-commerciales","13":"product_tag-hotel-bb-fr","14":"product_tag-parfums-pour-cabinets-medicaux-cliniques","15":"product_tag-magasins-shopping","17":"first","18":"instock","19":"taxable","20":"shipping-taxable","21":"purchasable","22":"product-type-variable"},"acf":[],"_links":{"self":[{"href":"https:\/\/www.specialscentshop.com\/fr\/wp-json\/wp\/v2\/product\/43498","targetHints":{"allow":["GET"]}}],"collection":[{"href":"https:\/\/www.specialscentshop.com\/fr\/wp-json\/wp\/v2\/product"}],"about":[{"href":"https:\/\/www.specialscentshop.com\/fr\/wp-json\/wp\/v2\/types\/product"}],"wp:featuredmedia":[{"embeddable":true,"href":"https:\/\/www.specialscentshop.com\/fr\/wp-json\/wp\/v2\/media\/48690"}],"wp:attachment":[{"href":"https:\/\/www.specialscentshop.com\/fr\/wp-json\/wp\/v2\/media?parent=43498"}],"wp:term":[{"taxonomy":"product_brand","embeddable":true,"href":"https:\/\/www.specialscentshop.com\/fr\/wp-json\/wp\/v2\/product_brand?post=43498"},{"taxonomy":"product_cat","embeddable":true,"href":"https:\/\/www.specialscentshop.com\/fr\/wp-json\/wp\/v2\/product_cat?post=43498"},{"taxonomy":"product_tag","embeddable":true,"href":"https:\/\/www.specialscentshop.com\/fr\/wp-json\/wp\/v2\/product_tag?post=43498"}],"curies":[{"name":"wp","href":"https:\/\/api.w.org\/{rel}","templated":true}]}}