{"id":43511,"date":"2020-02-14T14:19:50","date_gmt":"2020-02-14T13:19:50","guid":{"rendered":"https:\/\/www.specialscentshop.com\/product\/parfum-dambiance-jasmin\/"},"modified":"2026-01-12T22:20:25","modified_gmt":"2026-01-12T21:20:25","slug":"parfum-dambiance-jasmin","status":"publish","type":"product","link":"https:\/\/www.specialscentshop.com\/fr\/produit\/parfum-dambiance-jasmin\/","title":{"rendered":"Jasmin"},"content":{"rendered":"<h2><strong>Effet sur l&#8217;environnement\u00a0 \u00a0 \u00a0 \u00a0 \u00a0 \u00a0\u00a0<\/strong><\/h2>\n<p>Si vous recherchez un parfum qui transmet \u00e9l\u00e9gance et d\u00e9licatesse, cette essence est faite pour vous.<br \/>\nUn style olfactif qui se marie bien avec les lieux qui offrent des espaces ext\u00e9rieurs \u00e0 leurs clients et invit\u00e9s tels que les restaurants, les bars lounge, les spas, les salons de massage, etc.<\/p>\n<h2><strong>Caract\u00e9ristiques Parfum d&#8217;ambiance Jasmin<\/strong><\/h2>\n<p>La fleur de l&#8217;\u00e9l\u00e9gance Le <strong>Parfum d&#8217;ambiance Jasmin<\/strong> \u00e0 transmettre toute son \u00e9l\u00e9gance et son ar\u00f4me avec simplicit\u00e9, gr\u00e2ce \u00e0 ses notes florales et \u00e0 son ar\u00f4me incomparables.<\/p>\n<p>Si vous \u00eates un amoureux des fleurs. Cr\u00e9e une ambiance chaleureuse et \u00e9l\u00e9gante Le secteur des parfums d&#8217;ambiance est en croissance constante. On se rend compte \u00e0 quel point il est utile de cr\u00e9er une ambiance qui r\u00e9ponde aux besoins et aux attentes des clients, et \u00e0 quel point il est important que, m\u00eame dans l&#8217;environnement familial, lorsque les amis et les parents se quittent, ils emportent avec eux une partie de vous, imprim\u00e9e \u00e0 travers l&#8217;odeur qui les aura impressionn\u00e9s.<\/p>\n<p>Un parfum qui ne vous fera pas oublier. Ne manquez pas cette occasion, d\u00e9veloppez votre activit\u00e9 et laissez-vous guider par votre nez ! N&#8217;oubliez pas non plus que le maintien d&#8217;un environnement parfum\u00e9 est agr\u00e9able, tant pour les clients que pour votre personnel. La cr\u00e9ation d&#8217;une harmonie entre tous ces \u00e9l\u00e9ments ne peut que conduire \u00e0 d&#8217;excellents r\u00e9sultats.<\/p>\n<p><em>Nous disposons d&#8217;une large gamme de diffuseurs d&#8217;ambiance, dont notre tout nouveau spray <a href=\"https:\/\/www.specialscentshop.com\/fr\/produit\/nebula-diffuseur-dambiance-rechargeable\/\">Nebula<\/a>, qui fonctionne avec la m\u00eame technique d&#8217;atomisation que nos diffuseurs, une solution parfaite et \u00e9conomique pour ceux qui souhaitent tester nos produits avant d&#8217;acheter une plus grande quantit\u00e9 de parfum ou un diffuseur. Le format Nebula est en aluminium, rechargeable et surtout respectueux de l&#8217;environnement. A l&#8217;achat d&#8217;un parfum de 0,250 g de votre choix, vous recevez Nebula gratuitement. Id\u00e9al pour les petites quantit\u00e9s. A l&#8217;achat d&#8217;un parfum de 0,250 g de votre choix, vous recevrez gratuitement Nebula. Id\u00e9al pour les petites quantit\u00e9s. <\/em><\/p>\n<h2 class=\"p1\"><b>Particuli\u00e8rement adapt\u00e9 pour :<\/b><\/h2>\n<ul>\n<li>Chambres et salles de bains<\/li>\n<li>Salons et salles \u00e0 manger<\/li>\n<li>Jardins et terrasses<\/li>\n<li>Spas et centres de bien-\u00eatre<\/li>\n<li>Salles pour \u00e9v\u00e9nements et mariages<\/li>\n<li>Restaurants et salons de th\u00e9<\/li>\n<li>Boutiques de parfums et de cosm\u00e9tiques<\/li>\n<li>Salons de beaut\u00e9 et de coiffure<\/li>\n<li class=\"li1\">Restaurants, clubs, magasins et grandes salles<\/li>\n<\/ul>\n<p><a href=\"https:\/\/www.specialscentshop.com\/fr\/categorie-produit\/parfums-et-gels-parfumes\/\"><em><strong>D\u00e9couvrez nos gels parfum\u00e9s<\/strong><\/em><\/a><\/p>\n","protected":false},"excerpt":{"rendered":"<section class=\"av_textblock_section \">\n<div class=\"avia_textblock \">\n<h2><strong>Notes olfactives : notes de c\u0153ur<\/strong><\/h2>\n<p>C&#8217;est une essence aux notes florales riches et d\u00e9licates. Ses notes de c\u0153ur sont presque similaires \u00e0 celles du miel, mais moins sucr\u00e9es.<\/p>\n<p>Il s&#8217;agit d&#8217;une plante tr\u00e8s ancienne, originaire de l&#8217;Orient, qui est aujourd&#8217;hui cultiv\u00e9e en Italie et qui est largement utilis\u00e9e en cosm\u00e9tique et en phytoth\u00e9rapie. Aujourd&#8217;hui, le jasmin est largement cultiv\u00e9 en raison de ses fleurs qui d\u00e9gagent un parfum tr\u00e8s intense, parfait pour la pr\u00e9paration de parfums et d&#8217;essences. L&#8217;essence de jasmin est disponible en<strong>SOLUTION D&#8217;HUILE et en SOLUTION DE GEL<\/strong>.<\/p>\n<\/div>\n<\/section>\n","protected":false},"featured_media":48665,"template":"","meta":{"_acf_changed":false},"product_brand":[],"product_cat":[818,921],"product_tag":[868,902,784,903,786,904,787,906,907],"class_list":{"0":"post-43511","1":"product","2":"type-product","3":"status-publish","4":"has-post-thumbnail","6":"product_cat-parfums-dambiance","7":"product_cat-parfums-et-gels-parfumes","8":"product_tag-gymnases-et-sports","9":"product_tag-condominiums","10":"product_tag-domicile","11":"product_tag-environnements-exterieurs","12":"product_tag-hotel-bb-fr","13":"product_tag-foires-et-evenements","14":"product_tag-magasins-shopping","15":"product_tag-mariages","16":"product_tag-parfums-pour-les-foires-commerciales","18":"first","19":"instock","20":"taxable","21":"shipping-taxable","22":"purchasable","23":"product-type-variable"},"acf":[],"_links":{"self":[{"href":"https:\/\/www.specialscentshop.com\/fr\/wp-json\/wp\/v2\/product\/43511","targetHints":{"allow":["GET"]}}],"collection":[{"href":"https:\/\/www.specialscentshop.com\/fr\/wp-json\/wp\/v2\/product"}],"about":[{"href":"https:\/\/www.specialscentshop.com\/fr\/wp-json\/wp\/v2\/types\/product"}],"wp:featuredmedia":[{"embeddable":true,"href":"https:\/\/www.specialscentshop.com\/fr\/wp-json\/wp\/v2\/media\/48665"}],"wp:attachment":[{"href":"https:\/\/www.specialscentshop.com\/fr\/wp-json\/wp\/v2\/media?parent=43511"}],"wp:term":[{"taxonomy":"product_brand","embeddable":true,"href":"https:\/\/www.specialscentshop.com\/fr\/wp-json\/wp\/v2\/product_brand?post=43511"},{"taxonomy":"product_cat","embeddable":true,"href":"https:\/\/www.specialscentshop.com\/fr\/wp-json\/wp\/v2\/product_cat?post=43511"},{"taxonomy":"product_tag","embeddable":true,"href":"https:\/\/www.specialscentshop.com\/fr\/wp-json\/wp\/v2\/product_tag?post=43511"}],"curies":[{"name":"wp","href":"https:\/\/api.w.org\/{rel}","templated":true}]}}