{"id":43522,"date":"2020-06-09T15:26:32","date_gmt":"2020-06-09T13:26:32","guid":{"rendered":"https:\/\/www.specialscentshop.com\/product\/parfum-dambiance-baies-sauvages\/"},"modified":"2025-07-26T20:34:27","modified_gmt":"2025-07-26T18:34:27","slug":"parfum-dambiance-baies-sauvages","status":"publish","type":"product","link":"https:\/\/www.specialscentshop.com\/fr\/produit\/parfum-dambiance-baies-sauvages\/","title":{"rendered":"Baies sauvages"},"content":{"rendered":"<h2><strong>Effet sur l&#8217;environnement\u00a0<\/strong><\/h2>\n<p><strong>Parfum d&#8217;ambiance baies sauvages<\/strong>, cette essence porte en elle l&#8217;\u00e2me du sous-bois et de ses fruits. Ses effets b\u00e9n\u00e9fiques seront perceptibles d\u00e8s les premi\u00e8res notes diffus\u00e9es, r\u00e9pandant en un instant des sensations agr\u00e9ables que seul le contact avec la nature peut procurer.<br \/>\nDiffus\u00e9 dans un magasin ou un grand environnement, il produira chez vos clients et votre personnel un \u00e9tat de bien-\u00eatre imm\u00e9diat et agr\u00e9able. Nous recommandons ce parfum dans les magasins de v\u00eatements pour femmes, les glaciers, les bars, les spas et les h\u00f4tels. Faites la diff\u00e9rence dans votre secteur et donnez de la valeur \u00e0 votre \u00e9tablissement ! Laissez entrer la nature dans votre maison, gr\u00e2ce \u00e0 nos diffuseurs de senteurs, cela n&#8217;a jamais \u00e9t\u00e9 aussi facile.<\/p>\n<h2><strong>Caract\u00e9ristiques\u00a0<\/strong><\/h2>\n<p>Un sous-bois au bout des doigts Tous les parfums ne sont pas compos\u00e9s d&#8217;un m\u00e9lange aussi vari\u00e9 et unique.<br \/>\nSi vous \u00eates un amoureux de la nature, vous ne pouvez pas ne pas essayer ce parfum. Immergez-vous dans la nature et capturez sa beaut\u00e9. Le cadeau de cette exp\u00e9rience olfactive. Les senteurs de la terre que vous pouvez savourer les yeux ferm\u00e9s.<\/p>\n<p><em>Nous disposons d&#8217;une large gamme de diffuseurs d&#8217;ambiance, dont notre tout nouveau spray <a href=\"https:\/\/www.specialscentshop.com\/fr\/produit\/nebula-diffuseur-dambiance-rechargeable\/\">Nebula<\/a>, qui fonctionne avec la m\u00eame technique d&#8217;atomisation que nos diffuseurs, une solution parfaite et \u00e9conomique pour ceux qui souhaitent tester nos produits avant d&#8217;acheter une plus grande quantit\u00e9 de parfum ou un diffuseur. Le format Nebula est en aluminium, rechargeable et surtout respectueux de l&#8217;environnement. A l&#8217;achat d&#8217;un parfum de 0,250 g de votre choix, vous recevez Nebula gratuitement. Id\u00e9al pour les petites quantit\u00e9s. A l&#8217;achat d&#8217;un parfum de 0,250 g de votre choix, vous recevrez gratuitement Nebula. Id\u00e9al pour les petites quantit\u00e9s. <\/em><\/p>\n<h2 class=\"p1\"><b>Particuli\u00e8rement adapt\u00e9 pour :<\/b><\/h2>\n<p>Voici une liste d&#8217;environnements dans lesquels le parfum des baies sauvages peut s&#8217;int\u00e9grer :<\/p>\n<ul>\n<li>Salon : pour cr\u00e9er une atmosph\u00e8re chaleureuse et relaxante.<\/li>\n<li>Chambre \u00e0 coucher : pour un parfum d\u00e9licat et frais qui vous aide \u00e0 mieux dormir.<\/li>\n<li>Bain : cr\u00e9er une atmosph\u00e8re de bien-\u00eatre et de d\u00e9tente pendant le bain ou la douche.<\/li>\n<li>Cuisine : pour cr\u00e9er une atmosph\u00e8re fra\u00eeche et accueillante lors de la pr\u00e9paration des repas.<\/li>\n<li>Bureau : pour cr\u00e9er une atmosph\u00e8re fra\u00eeche et stimulante pendant le travail.<\/li>\n<li>Jardin ou terrasse : pour cr\u00e9er une atmosph\u00e8re fra\u00eeche et relaxante \u00e0 l&#8217;ext\u00e9rieur.<\/li>\n<li>Spa ou centre de bien-\u00eatre : pour cr\u00e9er une atmosph\u00e8re de bien-\u00eatre et de d\u00e9tente pendant les traitements.<\/li>\n<\/ul>\n<p><em><strong>En savoir plus : <a href=\"https:\/\/www.specialscentshop.com\/fr\/produit\/zagara\/\">Zagara<\/a><\/strong><\/em><\/p>\n","protected":false},"excerpt":{"rendered":"<section class=\"av_textblock_section \">\n<div class=\"avia_textblock \">\n<h2><strong>Notes olfactives : Notes de c\u0153ur<\/strong><\/h2>\n<p>Le <strong>Parfum d&#8217;ambiance baies sauvages<\/strong>\u00a0 pr\u00e9sente des notes olfactives fruit\u00e9es gr\u00e2ce \u00e0 ses nombreux m\u00e9langes de fruits. Parmi ceux-ci, on trouve :<br \/>\nFramboises, canneberges, myrtilles, m\u00fbres, framboises, groseilles et fraises des bois&#8230; L&#8217;ensemble de ces \u00e9l\u00e9ments repr\u00e9sente le parfum classique aux notes de c\u0153ur d\u00e9licatement fruit\u00e9es. Un parfum qui repr\u00e9sente le monde f\u00e9minin dans toutes ses nuances.<\/p>\n<\/div>\n<\/section>\n","protected":false},"featured_media":48993,"template":"","meta":{"_acf_changed":false},"product_brand":[],"product_cat":[818],"product_tag":[784,902,785,903,786,904,787,906,788,907],"class_list":{"0":"post-43522","1":"product","2":"type-product","3":"status-publish","4":"has-post-thumbnail","6":"product_cat-parfums-dambiance","7":"product_tag-domicile","8":"product_tag-condominiums","9":"product_tag-bureau","10":"product_tag-environnements-exterieurs","11":"product_tag-hotel-bb-fr","12":"product_tag-foires-et-evenements","13":"product_tag-magasins-shopping","14":"product_tag-mariages","15":"product_tag-restaurants-et-bars","16":"product_tag-parfums-pour-les-foires-commerciales","18":"first","19":"instock","20":"taxable","21":"shipping-taxable","22":"purchasable","23":"product-type-variable"},"acf":[],"_links":{"self":[{"href":"https:\/\/www.specialscentshop.com\/fr\/wp-json\/wp\/v2\/product\/43522","targetHints":{"allow":["GET"]}}],"collection":[{"href":"https:\/\/www.specialscentshop.com\/fr\/wp-json\/wp\/v2\/product"}],"about":[{"href":"https:\/\/www.specialscentshop.com\/fr\/wp-json\/wp\/v2\/types\/product"}],"wp:featuredmedia":[{"embeddable":true,"href":"https:\/\/www.specialscentshop.com\/fr\/wp-json\/wp\/v2\/media\/48993"}],"wp:attachment":[{"href":"https:\/\/www.specialscentshop.com\/fr\/wp-json\/wp\/v2\/media?parent=43522"}],"wp:term":[{"taxonomy":"product_brand","embeddable":true,"href":"https:\/\/www.specialscentshop.com\/fr\/wp-json\/wp\/v2\/product_brand?post=43522"},{"taxonomy":"product_cat","embeddable":true,"href":"https:\/\/www.specialscentshop.com\/fr\/wp-json\/wp\/v2\/product_cat?post=43522"},{"taxonomy":"product_tag","embeddable":true,"href":"https:\/\/www.specialscentshop.com\/fr\/wp-json\/wp\/v2\/product_tag?post=43522"}],"curies":[{"name":"wp","href":"https:\/\/api.w.org\/{rel}","templated":true}]}}