{"id":43530,"date":"2020-06-11T14:07:31","date_gmt":"2020-06-11T12:07:31","guid":{"rendered":"https:\/\/www.specialscentshop.com\/product\/parfum-dambiance-herb-cut\/"},"modified":"2025-07-26T21:26:35","modified_gmt":"2025-07-26T19:26:35","slug":"parfum-dambiance-herb-cut","status":"publish","type":"product","link":"https:\/\/www.specialscentshop.com\/fr\/produit\/parfum-dambiance-herb-cut\/","title":{"rendered":"Herb Cut"},"content":{"rendered":"<h2><strong>Effet sur l&#8217;environnement\u00a0 \u00a0\u00a0<\/strong><\/h2>\n<p><strong>Parfum d&#8217;ambiance Herb Cut. <\/strong>Ce parfum convient \u00e0 tous les environnements qui ont besoin de d\u00e9tente et de tranquillit\u00e9, tels que les h\u00f4tels, les centres de bien-\u00eatre, les salles d&#8217;attente, les spas. Les \u00e9tablissements de montagne ont tendance \u00e0 pr\u00e9f\u00e9rer ce type de parfum pour immerger compl\u00e8tement les clients dans la nature.<br \/>\nPendant les bains, les traitements de bien-\u00eatre, les s\u00e9ances de massage, l&#8217;aromath\u00e9rapie, ou simplement pour se d\u00e9tendre en lisant un livre, le parfum d&#8217;ambiance herbe coup\u00e9e accompagne doucement l&#8217;atmosph\u00e8re de la campagne.<\/p>\n<h2><strong>Caract\u00e9ristiques Herb Cut<\/strong><\/h2>\n<p>Les avantages pour nous : un groupe de chercheurs australiens analyse depuis un certain temps le comportement de milliers d&#8217;abeilles mellif\u00e8res. En observant ces insectes et en interagissant avec eux, ils ont constat\u00e9 que pendant les p\u00e9riodes de tonte du gazon, leur comportement \u00e9tait beaucoup plus calme.<\/p>\n<p>L&#8217;\u00e9tude de ces effets a r\u00e9v\u00e9l\u00e9 que l&#8217;odeur de l&#8217;herbe coup\u00e9e lib\u00e8re des endorphines, ce qui d\u00e9tend les gens et les rend plus joyeux. Cr\u00e9ez un souvenir dans la m\u00e9moire olfactive de vos invit\u00e9s \u00c9veillez l&#8217;envie de revenir \u00e0 la simplicit\u00e9 de la nature Cr\u00e9ez une nouvelle exp\u00e9rience olfactive pour tout le monde<\/p>\n<p><em>Nous disposons d&#8217;une large gamme de diffuseurs d&#8217;ambiance, dont notre tout nouveau spray <a href=\"https:\/\/www.specialscentshop.com\/fr\/produit\/nebula-diffuseur-dambiance-rechargeable\/\">Nebula<\/a>, qui fonctionne avec la m\u00eame technique d&#8217;atomisation que nos diffuseurs, une solution parfaite et \u00e9conomique pour ceux qui souhaitent tester nos produits avant d&#8217;acheter une plus grande quantit\u00e9 de parfum ou un diffuseur. Le format Nebula est en aluminium, rechargeable et surtout respectueux de l&#8217;environnement. A l&#8217;achat d&#8217;un parfum de 0,250 g de votre choix, vous recevez Nebula gratuitement. Id\u00e9al pour les petites quantit\u00e9s. A l&#8217;achat d&#8217;un parfum de 0,250 g de votre choix, vous recevrez gratuitement Nebula. Id\u00e9al pour les petites quantit\u00e9s. <\/em><\/p>\n<h2 class=\"p1\"><b>Particuli\u00e8rement adapt\u00e9 pour :<\/b><\/h2>\n<ul>\n<li>Jardins ou parcs<\/li>\n<li>Chambres de jardin ou terrasses ext\u00e9rieures<\/li>\n<li>Bureaux ou salles de r\u00e9union avec une atmosph\u00e8re fra\u00eeche et relaxante<\/li>\n<li>Salles de d\u00e9tente ou de lecture<\/li>\n<li>Salle de yoga ou de m\u00e9ditation<\/li>\n<li>Dans les salles d&#8217;\u00e9v\u00e9nements ou de r\u00e9ception, l&#8217;ar\u00f4me frais et relaxant de l&#8217;herbe coup\u00e9e peut contribuer \u00e0 cr\u00e9er une atmosph\u00e8re de d\u00e9tente et de confort.<\/li>\n<li>Environnements ext\u00e9rieurs o\u00f9 vous souhaitez \u00e9voquer la sensation de fra\u00eecheur et de tranquillit\u00e9 de la nature<\/li>\n<li>Chambres \u00e0 coucher pour cr\u00e9er une atmosph\u00e8re fra\u00eeche et relaxante<\/li>\n<\/ul>\n<p>Notez qu&#8217;il ne s&#8217;agit que de suggestions et que l&#8217;ad\u00e9quation du parfum d\u00e9pend en grande partie des pr\u00e9f\u00e9rences personnelles de chacun.<\/p>\n<p><em><strong>lire la suite : \u00a0<a href=\"https:\/\/www.specialscentshop.com\/fr\/produit\/parfum-dambiance-pino-silvestre\/\">Pin sylvestre\u00a0<\/a><\/strong><\/em><\/p>\n","protected":false},"excerpt":{"rendered":"<section class=\"av_textblock_section \">\n<div class=\"avia_textblock \">\n<h2><strong>Notes olfactives : notes de c\u0153ur<\/strong><\/h2>\n<p>Ses notes de c\u0153ur en font un parfum \u00e9quilibr\u00e9. Il rappelle la magnifique odeur de l&#8217;herbe dans un pr\u00e9 au printemps. Il n&#8217;est pas n\u00e9cessaire de retomber en enfance pour se souvenir du parfum de l&#8217;herbe avec son odeur caract\u00e9ristique et inimitable. Pour le plaisir, tout le monde appr\u00e9cie encore son odeur piquante. Specialscent a utilis\u00e9 la magie du pass\u00e9 qui, combin\u00e9e au pr\u00e9sent, a produit ce parfum unique. Une cl\u00e9 pour acc\u00e9der aux souvenirs et r\u00e9veiller en nous le d\u00e9sir de renouer avec la nature, souvent oubli\u00e9e et perdue dans le chaos de la ville.<\/p>\n<\/div>\n<\/section>\n","protected":false},"featured_media":48767,"template":"","meta":{"_acf_changed":false},"product_brand":[],"product_cat":[818],"product_tag":[902,903,904,786,906,787,907],"class_list":{"0":"post-43530","1":"product","2":"type-product","3":"status-publish","4":"has-post-thumbnail","6":"product_cat-parfums-dambiance","7":"product_tag-condominiums","8":"product_tag-environnements-exterieurs","9":"product_tag-foires-et-evenements","10":"product_tag-hotel-bb-fr","11":"product_tag-mariages","12":"product_tag-magasins-shopping","13":"product_tag-parfums-pour-les-foires-commerciales","15":"first","16":"instock","17":"taxable","18":"shipping-taxable","19":"purchasable","20":"product-type-variable"},"acf":[],"_links":{"self":[{"href":"https:\/\/www.specialscentshop.com\/fr\/wp-json\/wp\/v2\/product\/43530","targetHints":{"allow":["GET"]}}],"collection":[{"href":"https:\/\/www.specialscentshop.com\/fr\/wp-json\/wp\/v2\/product"}],"about":[{"href":"https:\/\/www.specialscentshop.com\/fr\/wp-json\/wp\/v2\/types\/product"}],"wp:featuredmedia":[{"embeddable":true,"href":"https:\/\/www.specialscentshop.com\/fr\/wp-json\/wp\/v2\/media\/48767"}],"wp:attachment":[{"href":"https:\/\/www.specialscentshop.com\/fr\/wp-json\/wp\/v2\/media?parent=43530"}],"wp:term":[{"taxonomy":"product_brand","embeddable":true,"href":"https:\/\/www.specialscentshop.com\/fr\/wp-json\/wp\/v2\/product_brand?post=43530"},{"taxonomy":"product_cat","embeddable":true,"href":"https:\/\/www.specialscentshop.com\/fr\/wp-json\/wp\/v2\/product_cat?post=43530"},{"taxonomy":"product_tag","embeddable":true,"href":"https:\/\/www.specialscentshop.com\/fr\/wp-json\/wp\/v2\/product_tag?post=43530"}],"curies":[{"name":"wp","href":"https:\/\/api.w.org\/{rel}","templated":true}]}}