{"id":43579,"date":"2020-06-11T13:38:00","date_gmt":"2020-06-11T11:38:00","guid":{"rendered":"https:\/\/www.specialscentshop.com\/product\/parfum-dambiance-citronnelle\/"},"modified":"2020-06-11T13:38:00","modified_gmt":"2020-06-11T11:38:00","slug":"parfum-dambiance-citronnelle","status":"publish","type":"product","link":"https:\/\/www.specialscentshop.com\/fr\/produit\/parfum-dambiance-citronnelle\/","title":{"rendered":"Parfum d&#8217;ambiance citronnelle"},"content":{"rendered":"<h2><strong>Effet sur l&#8217;environnement<\/strong><\/h2>\n<p>Gr\u00e2ce \u00e0 son parfum persistant, la Citronnelle impr\u00e8gne toute la pi\u00e8ce et, sans \u00eatre intrusive, diffuse son ar\u00f4me balsamique, ce qui la rend fra\u00eeche et agr\u00e9able. Nous recommandons cette fragrance pour tous les lieux ext\u00e9rieurs entour\u00e9s de nature, tels que les restaurants, les fermes, les spas, les kiosques ou les bars situ\u00e9s \u00e0 proximit\u00e9 de parcs et d&#8217;\u00e9tangs. Il est \u00e9galement parfait dans les petits espaces a\u00e9r\u00e9s et les jardins de votre propre maison.<\/p>\n<h2><strong>Caract\u00e9ristiques<\/strong><\/h2>\n<p>Les notes qui caract\u00e9risent ce parfum nous ram\u00e8nent au climat et aux couleurs chaudes de la M\u00e9diterran\u00e9e, rendant l&#8217;environnement plus accueillant. Cette essence n&#8217;est pas seulement utilis\u00e9e pour parfumer l&#8217;environnement, mais aussi pour le rendre plus agr\u00e9able. Gr\u00e2ce \u00e0 ses propri\u00e9t\u00e9s, elle chasse tous les insectes, en particulier les moustiques, de sorte que les soir\u00e9es d&#8217;\u00e9t\u00e9 seront plus agr\u00e9ables sans \u00eatre attaqu\u00e9es par ces insectes g\u00eanants.<\/p>\n<p>Ainsi, les soir\u00e9es d&#8217;\u00e9t\u00e9 seront plus agr\u00e9ables sans \u00eatre attaqu\u00e9es par ces insectes g\u00eanants. Cr\u00e9ez une nouvelle exp\u00e9rience olfactive N&#8217;oublions pas les avantages qu&#8217;elle peut apporter non seulement \u00e0 votre environnement, mais aussi \u00e0 votre entreprise.<\/p>\n<p><em>Nous disposons d&#8217;une large gamme de diffuseurs d&#8217;ambiance, dont notre tout nouveau spray <a href=\"https:\/\/www.specialscentshop.com\/prodotto\/diffusori-per-ambienti\/nebula-erogatore-nebulizzatore-fragranze-ambienti\/\">Nebula<\/a>, qui fonctionne avec la m\u00eame technique d&#8217;atomisation que nos diffuseurs, une solution parfaite et \u00e9conomique pour ceux qui souhaitent tester nos produits avant d&#8217;acheter une plus grande quantit\u00e9 de parfum ou un diffuseur. Le format Nebula est en aluminium, rechargeable et surtout respectueux de l&#8217;environnement. A l&#8217;achat d&#8217;un parfum de 0,250 g de votre choix, vous recevez Nebula gratuitement. Id\u00e9al pour les petites quantit\u00e9s.   <\/em><\/p>\n<h2 class=\"p1\"><b>Particuli\u00e8rement adapt\u00e9 pour :<\/b><\/h2>\n<p>Le parfum de citronnelle convient bien aux environnements tels que :<\/p>\n<ul>\n<li>Parcs et jardins ext\u00e9rieurs<\/li>\n<li>Terrasses et v\u00e9randas<\/li>\n<li>Chambres de jardin<\/li>\n<li>Salles de d\u00e9tente ou de lecture<\/li>\n<li>Salle de yoga ou de m\u00e9ditation<\/li>\n<li>Les environnements ext\u00e9rieurs, tels que les piscines et les plages, pour cr\u00e9er une atmosph\u00e8re fra\u00eeche et rafra\u00eechissante.<\/li>\n<li>Bureaux ou salles de r\u00e9union en plein air<\/li>\n<li>Dans les salles d&#8217;\u00e9v\u00e9nements ou de r\u00e9ception, l&#8217;ar\u00f4me frais et rafra\u00eechissant de la citronnelle peut contribuer \u00e0 cr\u00e9er une atmosph\u00e8re fra\u00eeche et accueillante.<\/li>\n<li>Chambres \u00e0 coucher pour cr\u00e9er une atmosph\u00e8re fra\u00eeche et relaxante<\/li>\n<li>Restaurants, clubs, magasins et grandes salles<\/li>\n<\/ul>\n<p>La citronnelle est \u00e9galement connue pour ses propri\u00e9t\u00e9s insectifuges, elle peut donc \u00eatre utilis\u00e9e \u00e0 l&#8217;ext\u00e9rieur pour \u00e9loigner les insectes. Notez qu&#8217;il ne s&#8217;agit que de suggestions et que l&#8217;ad\u00e9quation du parfum d\u00e9pend en grande partie des pr\u00e9f\u00e9rences personnelles de chacun.<\/p>\n<p><em><strong>En savoir plus : <a href=\"https:\/\/www.specialscentshop.com\/product\/profumo-ambiente-pompelmo\/\">Parfum d&#8217;ambiance pamplemousse<\/a><\/strong><\/em><\/p>\n","protected":false},"excerpt":{"rendered":"<section class=\"av_textblock_section \">\n<div class=\"avia_textblock \">\n<h2><strong>Notes olfactives : notes de t\u00eate<\/strong><\/h2>\n<p>L&#8217;essence de citronnelle est utilis\u00e9e depuis l&#8217;\u00e9poque romaine comme rem\u00e8de contre les piq\u00fbres d&#8217;insectes. Ses notes olfactives sont l\u00e9g\u00e8rement piquantes et presque similaires \u00e0 celles du citron, mais l&#8217;ar\u00f4me caract\u00e9ristique de la plante est inimitable. <\/p>\n<\/div>\n<\/section>\n","protected":false},"featured_media":43581,"template":"","meta":{"_acf_changed":false},"product_brand":[],"product_cat":[818],"product_tag":[906,902,903],"class_list":{"0":"post-43579","1":"product","2":"type-product","3":"status-publish","4":"has-post-thumbnail","6":"product_cat-parfums-dambiance","7":"product_tag-mariages","8":"product_tag-condominiums","9":"product_tag-environnements-exterieurs","11":"first","12":"instock","13":"taxable","14":"shipping-taxable","15":"purchasable","16":"product-type-variable"},"acf":[],"_links":{"self":[{"href":"https:\/\/www.specialscentshop.com\/fr\/wp-json\/wp\/v2\/product\/43579","targetHints":{"allow":["GET"]}}],"collection":[{"href":"https:\/\/www.specialscentshop.com\/fr\/wp-json\/wp\/v2\/product"}],"about":[{"href":"https:\/\/www.specialscentshop.com\/fr\/wp-json\/wp\/v2\/types\/product"}],"wp:featuredmedia":[{"embeddable":true,"href":"https:\/\/www.specialscentshop.com\/fr\/wp-json\/wp\/v2\/media\/43581"}],"wp:attachment":[{"href":"https:\/\/www.specialscentshop.com\/fr\/wp-json\/wp\/v2\/media?parent=43579"}],"wp:term":[{"taxonomy":"product_brand","embeddable":true,"href":"https:\/\/www.specialscentshop.com\/fr\/wp-json\/wp\/v2\/product_brand?post=43579"},{"taxonomy":"product_cat","embeddable":true,"href":"https:\/\/www.specialscentshop.com\/fr\/wp-json\/wp\/v2\/product_cat?post=43579"},{"taxonomy":"product_tag","embeddable":true,"href":"https:\/\/www.specialscentshop.com\/fr\/wp-json\/wp\/v2\/product_tag?post=43579"}],"curies":[{"name":"wp","href":"https:\/\/api.w.org\/{rel}","templated":true}]}}