{"id":43580,"date":"2020-06-09T15:44:54","date_gmt":"2020-06-09T13:44:54","guid":{"rendered":"https:\/\/www.specialscentshop.com\/product\/perfume-environment-femme-salient\/"},"modified":"2025-07-26T21:14:17","modified_gmt":"2025-07-26T19:14:17","slug":"perfume-environment-femme-salient","status":"publish","type":"product","link":"https:\/\/www.specialscentshop.com\/fr\/produit\/perfume-environment-femme-salient\/","title":{"rendered":"Perfume Environment Femme Saliente"},"content":{"rendered":"<h2><strong>Effets du Perfume Environment Femme saliente<\/strong><\/h2>\n<p>Le parfum se r\u00e9pand rapidement dans la pi\u00e8ce et les notes de t\u00eate d\u00e9licates et fra\u00eeches arrivent en premier, suivies par les notes de c\u0153ur l\u00e9g\u00e8rement fruit\u00e9es et \u00e9pic\u00e9es, puis se terminent par les notes de fond plus intenses et bois\u00e9es. Nous recommandons ce parfum pour les lieux et activit\u00e9s branch\u00e9s tels que : Les magasins de v\u00eatements de marque, les h\u00f4tels de luxe, les salles de conf\u00e9rence, les \u00e9v\u00e9nements priv\u00e9s et les spas.<\/p>\n<h2><strong>Caract\u00e9ristiques <\/strong><\/h2>\n<p>Perfume Environment Femme salient, l&#8217;ar\u00f4me qui procure mille plaisirs et sensations enivrantes. Quiconque a pass\u00e9 du temps \u00e0 la montagne, au bord de la mer ou dans la clairi\u00e8re d&#8217;une for\u00eat sait \u00e0 quel point il est sain de respirer un air sain.<\/p>\n<p>Le Perfume Environment Femme salient est un m\u00e9lange de nombreux \u00e9l\u00e9ments qui forment un parcours olfactif d&#8217;abord subtil puis de plus en plus intense. Gr\u00e2ce aux notes olfactives incroyables et vari\u00e9es de ses combinaisons de parfums, vos invit\u00e9s seront accueillis par cet ar\u00f4me qui est \u00e0 bien des \u00e9gards aussi troublant et intriguant que les couchers de soleil d&#8217;\u00e9t\u00e9 ou les embruns sal\u00e9s sur la peau. Si vous \u00eates \u00e0 la recherche d&#8217;un moyen d&#8217;accro\u00eetre votre activit\u00e9, faites-nous confiance en tant qu&#8217;experts dans ce domaine, le marketing olfactif est l&#8217;avenir et Specialscent offre les meilleurs parfums.<\/p>\n<p><em>Nous disposons d&#8217;une large gamme de diffuseurs d&#8217;ambiance, dont notre tout nouveau spray <a href=\"https:\/\/www.specialscentshop.com\/fr\/produit\/nebula-diffuseur-dambiance-rechargeable\/\">Nebula<\/a>, qui fonctionne avec la m\u00eame technique d&#8217;atomisation que nos diffuseurs, une solution parfaite et \u00e9conomique pour ceux qui souhaitent tester nos produits avant d&#8217;acheter une plus grande quantit\u00e9 de parfum ou un diffuseur. Le format Nebula est en aluminium, rechargeable et surtout respectueux de l&#8217;environnement. A l&#8217;achat d&#8217;un parfum de 0,250 g de votre choix, vous recevez Nebula gratuitement. Id\u00e9al pour les petites quantit\u00e9s. A l&#8217;achat d&#8217;un parfum de 0,250 g de votre choix, vous recevrez gratuitement Nebula. Id\u00e9al pour les petites quantit\u00e9s. <\/em><\/p>\n<h2 class=\"p1\"><b>Particuli\u00e8rement adapt\u00e9 pour :<\/b><\/h2>\n<p>Voici une liste d&#8217;environnements o\u00f9 le parfum Femme Saliente pourrait convenir :<\/p>\n<ul>\n<li>Soir\u00e9es \u00e9l\u00e9gantes et formelles<\/li>\n<li>Rencontres romantiques<\/li>\n<li>Mariages<\/li>\n<li>\u00c9v\u00e9nements de gala<\/li>\n<li>F\u00eates d&#8217;anniversaire<\/li>\n<li>R\u00e9ceptions d&#8217;affaires<\/li>\n<li>Soir\u00e9es au restaurant<\/li>\n<li>Rendez-vous de nuit<\/li>\n<li>Vacances et voyages romantiques<\/li>\n<li>Occasions sp\u00e9ciales<\/li>\n<li class=\"li1\">Restaurants, clubs, magasins et grandes salles<\/li>\n<\/ul>\n<p><em><strong>En savoir plus :<a href=\"https:\/\/www.specialscentshop.com\/fr\/produit\/parfum-dambiance-de-luxe\/\">Luxury<\/a><\/strong><\/em><\/p>\n","protected":false},"excerpt":{"rendered":"<section class=\"av_textblock_section \">\n<div class=\"avia_textblock \">\n<h2><strong>Notes olfactives : t\u00eate &#8211; c\u0153ur &#8211; notes de fond<\/strong><\/h2>\n<p>Perfume Environment Femme salient\u00a0est un m\u00e9lange unique de senteurs. Le profil olfactif qui en r\u00e9sulte est compos\u00e9 des trois types de notes olfactives : notes de t\u00eate, notes de c\u0153ur et notes de fond qui stimulent tous les r\u00e9cepteurs olfactifs gr\u00e2ce aux diff\u00e9rentes nuances du parfum.<\/p>\n<table style=\"height: 157px;\" width=\"588\">\n<tbody>\n<tr>\n<td>\n<p style=\"text-align: center;\"><em><strong>Notes de t\u00eate<\/strong><\/em><\/p>\n<ul>\n<li>Myrte m\u00e9diterran\u00e9en<\/li>\n<li>Algues fra\u00eeches<\/li>\n<li>Eucalyptus<\/li>\n<\/ul>\n<\/td>\n<td>\n<p style=\"text-align: center;\"><strong><em>Notes de c\u0153ur<\/em><\/strong><\/p>\n<p>&nbsp;<\/p>\n<ul>\n<li><span style=\"font-family: inherit; font-size: inherit;\">Timo<\/span><\/li>\n<li>Camomille<\/li>\n<\/ul>\n<\/td>\n<td>\n<p style=\"text-align: center;\"><em><strong>Notes de base<\/strong><\/em><\/p>\n<ul>\n<li>Patchouly<\/li>\n<li>Bois de c\u00e8dre<\/li>\n<li>Traces de vanille<\/li>\n<\/ul>\n<\/td>\n<\/tr>\n<\/tbody>\n<\/table>\n<p><a href=\"https:\/\/www.specialscentshop.com\/fr\/marketing-olfactif\/\"> Marketing olfactif<\/a>, de nouvelles strat\u00e9gies pour votre entreprise<\/p>\n<\/div>\n<\/section>\n<section class=\"av_textblock_section \"><\/section>\n","protected":false},"featured_media":48742,"template":"","meta":{"_acf_changed":false},"product_brand":[],"product_cat":[818],"product_tag":[903,904,784,906,786,907,787],"class_list":{"0":"post-43580","1":"product","2":"type-product","3":"status-publish","4":"has-post-thumbnail","6":"product_cat-parfums-dambiance","7":"product_tag-environnements-exterieurs","8":"product_tag-foires-et-evenements","9":"product_tag-domicile","10":"product_tag-mariages","11":"product_tag-hotel-bb-fr","12":"product_tag-parfums-pour-les-foires-commerciales","13":"product_tag-magasins-shopping","15":"first","16":"instock","17":"taxable","18":"shipping-taxable","19":"purchasable","20":"product-type-variable"},"acf":[],"_links":{"self":[{"href":"https:\/\/www.specialscentshop.com\/fr\/wp-json\/wp\/v2\/product\/43580","targetHints":{"allow":["GET"]}}],"collection":[{"href":"https:\/\/www.specialscentshop.com\/fr\/wp-json\/wp\/v2\/product"}],"about":[{"href":"https:\/\/www.specialscentshop.com\/fr\/wp-json\/wp\/v2\/types\/product"}],"wp:featuredmedia":[{"embeddable":true,"href":"https:\/\/www.specialscentshop.com\/fr\/wp-json\/wp\/v2\/media\/48742"}],"wp:attachment":[{"href":"https:\/\/www.specialscentshop.com\/fr\/wp-json\/wp\/v2\/media?parent=43580"}],"wp:term":[{"taxonomy":"product_brand","embeddable":true,"href":"https:\/\/www.specialscentshop.com\/fr\/wp-json\/wp\/v2\/product_brand?post=43580"},{"taxonomy":"product_cat","embeddable":true,"href":"https:\/\/www.specialscentshop.com\/fr\/wp-json\/wp\/v2\/product_cat?post=43580"},{"taxonomy":"product_tag","embeddable":true,"href":"https:\/\/www.specialscentshop.com\/fr\/wp-json\/wp\/v2\/product_tag?post=43580"}],"curies":[{"name":"wp","href":"https:\/\/api.w.org\/{rel}","templated":true}]}}