{"id":43599,"date":"2020-06-11T14:25:00","date_gmt":"2020-06-11T12:25:00","guid":{"rendered":"https:\/\/www.specialscentshop.com\/product\/parfum-dambiance-cedre\/"},"modified":"2025-07-26T21:51:55","modified_gmt":"2025-07-26T19:51:55","slug":"parfum-dambiance-cedre","status":"publish","type":"product","link":"https:\/\/www.specialscentshop.com\/fr\/produit\/parfum-dambiance-cedre\/","title":{"rendered":"Parfum d&#8217;ambiance C\u00e8dre"},"content":{"rendered":"<h2><strong>Effet sur l&#8217;environnement<\/strong><\/h2>\n<p>Gr\u00e2ce \u00e0 son parfum frais et puissant, le <strong>parfum environnement c\u00e8dre<\/strong> est capable d&#8217;\u00e9liminer facilement les odeurs d\u00e9sagr\u00e9ables, ce qui le rend particuli\u00e8rement adapt\u00e9 aux vestiaires, salles de bains et salles de sport.<\/p>\n<h2><strong>Caract\u00e9ristiques<\/strong><\/h2>\n<p>Gr\u00e2ce \u00e0 ses notes de t\u00eate, c&#8217;est un parfum fort et d\u00e9cisif, tous les amateurs d&#8217;agrumes aimeront certainement cette essence Cr\u00e9e un souvenir dans la<a href=\"https:\/\/it.wikipedia.org\/wiki\/Memoria\" target=\"_blank\" rel=\"noopener\">m\u00e9moire olfactive<\/a> de vos invit\u00e9s Rappelle la simplicit\u00e9 des relations interpersonnelles Ce type de parfum est une nouvelle fa\u00e7on d&#8217;aider notre corps \u00e0 se sentir mieux, \u00e0 prendre soin de nous-m\u00eames et de notre environnement. La cr\u00e9ation d&#8217;une harmonie est l&#8217;un des avantages qui peut \u00e9galement conduire \u00e0 de grands r\u00e9sultats en termes de clients.<\/p>\n<p><em>Nous disposons d&#8217;une large gamme de diffuseurs d&#8217;ambiance, dont notre tout nouveau spray <strong><a href=\"https:\/\/www.specialscentshop.com\/fr\/produit\/nebula-diffuseur-dambiance-rechargeable\/\">Nebula Cedr\u00e8<\/a><\/strong>, qui fonctionne avec la m\u00eame technique d&#8217;atomisation que nos diffuseurs, une solution parfaite et \u00e9conomique pour ceux qui souhaitent tester nos produits avant d&#8217;acheter une plus grande quantit\u00e9 de parfum ou un diffuseur. Le format Nebula est en aluminium, rechargeable et surtout respectueux de l&#8217;environnement. A l&#8217;achat d&#8217;un parfum de 0,250 g de votre choix, vous recevez Nebula gratuitement. Id\u00e9al pour les petites quantit\u00e9s. A l&#8217;achat d&#8217;un parfum de 0,250 g de votre choix, vous recevrez gratuitement Nebula. Id\u00e9al pour les petites quantit\u00e9s. <\/em><\/p>\n<h2 class=\"p1\"><b>Particuli\u00e8rement adapt\u00e9 pour :<\/b><\/h2>\n<ul>\n<li>Maisons de montagne ou chalets en bois<\/li>\n<li>Salles de bains<\/li>\n<li>Chambres \u00e0 coucher<\/li>\n<li>Salons avec meubles en bois et tissus naturels<\/li>\n<li>Salles \u00e0 manger \u00e0 l&#8217;ambiance rustique<\/li>\n<li>Chambres de jardin ou terrasses ext\u00e9rieures<\/li>\n<li>Bureaux ou salles de r\u00e9union avec une atmosph\u00e8re fra\u00eeche et relaxante<\/li>\n<li>Salles de d\u00e9tente ou de lecture<\/li>\n<li>Salle de yoga ou de m\u00e9ditation<\/li>\n<li>Parcs ou jardins naturels<\/li>\n<li>Restaurants, clubs et bars<\/li>\n<\/ul>\n<p>L&#8217;ar\u00f4me frais et bois\u00e9 du c\u00e8dre peut contribuer \u00e0 cr\u00e9er une atmosph\u00e8re relaxante et fra\u00eeche, \u00e9voquant la nature et la d\u00e9tente. Notez qu&#8217;il ne s&#8217;agit que de suggestions et que l&#8217;ad\u00e9quation du parfum d\u00e9pend en grande partie des pr\u00e9f\u00e9rences personnelles de chacun.<\/p>\n<p><em><strong>Lire la suite :<a href=\"https:\/\/www.specialscentshop.com\/fr\/produit\/citron\/\"> Citron<\/a><\/strong><\/em><\/p>\n","protected":false},"excerpt":{"rendered":"<section class=\"av_textblock_section \">\n<div class=\"avia_textblock \">\n<h2><strong>Parfum d&#8217;ambiance c\u00e8dre, Notes olfactives : notes de t\u00eate<\/strong><\/h2>\n<p>En observant le c\u00e8dre, on ne peut s&#8217;emp\u00eacher de remarquer sa majest\u00e9. Ses couleurs chaudes et son ar\u00f4me nous ram\u00e8nent \u00e0 la douceur du climat m\u00e9diterran\u00e9en. La simplicit\u00e9 des gens et l&#8217;\u00e9nergie positive de l&#8217;environnement le placent parmi les parfums les plus authentiques.<\/p>\n<p><strong>Ufi Code: FF00-106H-Q00A-5651<\/strong><\/p>\n<h2><strong>Disponible en solution huile et <a href=\"https:\/\/www.specialscentshop.com\/fr\/categorie-produit\/parfums-et-gels-parfumes\/\">gel<\/a><\/strong><\/h2>\n<\/div>\n<\/section>\n","protected":false},"featured_media":48792,"template":"","meta":{"_acf_changed":false},"product_brand":[],"product_cat":[818,921],"product_tag":[868,784,902,786,903,787,788],"class_list":{"0":"post-43599","1":"product","2":"type-product","3":"status-publish","4":"has-post-thumbnail","6":"product_cat-parfums-dambiance","7":"product_cat-parfums-et-gels-parfumes","8":"product_tag-gymnases-et-sports","9":"product_tag-domicile","10":"product_tag-condominiums","11":"product_tag-hotel-bb-fr","12":"product_tag-environnements-exterieurs","13":"product_tag-magasins-shopping","14":"product_tag-restaurants-et-bars","16":"first","17":"instock","18":"taxable","19":"shipping-taxable","20":"purchasable","21":"product-type-variable"},"acf":[],"_links":{"self":[{"href":"https:\/\/www.specialscentshop.com\/fr\/wp-json\/wp\/v2\/product\/43599","targetHints":{"allow":["GET"]}}],"collection":[{"href":"https:\/\/www.specialscentshop.com\/fr\/wp-json\/wp\/v2\/product"}],"about":[{"href":"https:\/\/www.specialscentshop.com\/fr\/wp-json\/wp\/v2\/types\/product"}],"wp:featuredmedia":[{"embeddable":true,"href":"https:\/\/www.specialscentshop.com\/fr\/wp-json\/wp\/v2\/media\/48792"}],"wp:attachment":[{"href":"https:\/\/www.specialscentshop.com\/fr\/wp-json\/wp\/v2\/media?parent=43599"}],"wp:term":[{"taxonomy":"product_brand","embeddable":true,"href":"https:\/\/www.specialscentshop.com\/fr\/wp-json\/wp\/v2\/product_brand?post=43599"},{"taxonomy":"product_cat","embeddable":true,"href":"https:\/\/www.specialscentshop.com\/fr\/wp-json\/wp\/v2\/product_cat?post=43599"},{"taxonomy":"product_tag","embeddable":true,"href":"https:\/\/www.specialscentshop.com\/fr\/wp-json\/wp\/v2\/product_tag?post=43599"}],"curies":[{"name":"wp","href":"https:\/\/api.w.org\/{rel}","templated":true}]}}