{"id":43621,"date":"2020-06-11T15:27:00","date_gmt":"2020-06-11T13:27:00","guid":{"rendered":"https:\/\/www.specialscentshop.com\/product\/parfum-ambiance-cannabis\/"},"modified":"2025-07-01T09:48:46","modified_gmt":"2025-07-01T07:48:46","slug":"parfum-ambiance-cannabis","status":"publish","type":"product","link":"https:\/\/www.specialscentshop.com\/fr\/produit\/parfum-ambiance-cannabis\/","title":{"rendered":"Cannabis"},"content":{"rendered":"<h2><strong>Effets sur l&#8217;environnement<\/strong><\/h2>\n<p><strong>Parfum Ambiance Cannabis<\/strong>, dans tout environnement de travail qui se respecte, la tranquillit\u00e9 est aussi importante que l&#8217;air que vous respirez, et l&#8217;inhalation d&#8217;un parfum qui rafra\u00eechit l&#8217;esprit favorise certainement la concentration. Ce parfum peut d\u00e9tendre les clients, mais il affecte \u00e9galement la productivit\u00e9 du personnel.<\/p>\n<h2><strong>Caract\u00e9ristiques <\/strong><\/h2>\n<p>Notre entreprise suit les tendances \u00e9volutives du march\u00e9 et les besoins de ses clients. Ce type de parfum ne doit pas \u00eatre consid\u00e9r\u00e9 comme une mode, mais comme une v\u00e9ritable r\u00e9volution visant au bien-\u00eatre psychophysique.<br \/>\nLe chaos ne peut jamais r\u00e9gner dans un environnement agr\u00e9able. La solution parfaite dans un environnement de travail chaotique.<\/p>\n<p>Le parfum de <a href=\"https:\/\/www.canapando.net\/cbd-e-benessere\/\" target=\"_blank\" rel=\"noopener\">cannabis<\/a> offre de nombreux avantages : une nouvelle exp\u00e9rience olfactive un environnement plus d\u00e9tendu les clients se sentiront bien accueillis.<\/p>\n<p><em>Nous disposons d&#8217;une large gamme de diffuseurs d&#8217;ambiance, dont notre tout nouveau spray <a href=\"https:\/\/www.specialscentshop.com\/fr\/produit\/nebula-diffuseur-dambiance-rechargeable\/\"><strong>Nebula Cannabis<\/strong><\/a>, qui fonctionne avec la m\u00eame technique d&#8217;atomisation que nos diffuseurs, une solution parfaite et \u00e9conomique pour ceux qui souhaitent tester nos produits avant d&#8217;acheter une plus grande quantit\u00e9 de parfum ou un diffuseur. Le format Nebula est en aluminium, rechargeable et surtout respectueux de l&#8217;environnement. A l&#8217;achat d&#8217;un parfum de 0,250 g de votre choix, vous recevez Nebula gratuitement. Id\u00e9al pour les petites quantit\u00e9s. A l&#8217;achat d&#8217;un parfum de 0,250 g de votre choix, vous recevrez gratuitement Nebula. Id\u00e9al pour les petites quantit\u00e9s. <\/em><\/p>\n<h2><strong>Particuli\u00e8rement adapt\u00e9 pour :<\/strong><\/h2>\n<ul>\n<li>Chambres \u00e0 coucher pour cr\u00e9er une atmosph\u00e8re relaxante et paisible<\/li>\n<li>Des salles de d\u00e9tente ou de lecture pour cr\u00e9er une atmosph\u00e8re relaxante et confortable<\/li>\n<li>des salles de jardin ou des terrasses ext\u00e9rieures pour cr\u00e9er une atmosph\u00e8re fra\u00eeche et relaxante<\/li>\n<li>Des salons pour cr\u00e9er une atmosph\u00e8re confortable et chaleureuse<\/li>\n<li>Bureaux ou salles de r\u00e9union pour cr\u00e9er une atmosph\u00e8re relaxante et productive<\/li>\n<li>Magasins ou locaux<\/li>\n<\/ul>\n<p><em><strong>lire la suite :<a href=\"https:\/\/www.specialscentshop.com\/fr\/produit\/marijuana-environnement-parfum\/\"> Marijuana Ambient Scent<\/a><\/strong><\/em><\/p>\n","protected":false},"excerpt":{"rendered":"<section class=\"av_textblock_section \">\n<div class=\"avia_textblock \">\n<h2><strong>Notes olfactives du parfum Cannabis Room : notes de c\u0153ur<\/strong><\/h2>\n<p>Contrairement \u00e0 ce que l&#8217;on pourrait penser, le parfum Cannabis d\u00e9gage un ar\u00f4me d\u00e9licat avec des notes florales, de pin et de terre typiques du cannabis. C&#8217;est un parfum qui s&#8217;adapte bien \u00e0 divers environnements, tels que les centres de bien-\u00eatre et les spas, en cr\u00e9ant une atmosph\u00e8re agr\u00e9able sans irriter les r\u00e9cepteurs olfactifs. \u00c0 certains \u00e9gards, il s&#8217;agit d&#8217;un ar\u00f4me provocateur qui cr\u00e9e une alchimie sensuelle tout en apportant s\u00e9r\u00e9nit\u00e9 et tranquillit\u00e9.<\/p>\n<p><strong><a href=\"https:\/\/www.specialscentshop.com\/fr\/marketing-olfactif\/\">Olfactory Marketing<\/a> vous attend !<\/strong><\/p>\n<\/div>\n<\/section>\n","protected":false},"featured_media":43623,"template":"","meta":{"_acf_changed":false},"product_brand":[],"product_cat":[818],"product_tag":[867,784,868,786,870,787,903,788,904,906,907,917],"class_list":{"0":"post-43621","1":"product","2":"type-product","3":"status-publish","4":"has-post-thumbnail","6":"product_cat-parfums-dambiance","7":"product_tag-salles-de-jeux","8":"product_tag-domicile","9":"product_tag-gymnases-et-sports","10":"product_tag-hotel-bb-fr","11":"product_tag-cabinets-medicaux-cliniques","12":"product_tag-magasins-shopping","13":"product_tag-environnements-exterieurs","14":"product_tag-restaurants-et-bars","15":"product_tag-foires-et-evenements","16":"product_tag-mariages","17":"product_tag-parfums-pour-les-foires-commerciales","18":"product_tag-parfums-pour-cabinets-medicaux-cliniques","20":"first","21":"instock","22":"taxable","23":"shipping-taxable","24":"purchasable","25":"product-type-variable"},"acf":[],"_links":{"self":[{"href":"https:\/\/www.specialscentshop.com\/fr\/wp-json\/wp\/v2\/product\/43621","targetHints":{"allow":["GET"]}}],"collection":[{"href":"https:\/\/www.specialscentshop.com\/fr\/wp-json\/wp\/v2\/product"}],"about":[{"href":"https:\/\/www.specialscentshop.com\/fr\/wp-json\/wp\/v2\/types\/product"}],"wp:featuredmedia":[{"embeddable":true,"href":"https:\/\/www.specialscentshop.com\/fr\/wp-json\/wp\/v2\/media\/43623"}],"wp:attachment":[{"href":"https:\/\/www.specialscentshop.com\/fr\/wp-json\/wp\/v2\/media?parent=43621"}],"wp:term":[{"taxonomy":"product_brand","embeddable":true,"href":"https:\/\/www.specialscentshop.com\/fr\/wp-json\/wp\/v2\/product_brand?post=43621"},{"taxonomy":"product_cat","embeddable":true,"href":"https:\/\/www.specialscentshop.com\/fr\/wp-json\/wp\/v2\/product_cat?post=43621"},{"taxonomy":"product_tag","embeddable":true,"href":"https:\/\/www.specialscentshop.com\/fr\/wp-json\/wp\/v2\/product_tag?post=43621"}],"curies":[{"name":"wp","href":"https:\/\/api.w.org\/{rel}","templated":true}]}}