{"id":43643,"date":"2020-06-11T15:12:12","date_gmt":"2020-06-11T13:12:12","guid":{"rendered":"https:\/\/www.specialscentshop.com\/product\/bems-ambience-parfum\/"},"modified":"2025-07-27T09:45:39","modified_gmt":"2025-07-27T07:45:39","slug":"bems-ambience-parfum","status":"publish","type":"product","link":"https:\/\/www.specialscentshop.com\/fr\/produit\/bems-ambience-parfum\/","title":{"rendered":"Bems Ambience Parfum"},"content":{"rendered":"<h2><strong>Effet sur l&#8217;environnement<\/strong><\/h2>\n<p><strong>Bems parfum d&#8217;ambiance,<\/strong> la senteur intense du bois est un effet voulu pour rehausser les<strong> notes marines<\/strong>, qui sont en revanche plus fra\u00eeches et plus d\u00e9licates. Nous recommandons les notes fortes de ce parfum pour les boutiques de v\u00eatements pour hommes, les bureaux professionnels, les halls d&#8217;h\u00f4tel et les salles de conf\u00e9rence. Ce parfum est capable de bouleverser compl\u00e8tement le concept de marketing. Nous vous proposons les meilleurs parfums pour vous aider dans cette entreprise et mettre en \u0153uvre votre activit\u00e9.<\/p>\n<h3 class=\"serp-title\">Bems Parfum D&#8217;ambiance Qui Dure Longtemps:<\/h3>\n<p>Identifier un environnement fort et professionnel Id\u00e9al pour le marketing olfactif Pensez \u00e0 tous les avantages que vous pouvez obtenir simplement en utilisant des parfums qui vous rappellent quelque chose.<\/p>\n<p><em>Nous disposons d&#8217;une large gamme de diffuseurs d&#8217;ambiance, dont notre tout nouveau spray <a href=\"https:\/\/www.specialscentshop.com\/fr\/produit\/nebula-diffuseur-dambiance-rechargeable\/\"><strong>Nebula Bems<\/strong><\/a>, qui fonctionne avec la m\u00eame technique d&#8217;atomisation que nos diffuseurs, une solution parfaite et \u00e9conomique pour ceux qui souhaitent tester nos produits avant d&#8217;acheter une plus grande quantit\u00e9 de parfum ou un diffuseur. Le format Nebula est en aluminium, rechargeable et surtout respectueux de l&#8217;environnement. A l&#8217;achat d&#8217;un parfum de 0,250 g de votre choix, vous recevez Nebula gratuitement. Id\u00e9al pour les petites quantit\u00e9s. <\/em><\/p>\n<h2 class=\"p1\"><b>Particuli\u00e8rement adapt\u00e9 pour :<\/b><\/h2>\n<ul>\n<li>H\u00f4tel de vill\u00e9giature en bord de mer<\/li>\n<li>Chambres \u00e0 coucher<\/li>\n<li>Vente au d\u00e9tail de v\u00eatements de sport<\/li>\n<li>Salles \u00e0 manger \u00e0 l&#8217;ambiance rustique<\/li>\n<li>Chambres de jardin ou terrasses ext\u00e9rieures<\/li>\n<li>Bureaux ou salles de r\u00e9union avec une atmosph\u00e8re fra\u00eeche et relaxante<\/li>\n<li>Salles de d\u00e9tente ou de lecture<\/li>\n<li>Salle de yoga ou de m\u00e9ditation<\/li>\n<li>Parcs ou jardins naturels<\/li>\n<li>Dans les environnements marins ou les zones c\u00f4ti\u00e8res, l&#8217;ar\u00f4me du bois marin peut \u00e9voquer la mer et la plage, cr\u00e9ant ainsi une atmosph\u00e8re fra\u00eeche et relaxante.<\/li>\n<\/ul>\n<p>Notez qu&#8217;il ne s&#8217;agit que de suggestions et que l&#8217;ad\u00e9quation du parfum d\u00e9pend en grande partie des pr\u00e9f\u00e9rences personnelles de chacun.<\/p>\n<p><em><strong>Parfum D&#8217;ambiance Qui Dure Longtemps :<a href=\"https:\/\/www.specialscentshop.com\/fr\/produit\/parfum-sublimo-ambience\/\"> Sublimo<\/a><\/strong><\/em><\/p>\n","protected":false},"excerpt":{"rendered":"<h2><strong>Notes olfactives Parfum d&#8217;ambiance Bems : notes de fond <\/strong><\/h2>\n<p>Nous la trouvons au fond de la <strong>Priamide olfactive<\/strong>, dans les &#8216;Notes de Base&#8217;, celles que nous percevons d\u00e8s que le Parfum est lib\u00e9r\u00e9, plus intenses et d\u00e9cisives. Bems Ambiance est capable de diffuser un ar\u00f4me qui donne une empreinte d\u00e9cisive \u00e0 votre environnement, le rendant plus attrayant et professionnel, une essence qui s&#8217;adapte parfaitement \u00e0 chaque situation. C&#8217;est l&#8217;exaltation des parfums masculins, ses notes bois\u00e9es et ses notes marines cr\u00e9ent un m\u00e9lange parfait et \u00e9quilibr\u00e9. La sensation que vous ressentez lorsqu&#8217;il est lib\u00e9r\u00e9 dans l&#8217;air est la m\u00eame que celle que vous \u00e9prouvez en regardant les vagues de la mer d\u00e9cha\u00een\u00e9e se briser sur les rochers. Un parfum qui enveloppe compl\u00e8tement toute la pi\u00e8ce de son ar\u00f4me incomparable.<\/p>\n","protected":false},"featured_media":48817,"template":"","meta":{"_acf_changed":false},"product_brand":[],"product_cat":[818],"product_tag":[867,784,868,785,870,786,902,787,903,904,907,917],"class_list":{"0":"post-43643","1":"product","2":"type-product","3":"status-publish","4":"has-post-thumbnail","6":"product_cat-parfums-dambiance","7":"product_tag-salles-de-jeux","8":"product_tag-domicile","9":"product_tag-gymnases-et-sports","10":"product_tag-bureau","11":"product_tag-cabinets-medicaux-cliniques","12":"product_tag-hotel-bb-fr","13":"product_tag-condominiums","14":"product_tag-magasins-shopping","15":"product_tag-environnements-exterieurs","16":"product_tag-foires-et-evenements","17":"product_tag-parfums-pour-les-foires-commerciales","18":"product_tag-parfums-pour-cabinets-medicaux-cliniques","20":"first","21":"instock","22":"taxable","23":"shipping-taxable","24":"purchasable","25":"product-type-variable"},"acf":[],"_links":{"self":[{"href":"https:\/\/www.specialscentshop.com\/fr\/wp-json\/wp\/v2\/product\/43643","targetHints":{"allow":["GET"]}}],"collection":[{"href":"https:\/\/www.specialscentshop.com\/fr\/wp-json\/wp\/v2\/product"}],"about":[{"href":"https:\/\/www.specialscentshop.com\/fr\/wp-json\/wp\/v2\/types\/product"}],"wp:featuredmedia":[{"embeddable":true,"href":"https:\/\/www.specialscentshop.com\/fr\/wp-json\/wp\/v2\/media\/48817"}],"wp:attachment":[{"href":"https:\/\/www.specialscentshop.com\/fr\/wp-json\/wp\/v2\/media?parent=43643"}],"wp:term":[{"taxonomy":"product_brand","embeddable":true,"href":"https:\/\/www.specialscentshop.com\/fr\/wp-json\/wp\/v2\/product_brand?post=43643"},{"taxonomy":"product_cat","embeddable":true,"href":"https:\/\/www.specialscentshop.com\/fr\/wp-json\/wp\/v2\/product_cat?post=43643"},{"taxonomy":"product_tag","embeddable":true,"href":"https:\/\/www.specialscentshop.com\/fr\/wp-json\/wp\/v2\/product_tag?post=43643"}],"curies":[{"name":"wp","href":"https:\/\/api.w.org\/{rel}","templated":true}]}}