{"id":43735,"date":"2022-09-02T09:09:27","date_gmt":"2022-09-02T07:09:27","guid":{"rendered":"https:\/\/www.specialscentshop.com\/product\/voiture-neuve\/"},"modified":"2025-04-01T22:23:44","modified_gmt":"2025-04-01T20:23:44","slug":"voiture-neuve","status":"publish","type":"product","link":"https:\/\/www.specialscentshop.com\/fr\/produit\/voiture-neuve\/","title":{"rendered":"Voiture neuve"},"content":{"rendered":"<h2><strong>Senteur de voiture neuve Effet sur l&#8217;environnement<\/strong><\/h2>\n<p><strong>Parfum de voiture neuve<\/strong>, toute salle d&#8217;exposition de voitures ou de caravanes doit conserver ce parfum frais que toute salle d&#8217;exposition de voitures devrait avoir, mais m\u00eame \u00e0 l&#8217;int\u00e9rieur des voitures, des caravanes ou des autocars, il devrait toujours y avoir un diffuseur qui \u00e9met ce parfum, \u00e9liminant les mauvaises odeurs telles que les cigarettes ou les poils de chien mouill\u00e9s.<\/p>\n<h2><strong>Caract\u00e9ristiques<\/strong><\/h2>\n<p>Le nouveau <strong>parfum d&#8217;ambiance des<\/strong> voitures est synonyme de fra\u00eecheur et est tr\u00e8s proche du concept de nature. La cr\u00e9ation d&#8217;un environnement confortable, en particulier lors de longs trajets o\u00f9 la simple odeur de sueur est source d&#8217;inconfort, est certainement un avantage \u00e0 ne pas sous-estimer, surtout si vos clients, une fois mont\u00e9s dans le v\u00e9hicule qui les conduira \u00e0 leur destination, y passeront des heures de d\u00e9tente. Ils choisiront toujours votre entreprise \u00e0 l&#8217;avenir.<\/p>\n<h2><strong>Particuli\u00e8rement adapt\u00e9 pour :<\/strong><\/h2>\n<ul>\n<li>Voitures : l&#8217;odeur d&#8217;une voiture neuve est principalement due aux mat\u00e9riaux utilis\u00e9s dans la construction de la voiture et \u00e0 l&#8217;odeur de neuf des tissus et des composants.<\/li>\n<li>Camping-cars \/ caravanes : Convient \u00e9galement parfaitement aux camping-cars et aux caravanes.<\/li>\n<li>Salles d&#8217;exposition de voitures : un parfum qui peut agir de mani\u00e8re \u00e9motionnelle et positive sur les clients potentiels.<\/li>\n<\/ul>\n<p><em><strong>en savoir plus : <a href=\"https:\/\/www.specialscentshop.com\/fr\/produit\/orange-bois-cuir\/\">Orange, bois, cuir<\/a><\/strong><\/em><\/p>\n<p><em>Nous disposons d&#8217;une large gamme de <strong>diffuseurs d&#8217;ambiance<\/strong>, dont notre tout nouveau spray Nebula Nous disposons d&#8217;une large gamme de <strong>diffuseurs d&#8217;ambiance<\/strong>, dont notre tout nouveau spray<a href=\"https:\/\/www.specialscentshop.com\/fr\/produit\/nebula-diffuseur-dambiance-rechargeable\/\"><strong> Nebula parfum de voiture neuve<\/strong>\u00a0 <\/a>, qui fonctionne avec la m\u00eame technique d&#8217;atomisation que nos diffuseurs, une solution parfaite et \u00e9conomique pour ceux qui souhaitent tester nos produits avant d&#8217;acheter une plus grande quantit\u00e9 de parfum ou un diffuseur. Le format Nebula est en aluminium, rechargeable et surtout respectueux de l&#8217;environnement. A l&#8217;achat d&#8217;un parfum de 0,250 g de votre choix, vous recevez Nebula gratuitement. Id\u00e9al pour les petites quantit\u00e9s., qui fonctionne avec la m\u00eame technique d&#8217;atomisation que nos diffuseurs, une solution parfaite et \u00e9conomique pour ceux qui souhaitent tester nos produits avant d&#8217;acheter une plus grande quantit\u00e9 de parfum ou un diffuseur.\u00a0<\/em><\/p>\n","protected":false},"excerpt":{"rendered":"<h3><strong>Notes olfactives : notes de t\u00eate<\/strong><\/h3>\n<p>Le <strong>parfum d&#8217;ambiance pour<\/strong> voitures neuves est con\u00e7u pour conserver la bonne odeur que d\u00e9gage chaque voiture fra\u00eechement sortie de chez le concessionnaire. Ce <strong>parfum aux notes aquatiques<\/strong> est parfait pour \u00e9liminer les mauvaises odeurs des voitures, des caravanes et des autocars.<\/p>\n","protected":false},"featured_media":49093,"template":"","meta":{"_acf_changed":false},"product_brand":[],"product_cat":[818],"product_tag":[903,904,907,787,853],"class_list":{"0":"post-43735","1":"product","2":"type-product","3":"status-publish","4":"has-post-thumbnail","6":"product_cat-parfums-dambiance","7":"product_tag-environnements-exterieurs","8":"product_tag-foires-et-evenements","9":"product_tag-parfums-pour-les-foires-commerciales","10":"product_tag-magasins-shopping","11":"product_tag-voitures-vehicules-a-moteur","13":"first","14":"instock","15":"taxable","16":"shipping-taxable","17":"purchasable","18":"product-type-variable"},"acf":[],"_links":{"self":[{"href":"https:\/\/www.specialscentshop.com\/fr\/wp-json\/wp\/v2\/product\/43735","targetHints":{"allow":["GET"]}}],"collection":[{"href":"https:\/\/www.specialscentshop.com\/fr\/wp-json\/wp\/v2\/product"}],"about":[{"href":"https:\/\/www.specialscentshop.com\/fr\/wp-json\/wp\/v2\/types\/product"}],"wp:featuredmedia":[{"embeddable":true,"href":"https:\/\/www.specialscentshop.com\/fr\/wp-json\/wp\/v2\/media\/49093"}],"wp:attachment":[{"href":"https:\/\/www.specialscentshop.com\/fr\/wp-json\/wp\/v2\/media?parent=43735"}],"wp:term":[{"taxonomy":"product_brand","embeddable":true,"href":"https:\/\/www.specialscentshop.com\/fr\/wp-json\/wp\/v2\/product_brand?post=43735"},{"taxonomy":"product_cat","embeddable":true,"href":"https:\/\/www.specialscentshop.com\/fr\/wp-json\/wp\/v2\/product_cat?post=43735"},{"taxonomy":"product_tag","embeddable":true,"href":"https:\/\/www.specialscentshop.com\/fr\/wp-json\/wp\/v2\/product_tag?post=43735"}],"curies":[{"name":"wp","href":"https:\/\/api.w.org\/{rel}","templated":true}]}}