{"id":43736,"date":"2022-06-24T11:36:03","date_gmt":"2022-06-24T09:36:03","guid":{"rendered":"https:\/\/www.specialscentshop.com\/product\/parfum-dambiance-ambre-et-tabac\/"},"modified":"2025-03-07T20:35:05","modified_gmt":"2025-03-07T19:35:05","slug":"parfum-dambiance-ambre-et-tabac","status":"publish","type":"product","link":"https:\/\/www.specialscentshop.com\/fr\/produit\/parfum-dambiance-ambre-et-tabac\/","title":{"rendered":"Parfum d&#8217;ambiance Ambre et Tabac"},"content":{"rendered":"<h2><strong>Effet sur l&#8217;environnement<\/strong><\/h2>\n<p><strong>Parfum d&#8217;ambiance ambre et tabac<\/strong>, la fragrance se marie bien avec les pi\u00e8ces aux couleurs ethniques.<br \/>\nSes notes intenses peuvent \u00eatre diffus\u00e9es dans des ambiances o\u00f9 le bois pr\u00e9domine, et lorsque des lumi\u00e8res douces sont allum\u00e9es pour cr\u00e9er l&#8217;atmosph\u00e8re. Toute l&#8217;ambiance est transform\u00e9e et des notes sensuelles sont diffus\u00e9es.<\/p>\n<h2><strong>Caract\u00e9ristiques du parfum d&#8217;ambiance ambre et tabac<\/strong><\/h2>\n<p>Le parfum d&#8217;ambiance Ambre et Tabac est unique, son m\u00e9lange de fragrances d\u00e9gage des sensations chaudes et enveloppantes, o\u00f9 vous pouvez vous laisser aller au cr\u00e9puscule de votre \u00e2me. O\u00f9 que vous d\u00e9cidiez d&#8217;utiliser ce parfum, vous vous rendrez vite compte \u00e0 quel point il peut changer l&#8217;atmosph\u00e8re de vos pi\u00e8ces. Une nouvelle exp\u00e9rience olfactive pour tous.<\/p>\n<h2><strong>Particuli\u00e8rement adapt\u00e9 pour :<\/strong><\/h2>\n<ul>\n<li>Chambre \u00e0 coucher : l&#8217;ambre a des propri\u00e9t\u00e9s relaxantes et s\u00e9duisantes qui peuvent aider \u00e0 cr\u00e9er une atmosph\u00e8re chaude et confortable pour dormir. Le tabac peut contribuer \u00e0 cr\u00e9er une atmosph\u00e8re chaleureuse et rustique.<\/li>\n<li>Salon : l&#8217;ambre a des propri\u00e9t\u00e9s chaleureuses et r\u00e9confortantes qui peuvent aider \u00e0 cr\u00e9er une atmosph\u00e8re douillette et confortable pour se d\u00e9tendre. Le tabac peut contribuer \u00e0 cr\u00e9er une atmosph\u00e8re rustique et chaleureuse.<\/li>\n<li>Salon : l&#8217;ambre a des propri\u00e9t\u00e9s chaleureuses et r\u00e9confortantes qui peuvent aider \u00e0 cr\u00e9er une atmosph\u00e8re douillette et confortable pour se d\u00e9tendre. Le tabac peut contribuer \u00e0 cr\u00e9er une atmosph\u00e8re rustique et chaleureuse.<\/li>\n<li>\u00c9tude : l&#8217;ambre a des propri\u00e9t\u00e9s stimulantes et s\u00e9duisantes qui peuvent contribuer \u00e0 cr\u00e9er une atmosph\u00e8re concentr\u00e9e et professionnelle. Le tabac peut contribuer \u00e0 cr\u00e9er une atmosph\u00e8re rustique et chaleureuse.<\/li>\n<li>Bars\/restaurants et salons : l&#8217;ambre a des propri\u00e9t\u00e9s invitantes et s\u00e9duisantes qui peuvent contribuer \u00e0 cr\u00e9er une atmosph\u00e8re chaleureuse et accueillante pour les clients. Le tabac peut contribuer \u00e0 cr\u00e9er une atmosph\u00e8re rustique et chaleureuse. Pour cr\u00e9er une atmosph\u00e8re sophistiqu\u00e9e et raffin\u00e9e.<\/li>\n<li>Fumoir : l&#8217;ambre a des propri\u00e9t\u00e9s s\u00e9duisantes et chaleureuses qui peuvent contribuer \u00e0 cr\u00e9er une atmosph\u00e8re attrayante et confortable pour les fumeurs.<\/li>\n<li>Spas et centres de bien-\u00eatre : pour cr\u00e9er une atmosph\u00e8re relaxante et apaisante.<\/li>\n<li>Chambres \u00e0 coucher : pour cr\u00e9er une atmosph\u00e8re romantique et intime<\/li>\n<li>Bureaux et lieux de travail : pour cr\u00e9er une atmosph\u00e8re professionnelle et sophistiqu\u00e9e.<\/li>\n<\/ul>\n<p><em><strong>En savoir plus : <a href=\"https:\/\/www.specialscentshop.com\/fr\/produit\/oud-special\/\">Parfum Oud Ambience<\/a><\/strong><\/em><\/p>\n<p><em>Nous disposons d&#8217;une large gamme de diffuseurs d&#8217;ambiance, dont notre tout nouveau spray <a href=\"https:\/\/www.specialscentshop.com\/fr\/produit\/nebula-diffuseur-dambiance-rechargeable\/\">Nebula<\/a>, qui fonctionne avec la m\u00eame technique d&#8217;atomisation que nos diffuseurs, une solution parfaite et \u00e9conomique pour ceux qui souhaitent tester nos produits avant d&#8217;acheter une plus grande quantit\u00e9 de parfum ou un diffuseur. Le format Nebula est en aluminium, rechargeable et surtout respectueux de l&#8217;environnement. A l&#8217;achat d&#8217;un parfum de 0,250 g de votre choix, vous recevez Nebula gratuitement. Id\u00e9al pour les petites quantit\u00e9s.<\/em><\/p>\n","protected":false},"excerpt":{"rendered":"<h3>Notes olfactives : notes de fond<\/h3>\n<p>Le parfum d&#8217;ambiance ambre et tabac est un parfum tr\u00e8s particulier, combinant les senteurs \u00e9pic\u00e9es de l&#8217;Orient avec les senteurs plus fortes du tabac cubain. La rencontre de deux mondes, o\u00f9 la chaleur du d\u00e9sert s&#8217;allie \u00e0 la douceur du tabac, comme dans une danse tant\u00f4t sensuelle, tant\u00f4t tribale.<\/p>\n<p><strong>CODE UFI: RH00-H0VX-000T-THR3<\/strong><\/p>\n","protected":false},"featured_media":48842,"template":"","meta":{"_acf_changed":false},"product_brand":[],"product_cat":[818],"product_tag":[904,784,906,786,907,787,788],"class_list":{"0":"post-43736","1":"product","2":"type-product","3":"status-publish","4":"has-post-thumbnail","6":"product_cat-parfums-dambiance","7":"product_tag-foires-et-evenements","8":"product_tag-domicile","9":"product_tag-mariages","10":"product_tag-hotel-bb-fr","11":"product_tag-parfums-pour-les-foires-commerciales","12":"product_tag-magasins-shopping","13":"product_tag-restaurants-et-bars","15":"first","16":"instock","17":"taxable","18":"shipping-taxable","19":"purchasable","20":"product-type-variable"},"acf":[],"_links":{"self":[{"href":"https:\/\/www.specialscentshop.com\/fr\/wp-json\/wp\/v2\/product\/43736","targetHints":{"allow":["GET"]}}],"collection":[{"href":"https:\/\/www.specialscentshop.com\/fr\/wp-json\/wp\/v2\/product"}],"about":[{"href":"https:\/\/www.specialscentshop.com\/fr\/wp-json\/wp\/v2\/types\/product"}],"wp:featuredmedia":[{"embeddable":true,"href":"https:\/\/www.specialscentshop.com\/fr\/wp-json\/wp\/v2\/media\/48842"}],"wp:attachment":[{"href":"https:\/\/www.specialscentshop.com\/fr\/wp-json\/wp\/v2\/media?parent=43736"}],"wp:term":[{"taxonomy":"product_brand","embeddable":true,"href":"https:\/\/www.specialscentshop.com\/fr\/wp-json\/wp\/v2\/product_brand?post=43736"},{"taxonomy":"product_cat","embeddable":true,"href":"https:\/\/www.specialscentshop.com\/fr\/wp-json\/wp\/v2\/product_cat?post=43736"},{"taxonomy":"product_tag","embeddable":true,"href":"https:\/\/www.specialscentshop.com\/fr\/wp-json\/wp\/v2\/product_tag?post=43736"}],"curies":[{"name":"wp","href":"https:\/\/api.w.org\/{rel}","templated":true}]}}