{"id":43759,"date":"2022-09-02T09:14:06","date_gmt":"2022-09-02T07:14:06","guid":{"rendered":"https:\/\/www.specialscentshop.com\/product\/orange-bois-cuir\/"},"modified":"2025-03-09T21:43:52","modified_gmt":"2025-03-09T20:43:52","slug":"orange-bois-cuir","status":"publish","type":"product","link":"https:\/\/www.specialscentshop.com\/fr\/produit\/orange-bois-cuir\/","title":{"rendered":"Orange, bois, cuir"},"content":{"rendered":"<h2><strong>Orange, bois, cuir, ses effets sur l&#8217;environnement<\/strong><\/h2>\n<p>Cette <strong>fragrance<\/strong> peut sans aucun doute \u00eatre diffus\u00e9e dans les magasins de maroquinerie, les salles d&#8217;exposition de meubles, les papeteries et les bureaux de tabac. Le contact avec l&#8217;odeur d&#8217;orange, de cuir et de bois rend l&#8217;environnement particuli\u00e8rement captivant. <a href=\"https:\/\/it.wikipedia.org\/wiki\/Aroma\" target=\"_blank\" rel=\"noopener\"><strong>L&#8217;ar\u00f4me<\/strong><\/a> diffus\u00e9 dans les salles de r\u00e9union des entreprises donnera du style \u00e0 votre marque et \u00e0 votre nom.<\/p>\n<h2><strong>Caract\u00e9ristiques<\/strong><\/h2>\n<p>Fort de son exp\u00e9rience dans le domaine des parfums et des <strong>fragrances<\/strong>, Special Scent a choisi de donner du style \u00e0 des environnements majoritairement masculins, mais aussi l\u00e0 o\u00f9 il est important de laisser sa signature, comme une empreinte ind\u00e9l\u00e9bile. Une exp\u00e9rience olfactive unique, une strat\u00e9gie marketing qui trouve aujourd&#8217;hui sa place partout o\u00f9 elle est propos\u00e9e.<\/p>\n<h2><strong>Particuli\u00e8rement adapt\u00e9 pour :<\/strong><\/h2>\n<ul>\n<li>Salon : le parfum de l&#8217;orange peut contribuer \u00e0 cr\u00e9er une atmosph\u00e8re douillette et chaleureuse, tandis que le bois et le cuir peuvent contribuer \u00e0 cr\u00e9er une atmosph\u00e8re rustique et confortable.<\/li>\n<li>Salon : le parfum du bois d&#8217;oranger et du cuir peut contribuer \u00e0 cr\u00e9er une atmosph\u00e8re fra\u00eeche et vivante.<\/li>\n<li>Chambre \u00e0 coucher : le parfum de l&#8217;orange peut contribuer \u00e0 cr\u00e9er une atmosph\u00e8re fra\u00eeche et vivifiante, tandis que le bois et le cuir peuvent contribuer \u00e0 cr\u00e9er une atmosph\u00e8re chaleureuse et confortable.<\/li>\n<li>Bureau : le parfum de l&#8217;orange peut contribuer \u00e0 cr\u00e9er une atmosph\u00e8re fra\u00eeche et stimulante, tandis que le bois et le cuir peuvent contribuer \u00e0 cr\u00e9er une atmosph\u00e8re chaleureuse et professionnelle.<\/li>\n<li>Bar\/restaurant : le parfum de l&#8217;orange peut contribuer \u00e0 cr\u00e9er une atmosph\u00e8re fra\u00eeche et accueillante, tandis que le bois et le cuir peuvent contribuer \u00e0 cr\u00e9er une atmosph\u00e8re chaleureuse et accueillante.<\/li>\n<li>Magasin de cuir : le parfum de l&#8217;orange peut contribuer \u00e0 cr\u00e9er une atmosph\u00e8re fra\u00eeche et accueillante, tandis que le bois et le cuir peuvent contribuer \u00e0 cr\u00e9er une atmosph\u00e8re chaleureuse et accueillante.<\/li>\n<li>Spa : le parfum de l&#8217;orange peut contribuer \u00e0 cr\u00e9er une atmosph\u00e8re fra\u00eeche et vivifiante, tandis que le bois et le cuir peuvent contribuer \u00e0 cr\u00e9er une atmosph\u00e8re chaleureuse et relaxante.<\/li>\n<li>Salle de massage : le parfum de l&#8217;orange peut contribuer \u00e0 cr\u00e9er une atmosph\u00e8re fra\u00eeche et vivifiante, tandis que le bois et le cuir peuvent contribuer \u00e0 cr\u00e9er une atmosph\u00e8re chaleureuse et relaxante.<\/li>\n<\/ul>\n<p><em><strong>Lire la suite : <a href=\"https:\/\/www.specialscentshop.com\/fr\/produit\/parfum-dambiance-cuir-et-cuir\/\">Cuir et cuir<\/a><\/strong><\/em><\/p>\n<p><em>Nous disposons d&#8217;une large gamme de <strong>diffuseurs d&#8217;ambiance,<\/strong> dont notre tout nouveau spray <a href=\"https:\/\/www.specialscentshop.com\/fr\/produit\/nebula-diffuseur-dambiance-rechargeable\/\">Nebula<\/a>, qui fonctionne avec la m\u00eame technique d&#8217;atomisation que nos diffuseurs, une solution parfaite et \u00e9conomique pour ceux qui souhaitent tester nos produits avant d&#8217;acheter une plus grande quantit\u00e9 de parfum ou un diffuseur. Le format Nebula est en aluminium, rechargeable et surtout respectueux de l&#8217;environnement. A l&#8217;achat d&#8217;un parfum de 0,250 g de votre choix, vous recevez Nebula gratuitement. Id\u00e9al pour les petites quantit\u00e9s.<\/em><\/p>\n","protected":false},"excerpt":{"rendered":"<h3>Environnement olfactif Orange Bois Cuir.<\/h3>\n<p>Orange, bois, cuir, le parfum d&#8217;<strong>ambiance<\/strong> qui concentre toute l&#8217;\u00e9nergie d&#8217;une fragrance qui se distingue par sa personnalit\u00e9 et son audace, car ce sont ceux qui se distinguent et qui marquent. La signature d&#8217;une marque \u00e0 fort impact est certainement sa sph\u00e8re.<\/p>\n","protected":false},"featured_media":49118,"template":"","meta":{"_acf_changed":false},"product_brand":[],"product_cat":[818],"product_tag":[904,907,787,903],"class_list":{"0":"post-43759","1":"product","2":"type-product","3":"status-publish","4":"has-post-thumbnail","6":"product_cat-parfums-dambiance","7":"product_tag-foires-et-evenements","8":"product_tag-parfums-pour-les-foires-commerciales","9":"product_tag-magasins-shopping","10":"product_tag-environnements-exterieurs","12":"first","13":"instock","14":"taxable","15":"shipping-taxable","16":"purchasable","17":"product-type-variable"},"acf":[],"_links":{"self":[{"href":"https:\/\/www.specialscentshop.com\/fr\/wp-json\/wp\/v2\/product\/43759","targetHints":{"allow":["GET"]}}],"collection":[{"href":"https:\/\/www.specialscentshop.com\/fr\/wp-json\/wp\/v2\/product"}],"about":[{"href":"https:\/\/www.specialscentshop.com\/fr\/wp-json\/wp\/v2\/types\/product"}],"wp:featuredmedia":[{"embeddable":true,"href":"https:\/\/www.specialscentshop.com\/fr\/wp-json\/wp\/v2\/media\/49118"}],"wp:attachment":[{"href":"https:\/\/www.specialscentshop.com\/fr\/wp-json\/wp\/v2\/media?parent=43759"}],"wp:term":[{"taxonomy":"product_brand","embeddable":true,"href":"https:\/\/www.specialscentshop.com\/fr\/wp-json\/wp\/v2\/product_brand?post=43759"},{"taxonomy":"product_cat","embeddable":true,"href":"https:\/\/www.specialscentshop.com\/fr\/wp-json\/wp\/v2\/product_cat?post=43759"},{"taxonomy":"product_tag","embeddable":true,"href":"https:\/\/www.specialscentshop.com\/fr\/wp-json\/wp\/v2\/product_tag?post=43759"}],"curies":[{"name":"wp","href":"https:\/\/api.w.org\/{rel}","templated":true}]}}