{"id":43767,"date":"2020-06-11T14:21:39","date_gmt":"2020-06-11T12:21:39","guid":{"rendered":"https:\/\/www.specialscentshop.com\/product\/citron\/"},"modified":"2025-07-27T15:47:02","modified_gmt":"2025-07-27T13:47:02","slug":"citron","status":"publish","type":"product","link":"https:\/\/www.specialscentshop.com\/fr\/produit\/citron\/","title":{"rendered":"Citron"},"content":{"rendered":"<h2><strong>Effets sur l&#8217;environnement<\/strong><\/h2>\n<p>Depuis l&#8217;\u00e9poque romaine, le<strong> parfum d&#8217;ambiance au citron<\/strong> est l&#8217;un des fruits embl\u00e9matiques de la culture m\u00e9diterran\u00e9enne, un<a href=\"https:\/\/www.valfrutta.it\/magazine\/limone-un-farmaco-naturale\/#:~:text=Ricco%20di%20vitamina%20C%2C%20flavonoidi,di%20alcune%20patologie%20degenerative%20quali\" target=\"_blank\" rel=\"noopener\"> antioxydant naturel<\/a> pour le bien-\u00eatre physique. Son parfum favorise la concentration et ne fatigue jamais. Ce parfum convient aux environnements dynamiques tels que les salles de sport ou les lieux o\u00f9 la concentration est primordiale, par exemple : les bureaux, les salles de classe, les biblioth\u00e8ques, les salles de conf\u00e9rence et m\u00eame les environnements domestiques. Le<strong> parfum de citron<\/strong> se r\u00e9pand rapidement dans la pi\u00e8ce en rehaussant les notes de t\u00eate, son ar\u00f4me rappelle les couleurs de l&#8217;\u00e9t\u00e9 et insuffle force et bien-\u00eatre. Ne manquez pas l&#8217;occasion de renouveler votre espace. Avec ce parfum, vous pouvez ajouter une touche suppl\u00e9mentaire \u00e0 vos locaux et rendre votre personnel plus heureux et vos clients plus satisfaits.<\/p>\n<h2><strong>Caract\u00e9ristiques<\/strong><\/h2>\n<p>Vous ne trouverez aucune autre fragrance capable de parfumer votre environnement comme celle-ci !<\/p>\n<p>Prenez soin de votre maison et de votre lieu de travail en le renouvelant avec cette essence et vous ne voudrez plus jamais vous en passer ! Cr\u00e9ez une nouvelle exp\u00e9rience olfactive La couleur, l&#8217;odeur et le go\u00fbt caract\u00e9ristiques nous accompagnent depuis toujours et nous rappellent \u00e0 quel point les fruits de la nature sont merveilleux.<\/p>\n<h2 class=\"p1\"><b>Particuli\u00e8rement adapt\u00e9 pour :<\/b><\/h2>\n<ul>\n<li>Cuisines et restaurants<\/li>\n<li>Salles de bains<\/li>\n<li>Chambres \u00e0 coucher<\/li>\n<li>Salons avec mobilier moderne<\/li>\n<li>Salles \u00e0 manger \u00e0 l&#8217;ambiance \u00e9l\u00e9gante<\/li>\n<li>Chambres de jardin ou terrasses ext\u00e9rieures<\/li>\n<li>Bureaux ou salles de r\u00e9union avec une atmosph\u00e8re fra\u00eeche et relaxante<\/li>\n<li>Salles de d\u00e9tente ou de lecture<\/li>\n<li>Salle de yoga ou de m\u00e9ditation<\/li>\n<li>Parcs ou jardins naturels<\/li>\n<\/ul>\n<p>L&#8217;ar\u00f4me frais et citronn\u00e9 du citron peut contribuer \u00e0 cr\u00e9er une atmosph\u00e8re fra\u00eeche et rafra\u00eechissante, am\u00e9liorant ainsi la concentration et la productivit\u00e9. Notez qu&#8217;il ne s&#8217;agit que de suggestions et que l&#8217;ad\u00e9quation du parfum d\u00e9pend en grande partie des pr\u00e9f\u00e9rences personnelles de chacun.<\/p>\n<p><em><strong>Lire la suite : <a href=\"https:\/\/www.specialscentshop.com\/fr\/produit\/parfum-dambiance-cedre\/\">Parfum d&#8217;ambiance C\u00e8dre<\/a><\/strong><\/em><\/p>\n<p><em>Nous disposons d&#8217;une large gamme de diffuseurs d&#8217;ambiance, y compris notre tout nouveau spray <a href=\"https:\/\/www.specialscentshop.com\/fr\/produit\/nebula-diffuseur-dambiance-rechargeable\/\">Nebula<\/a>, qui fonctionne avec la m\u00eame technique d&#8217;atomisation que nos diffuseurs, une solution parfaite et \u00e9conomique pour ceux qui souhaitent tester nos produits avant d&#8217;acheter une plus grande quantit\u00e9 de parfum ou un diffuseur. <\/em><\/p>\n<p><em><strong>Le parfum d&#8217;ambiance Citron<\/strong> au format Nebula est en aluminium, rechargeable et surtout respectueux de l&#8217;environnement. A l&#8217;achat d&#8217;un parfum de 0,250 g de votre choix, vous recevrez gratuitement Nebula. Id\u00e9al pour les petites quantit\u00e9s.<\/em><\/p>\n","protected":false},"excerpt":{"rendered":"<section class=\"av_textblock_section \">\n<div class=\"avia_textblock \">\n<h2><strong>Parfum d&#8217;ambiance Citron Notes olfactives : notes de t\u00eate<\/strong><\/h2>\n<p>C&#8217;est surtout en \u00e9t\u00e9, lorsque les parfums traditionnels sont lourds sur la peau, que l&#8217;on a besoin de sentir quelque chose de frais, surtout dans l&#8217;air alourdi par l&#8217;humidit\u00e9 cr\u00e9\u00e9e par la chaleur \u00e9touffante. Parmi les ar\u00f4mes rafra\u00eechissants, le citron est l&#8217;un des premiers choix, avec son parfum rajeunissant, tout comme ses propri\u00e9t\u00e9s vitaminiques dans l&#8217;alimentation. Lorsqu&#8217;il est diffus\u00e9 dans l&#8217;air, il produit une agr\u00e9able sensation d&#8217;euphorie. On se sent recharg\u00e9 et pr\u00eat \u00e0 combattre la fatigue et la chaleur de l&#8217;\u00e9t\u00e9.<\/p>\n<\/div>\n<\/section>\n","protected":false},"featured_media":48943,"template":"","meta":{"_acf_changed":false},"product_brand":[],"product_cat":[818],"product_tag":[867,784,868,786,902,787,903,788,904,907],"class_list":{"0":"post-43767","1":"product","2":"type-product","3":"status-publish","4":"has-post-thumbnail","6":"product_cat-parfums-dambiance","7":"product_tag-salles-de-jeux","8":"product_tag-domicile","9":"product_tag-gymnases-et-sports","10":"product_tag-hotel-bb-fr","11":"product_tag-condominiums","12":"product_tag-magasins-shopping","13":"product_tag-environnements-exterieurs","14":"product_tag-restaurants-et-bars","15":"product_tag-foires-et-evenements","16":"product_tag-parfums-pour-les-foires-commerciales","18":"first","19":"instock","20":"taxable","21":"shipping-taxable","22":"purchasable","23":"product-type-variable"},"acf":[],"_links":{"self":[{"href":"https:\/\/www.specialscentshop.com\/fr\/wp-json\/wp\/v2\/product\/43767","targetHints":{"allow":["GET"]}}],"collection":[{"href":"https:\/\/www.specialscentshop.com\/fr\/wp-json\/wp\/v2\/product"}],"about":[{"href":"https:\/\/www.specialscentshop.com\/fr\/wp-json\/wp\/v2\/types\/product"}],"wp:featuredmedia":[{"embeddable":true,"href":"https:\/\/www.specialscentshop.com\/fr\/wp-json\/wp\/v2\/media\/48943"}],"wp:attachment":[{"href":"https:\/\/www.specialscentshop.com\/fr\/wp-json\/wp\/v2\/media?parent=43767"}],"wp:term":[{"taxonomy":"product_brand","embeddable":true,"href":"https:\/\/www.specialscentshop.com\/fr\/wp-json\/wp\/v2\/product_brand?post=43767"},{"taxonomy":"product_cat","embeddable":true,"href":"https:\/\/www.specialscentshop.com\/fr\/wp-json\/wp\/v2\/product_cat?post=43767"},{"taxonomy":"product_tag","embeddable":true,"href":"https:\/\/www.specialscentshop.com\/fr\/wp-json\/wp\/v2\/product_tag?post=43767"}],"curies":[{"name":"wp","href":"https:\/\/api.w.org\/{rel}","templated":true}]}}