{"id":43777,"date":"2020-06-09T15:51:34","date_gmt":"2020-06-09T13:51:34","guid":{"rendered":"https:\/\/www.specialscentshop.com\/product\/parfum-dambiance-agrumes-mixtes\/"},"modified":"2025-06-23T16:27:34","modified_gmt":"2025-06-23T14:27:34","slug":"parfum-dambiance-agrumes-mixtes","status":"publish","type":"product","link":"https:\/\/www.specialscentshop.com\/fr\/produit\/parfum-dambiance-agrumes-mixtes\/","title":{"rendered":"Parfum d&#8217;ambiance agrumes mixtes"},"content":{"rendered":"<h2><strong>Effet sur l&#8217;environnement<\/strong><\/h2>\n<p><strong> Parfum d&#8217;ambiance agrumes mixtes,<\/strong>\u00a0l&#8217;intensit\u00e9 et aux ondes de fra\u00eecheur qu&#8217;il produit dans l&#8217;environnement, ce parfum est particuli\u00e8rement adapt\u00e9 pour purifier l&#8217;air des odeurs d\u00e9sagr\u00e9ables caus\u00e9es par les pi\u00e8ces ferm\u00e9es trop longtemps ou avec peu de circulation d&#8217;air, comme dans de nombreux gymnases o\u00f9 il n&#8217;y a pas de syst\u00e8me de ventilation ad\u00e9quat ou dans les salles d&#8217;attente. Ce parfum est la solution id\u00e9ale pour r\u00e9soudre le probl\u00e8me des odeurs ind\u00e9sirables qui stagnent dans l&#8217;air.<\/p>\n<h2><strong>Caract\u00e9ristiques <\/strong><\/h2>\n<p>Le<strong> Parfum d&#8217;ambiance agrumes mixtes<\/strong> est compos\u00e9 de nombreux fruits diff\u00e9rents. Le r\u00e9sultat est donc unique et surprenant.<\/p>\n<p>\u00c0 certains moments, vous serez envelopp\u00e9 par le parfum de la mandarine et, imm\u00e9diatement apr\u00e8s, par la d\u00e9licatesse de la bergamote. Gr\u00e2ce \u00e0 la puissance de nos parfumeurs et \u00e0 la qualit\u00e9 de nos fragrances, vous n&#8217;aurez plus \u00e0 vous soucier des odeurs d\u00e9sagr\u00e9ables. Notre entreprise est fi\u00e8re d&#8217;offrir un produit unique, une combinaison de plaisir et d&#8217;effets b\u00e9n\u00e9fiques que peu d&#8217;autres peuvent vous procurer.<\/p>\n<h2 class=\"p1\"><b>Particuli\u00e8rement adapt\u00e9 pour :<\/b><\/h2>\n<p><strong>Le Parfum d&#8217;ambiance agrumes mixtes <\/strong>\u00a0m\u00e9lang\u00e9s (orange, citron, pamplemousse, etc.) convient bien aux environnements tels que :<\/p>\n<ul>\n<li>Cuisines<\/li>\n<li>Salles de bains<\/li>\n<li>Chambres \u00e0 coucher<\/li>\n<li>Salons avec mobilier moderne<\/li>\n<li>Salles \u00e0 manger \u00e0 l&#8217;ambiance \u00e9l\u00e9gante<\/li>\n<li>Chambres de jardin ou terrasses ext\u00e9rieures<\/li>\n<li>Bureaux ou salles de r\u00e9union avec une atmosph\u00e8re fra\u00eeche et relaxante<\/li>\n<li>Salles de d\u00e9tente ou de lecture<\/li>\n<li>Salle de yoga ou de m\u00e9ditation<\/li>\n<li>Parcs ou jardins naturels<\/li>\n<li class=\"li1\">Restaurants, clubs, magasins et grandes salles<\/li>\n<\/ul>\n<p>L&#8217;ar\u00f4me frais et citronn\u00e9 des agrumes m\u00e9lang\u00e9s peut contribuer \u00e0 cr\u00e9er une atmosph\u00e8re fra\u00eeche et rafra\u00eechissante, am\u00e9liorant ainsi la concentration et la productivit\u00e9. Notez qu&#8217;il ne s&#8217;agit que de suggestions et que l&#8217;ad\u00e9quation du parfum d\u00e9pend en grande partie des pr\u00e9f\u00e9rences personnelles de chacun.<\/p>\n<p><em><strong>En savoir plus : <a href=\"https:\/\/www.specialscentshop.com\/fr\/produit\/zagara\/\">Zagara<\/a><\/strong><\/em><\/p>\n<p><em>Nous disposons d&#8217;une large gamme de diffuseurs d&#8217;ambiance, dont notre tout nouveau spray <a href=\"https:\/\/www.specialscentshop.com\/fr\/produit\/nebula-diffuseur-dambiance-rechargeable\/\">Nebula<\/a>, qui fonctionne avec la m\u00eame technique d&#8217;atomisation que nos diffuseurs, une solution parfaite et \u00e9conomique pour ceux qui souhaitent tester nos produits avant d&#8217;acheter une plus grande quantit\u00e9 de parfum ou un diffuseur. Le format Nebula est en aluminium, rechargeable et surtout respectueux de l&#8217;environnement. A l&#8217;achat d&#8217;un parfum de 0,250 g de votre choix, vous recevez Nebula gratuitement. Id\u00e9al pour les petites quantit\u00e9s.<\/em><\/p>\n","protected":false},"excerpt":{"rendered":"<section class=\"av_textblock_section \">\n<div class=\"avia_textblock \">\n<h2><strong>Notes olfactives : notes de t\u00eate<\/strong><\/h2>\n<p>Ce parfum comprend plusieurs esp\u00e8ces d&#8217;agrumes. Frais, \u00e9nergisant, p\u00e9tillant, ce m\u00e9lange de citron, de c\u00e9drat, d&#8217;orange, de pamplemousse et de mandarine est un vecteur de l\u00e9g\u00e8ret\u00e9, de fra\u00eecheur et de bonne humeur. On pense souvent que les parfums d&#8217;agrumes conviennent presque exclusivement \u00e0 la p\u00e9riode estivale, ce qui n&#8217;est absolument pas le cas !<br \/>\nLes notes d&#8217;agrumes d\u00e9rivent d&#8217;essences qui sont par nature stimulantes pour le syst\u00e8me nerveux, excellentes aussi et surtout pendant les mois d&#8217;hiver, lorsque l&#8217;on a besoin de plus de r\u00e9sistance mentale pour affronter les journ\u00e9es plus froides et moroses. Cette essence pr\u00e9sente un \u00e9quilibre parfait de tous ses \u00e9l\u00e9ments constitutifs, en commen\u00e7ant par les fruits moins intenses et sucr\u00e9s comme la mandarine et en terminant par les fruits plus intenses et acides comme le Citron.<\/p>\n<p><strong>CODE UFI: MY00-20AW-J009-47NE<\/strong><\/p>\n<p><strong>Id\u00e9al pour le <a href=\"https:\/\/www.specialscentshop.com\/fr\/marketing-olfactif\/\">marketing olfactif<\/a><\/strong><\/p>\n<p>&nbsp;<\/p>\n<\/div>\n<\/section>\n","protected":false},"featured_media":48893,"template":"","meta":{"_acf_changed":false},"product_brand":[],"product_cat":[818],"product_tag":[917,853,784,867,785,868,786,870,787,902,903,904,906,907],"class_list":{"0":"post-43777","1":"product","2":"type-product","3":"status-publish","4":"has-post-thumbnail","6":"product_cat-parfums-dambiance","7":"product_tag-parfums-pour-cabinets-medicaux-cliniques","8":"product_tag-voitures-vehicules-a-moteur","9":"product_tag-domicile","10":"product_tag-salles-de-jeux","11":"product_tag-bureau","12":"product_tag-gymnases-et-sports","13":"product_tag-hotel-bb-fr","14":"product_tag-cabinets-medicaux-cliniques","15":"product_tag-magasins-shopping","16":"product_tag-condominiums","17":"product_tag-environnements-exterieurs","18":"product_tag-foires-et-evenements","19":"product_tag-mariages","20":"product_tag-parfums-pour-les-foires-commerciales","22":"first","23":"instock","24":"taxable","25":"shipping-taxable","26":"purchasable","27":"product-type-variable"},"acf":[],"_links":{"self":[{"href":"https:\/\/www.specialscentshop.com\/fr\/wp-json\/wp\/v2\/product\/43777","targetHints":{"allow":["GET"]}}],"collection":[{"href":"https:\/\/www.specialscentshop.com\/fr\/wp-json\/wp\/v2\/product"}],"about":[{"href":"https:\/\/www.specialscentshop.com\/fr\/wp-json\/wp\/v2\/types\/product"}],"wp:featuredmedia":[{"embeddable":true,"href":"https:\/\/www.specialscentshop.com\/fr\/wp-json\/wp\/v2\/media\/48893"}],"wp:attachment":[{"href":"https:\/\/www.specialscentshop.com\/fr\/wp-json\/wp\/v2\/media?parent=43777"}],"wp:term":[{"taxonomy":"product_brand","embeddable":true,"href":"https:\/\/www.specialscentshop.com\/fr\/wp-json\/wp\/v2\/product_brand?post=43777"},{"taxonomy":"product_cat","embeddable":true,"href":"https:\/\/www.specialscentshop.com\/fr\/wp-json\/wp\/v2\/product_cat?post=43777"},{"taxonomy":"product_tag","embeddable":true,"href":"https:\/\/www.specialscentshop.com\/fr\/wp-json\/wp\/v2\/product_tag?post=43777"}],"curies":[{"name":"wp","href":"https:\/\/api.w.org\/{rel}","templated":true}]}}