{"id":43789,"date":"2020-06-09T15:32:13","date_gmt":"2020-06-09T13:32:13","guid":{"rendered":"https:\/\/www.specialscentshop.com\/product\/parfum-dambiance-aloe\/"},"modified":"2025-03-07T21:33:28","modified_gmt":"2025-03-07T20:33:28","slug":"parfum-dambiance-aloe","status":"publish","type":"product","link":"https:\/\/www.specialscentshop.com\/fr\/produit\/parfum-dambiance-aloe\/","title":{"rendered":"Parfum d&#8217;ambiance Aloe"},"content":{"rendered":"<h2><strong>Effet sur l&#8217;environnement<\/strong><\/h2>\n<p>L\u00e9g\u00e8re, presque transparente, elle reste longtemps dans l&#8217;environnement, lib\u00e9rant d&#8217;agr\u00e9ables notes vertes qui rappellent la fra\u00eecheur de la plante. Largement utilis\u00e9 en m\u00e9decine alternative, il est particuli\u00e8rement adapt\u00e9 et recommand\u00e9 pour les locaux o\u00f9 sont pratiqu\u00e9s des soins, des traitements de beaut\u00e9 et de relaxation. De plus en plus d&#8217;entreprises font appel \u00e0 Specialscent pour r\u00e9nover leurs espaces tels que : Spas, centres de bien-\u00eatre et de massage, salons de beaut\u00e9 et bien plus encore.<\/p>\n<h2><strong>Caract\u00e9ristiques<\/strong><\/h2>\n<p>Cr\u00e9ez un souvenir dans <strong>la m\u00e9moire olfactive<\/strong> de vos invit\u00e9s en stimulant les endorphines et en relaxant l&#8217;ensemble du corps. Le parfum d&#8217;ambiance Aloe est porteur d&#8217;une histoire unique car il est utilis\u00e9 depuis l&#8217;Antiquit\u00e9 comme plante m\u00e9dicinale. Sa simplicit\u00e9 est la cl\u00e9 de cet ar\u00f4me. Vos clients seront agr\u00e9ablement surpris<\/p>\n<p><em>Nous disposons d&#8217;une large gamme de diffuseurs d&#8217;ambiance, dont notre tout nouveau spray <a href=\"https:\/\/www.specialscentshop.com\/fr\/produit\/nebula-diffuseur-dambiance-rechargeable\/\">Nebula<\/a>, qui fonctionne avec la m\u00eame technique d&#8217;atomisation que nos diffuseurs, une solution parfaite et \u00e9conomique pour ceux qui souhaitent tester nos produits avant d&#8217;acheter une plus grande quantit\u00e9 de parfum ou un diffuseur. Le format Nebula est en aluminium, rechargeable et surtout respectueux de l&#8217;environnement. A l&#8217;achat d&#8217;un parfum de 0,250 g de votre choix, vous recevez Nebula gratuitement. Id\u00e9al pour les petites quantit\u00e9s. <\/em><\/p>\n<h2 class=\"p1\"><b>Particuli\u00e8rement adapt\u00e9 pour :<\/b><\/h2>\n<p>Voici une liste d&#8217;environnements o\u00f9 le parfum Aloe peut convenir :<\/p>\n<ul>\n<li>Piscines et plages<\/li>\n<li>Sites de montagne<\/li>\n<li>Environnements pendant les journ\u00e9es d&#8217;\u00e9t\u00e9<\/li>\n<li>Yoga et m\u00e9ditation<\/li>\n<li>Camping<\/li>\n<li>Spas et centres de bien-\u00eatre<\/li>\n<li>Vacances au bord de la mer<\/li>\n<li>Magasins de jardinage et de culture de plantes<\/li>\n<li class=\"li1\">Restaurants, clubs, magasins et grandes salles<\/li>\n<\/ul>\n<p><em><strong>Lire la suite :<a href=\"https:\/\/www.specialscentshop.com\/fr\/produit\/parfum-dambiance-pino-silvestre\/\"> Pin sylvestre<\/a><\/strong><\/em><\/p>\n","protected":false},"excerpt":{"rendered":"<section class=\"av_textblock_section \">\n<div class=\"avia_textblock \">\n<h2>Notes olfactives : notes de t\u00eate<\/h2>\n<p>L&#8217;alo\u00e8s est l&#8217;une des plantes les plus connues et les plus caract\u00e9ristiques de notre r\u00e9gion. Cette fragrance transmet toute son \u00e9nergie, comme l&#8217;eau, fra\u00eeche et r\u00e9g\u00e9n\u00e9ratrice, ses notes olfactives sont d\u00e9licates et restent longtemps dans la pi\u00e8ce.<br \/>\nSes notes olfactives sont d\u00e9licates et restent longtemps dans la pi\u00e8ce, une panac\u00e9e pour le corps et l&#8217;esprit. Une fa\u00e7on parfaite d&#8217;avoir toujours la nature \u00e0 port\u00e9e de main.<\/p>\n<\/div>\n<\/section>\n","protected":false},"featured_media":48867,"template":"","meta":{"_acf_changed":false},"product_brand":[],"product_cat":[818],"product_tag":[917,784,867,785,868,786,870,787,902,788,903,904,906,907],"class_list":{"0":"post-43789","1":"product","2":"type-product","3":"status-publish","4":"has-post-thumbnail","6":"product_cat-parfums-dambiance","7":"product_tag-parfums-pour-cabinets-medicaux-cliniques","8":"product_tag-domicile","9":"product_tag-salles-de-jeux","10":"product_tag-bureau","11":"product_tag-gymnases-et-sports","12":"product_tag-hotel-bb-fr","13":"product_tag-cabinets-medicaux-cliniques","14":"product_tag-magasins-shopping","15":"product_tag-condominiums","16":"product_tag-restaurants-et-bars","17":"product_tag-environnements-exterieurs","18":"product_tag-foires-et-evenements","19":"product_tag-mariages","20":"product_tag-parfums-pour-les-foires-commerciales","22":"first","23":"instock","24":"taxable","25":"shipping-taxable","26":"purchasable","27":"product-type-variable"},"acf":[],"_links":{"self":[{"href":"https:\/\/www.specialscentshop.com\/fr\/wp-json\/wp\/v2\/product\/43789","targetHints":{"allow":["GET"]}}],"collection":[{"href":"https:\/\/www.specialscentshop.com\/fr\/wp-json\/wp\/v2\/product"}],"about":[{"href":"https:\/\/www.specialscentshop.com\/fr\/wp-json\/wp\/v2\/types\/product"}],"wp:featuredmedia":[{"embeddable":true,"href":"https:\/\/www.specialscentshop.com\/fr\/wp-json\/wp\/v2\/media\/48867"}],"wp:attachment":[{"href":"https:\/\/www.specialscentshop.com\/fr\/wp-json\/wp\/v2\/media?parent=43789"}],"wp:term":[{"taxonomy":"product_brand","embeddable":true,"href":"https:\/\/www.specialscentshop.com\/fr\/wp-json\/wp\/v2\/product_brand?post=43789"},{"taxonomy":"product_cat","embeddable":true,"href":"https:\/\/www.specialscentshop.com\/fr\/wp-json\/wp\/v2\/product_cat?post=43789"},{"taxonomy":"product_tag","embeddable":true,"href":"https:\/\/www.specialscentshop.com\/fr\/wp-json\/wp\/v2\/product_tag?post=43789"}],"curies":[{"name":"wp","href":"https:\/\/api.w.org\/{rel}","templated":true}]}}