{"id":43817,"date":"2020-06-18T15:45:37","date_gmt":"2020-06-18T13:45:37","guid":{"rendered":"https:\/\/www.specialscentshop.com\/product\/cola\/"},"modified":"2025-07-02T20:57:46","modified_gmt":"2025-07-02T18:57:46","slug":"cola","status":"publish","type":"product","link":"https:\/\/www.specialscentshop.com\/fr\/produit\/cola\/","title":{"rendered":"Cola"},"content":{"rendered":"<div class=\"av-special-heading av-aoc1c-07fac9911c3699907702fe71a9b30216 av-special-heading-h3 custom-color-heading blockquote modern-quote avia-builder-el-27 el_before_av_textblock avia-builder-el-first av-inherit-size \">\n<h2><strong>Effet sur l&#8217;environnement<\/strong><\/h2>\n<p>De telles fragrances sont id\u00e9ales dans les environnements fr\u00e9quent\u00e9s par les jeunes, mais aussi l\u00e0 o\u00f9 la stimulation sensorielle occupe une place pr\u00e9pond\u00e9rante, dans les environnements fr\u00e9quent\u00e9s par des personnes qui aiment moins les odeurs d&#8217;alcool et plus les odeurs de non-alcool. Special Scent a acquis une grande exp\u00e9rience dans le <strong>secteur des senteurs<\/strong> et conna\u00eet la valeur d&#8217;un<a href=\"https:\/\/www.specialscentshop.com\/fr\/parfums-pour-bars-boulangeries-patisseries-pizzerias-bars-a-vins\/\"> environnement accueillant<\/a>. Si vous avez un bar, une sandwicherie, une bo\u00eete de nuit ou une salle de danse, o\u00f9 les boissons sans alcool sont plus appr\u00e9ci\u00e9es, cette <strong>fragrance<\/strong> est faite pour vous.<\/p>\n<h2><strong>Caract\u00e9ristiques Parfum Cola Ambience<\/strong><\/h2>\n<p><strong>Le <a href=\"https:\/\/www.coca-colaitalia.it\/\" target=\"_blank\" rel=\"noopener\">Cola <\/a>Room Perfume<\/strong> est un parfum con\u00e7u pour un public jeune, dont les notes olfactives rappellent l&#8217;ar\u00f4me classique de la boisson la plus populaire de tous les temps. Notre soci\u00e9t\u00e9 est ravie de pouvoir offrir une essence bas\u00e9e sur un produit aussi connu, en la proposant dans une cl\u00e9 olfactive.<br \/>\nNotre soci\u00e9t\u00e9 est ravie de pouvoir offrir une essence bas\u00e9e sur un produit aussi connu, en le proposant dans une cl\u00e9 olfactive. Tous nos parfums sont certifi\u00e9s IFRA et chaque produit est exclusivement FABRIQU\u00c9 EN ITALIE.<\/p>\n<p><em>Nous disposons d&#8217;une large gamme de diffuseurs d&#8217;ambiance, dont notre tout nouveau<strong> diffuseur <\/strong>\u00e0 main<strong> <a href=\"https:\/\/www.specialscentshop.com\/fr\/produit\/nebula-diffuseur-dambiance-rechargeable\/\">Nebula<\/a> <\/strong>, qui fonctionne avec la m\u00eame technique d&#8217;atomisation que nos diffuseurs, une solution parfaite et \u00e9conomique pour ceux qui souhaitent tester nos produits avant d&#8217;acheter une plus grande quantit\u00e9 de parfum ou un diffuseur. Le format Nebula est en aluminium, rechargeable et surtout respectueux de l&#8217;environnement. A l&#8217;achat d&#8217;un parfum de 0,250 g de votre choix, vous recevez Nebula gratuitement. Id\u00e9al pour les petites quantit\u00e9s. <\/em><\/p>\n<h2 class=\"p1\"><b>Particuli\u00e8rement adapt\u00e9 pour :<\/b><\/h2>\n<p>Voici une liste d&#8217;environnements o\u00f9 l&#8217;odeur de Cola peut convenir :<\/p>\n<ul>\n<li>Jeux et salles de jeux<\/li>\n<li>Cin\u00e9mas et th\u00e9\u00e2tres<\/li>\n<li>Parcs \u00e0 th\u00e8me<\/li>\n<li>Magasins de souvenirs et de bonbons<\/li>\n<li>Bars et restaurants<\/li>\n<li>F\u00eates et \u00e9v\u00e9nements \u00e0 th\u00e8me<\/li>\n<li>Lieux de vacances tels que les parcs aquatiques et les parcs d&#8217;attractions<\/li>\n<li class=\"li1\">Restaurants, clubs, magasins et grandes salles<\/li>\n<\/ul>\n<p><em><strong>lire la suite :<a href=\"https:\/\/www.specialscentshop.com\/fr\/produit\/pina-colada\/\"> parfum d\u2019ambiance Pi\u00f1a Colada<\/a><\/strong><\/em><\/p>\n<\/div>\n","protected":false},"excerpt":{"rendered":"<h3>Parfum Cola Ambience<\/h3>\n<p>Avec son go\u00fbt inimitable, le parfum Cola est tout autant une exp\u00e9rience olfactive. Unique en son genre ! Ce parfum est une nouveaut\u00e9 sur le march\u00e9, en particulier sur le march\u00e9 olfactif. Un ar\u00f4me frais qui convient aux environnements jeunes.<\/p>\n","protected":false},"featured_media":48139,"template":"","meta":{"_acf_changed":false},"product_brand":[],"product_cat":[922],"product_tag":[867,784,902,785,903,786,904,787,907,788],"class_list":{"0":"post-43817","1":"product","2":"type-product","3":"status-publish","4":"has-post-thumbnail","6":"product_cat-parfums-dambiance-drinkfood","7":"product_tag-salles-de-jeux","8":"product_tag-domicile","9":"product_tag-condominiums","10":"product_tag-bureau","11":"product_tag-environnements-exterieurs","12":"product_tag-hotel-bb-fr","13":"product_tag-foires-et-evenements","14":"product_tag-magasins-shopping","15":"product_tag-parfums-pour-les-foires-commerciales","16":"product_tag-restaurants-et-bars","18":"first","19":"instock","20":"taxable","21":"shipping-taxable","22":"purchasable","23":"product-type-variable"},"acf":[],"_links":{"self":[{"href":"https:\/\/www.specialscentshop.com\/fr\/wp-json\/wp\/v2\/product\/43817","targetHints":{"allow":["GET"]}}],"collection":[{"href":"https:\/\/www.specialscentshop.com\/fr\/wp-json\/wp\/v2\/product"}],"about":[{"href":"https:\/\/www.specialscentshop.com\/fr\/wp-json\/wp\/v2\/types\/product"}],"wp:featuredmedia":[{"embeddable":true,"href":"https:\/\/www.specialscentshop.com\/fr\/wp-json\/wp\/v2\/media\/48139"}],"wp:attachment":[{"href":"https:\/\/www.specialscentshop.com\/fr\/wp-json\/wp\/v2\/media?parent=43817"}],"wp:term":[{"taxonomy":"product_brand","embeddable":true,"href":"https:\/\/www.specialscentshop.com\/fr\/wp-json\/wp\/v2\/product_brand?post=43817"},{"taxonomy":"product_cat","embeddable":true,"href":"https:\/\/www.specialscentshop.com\/fr\/wp-json\/wp\/v2\/product_cat?post=43817"},{"taxonomy":"product_tag","embeddable":true,"href":"https:\/\/www.specialscentshop.com\/fr\/wp-json\/wp\/v2\/product_tag?post=43817"}],"curies":[{"name":"wp","href":"https:\/\/api.w.org\/{rel}","templated":true}]}}