{"id":43826,"date":"2022-08-01T08:18:52","date_gmt":"2022-08-01T06:18:52","guid":{"rendered":"https:\/\/www.specialscentshop.com\/product\/creme-catalane\/"},"modified":"2025-07-02T21:11:10","modified_gmt":"2025-07-02T19:11:10","slug":"creme-catalane","status":"publish","type":"product","link":"https:\/\/www.specialscentshop.com\/fr\/produit\/creme-catalane\/","title":{"rendered":"Cr\u00e8me catalane"},"content":{"rendered":"<h2><strong>Effet sur l&#8217;environnement<\/strong><\/h2>\n<p>Si l&#8217;effet du <strong>parfum d&#8217;ambiance <a href=\"https:\/\/it.wikipedia.org\/wiki\/Crema_catalana\" target=\"_blank\" rel=\"noopener\">Crema Catalana<\/a> <\/strong>est de vous faire sentir accueilli dans une \u00e9treinte chaleureuse, ses notes de c\u0153ur renforcent ses propri\u00e9t\u00e9s relaxantes par des notes aphrodisiaques. Il convient aux environnements calmes o\u00f9 les conversations sont agr\u00e9ables. Dans les restaurants o\u00f9 sa douceur est la touche finale, ou dans les h\u00f4tels et les chambres d&#8217;h\u00f4tes pour des apr\u00e8s-midi de d\u00e9tente.<\/p>\n<h2><strong> Caract\u00e9ristiques:<\/strong><\/h2>\n<p>Le m\u00e9lange de notes olfactives fait de ce parfum l&#8217;un des plus populaires dans le domaine des parfums alimentaires.<\/p>\n<p><em>Nous disposons d&#8217;une large gamme de diffuseurs d&#8217;ambiance, y compris notre tout nouveau spray <a href=\"https:\/\/www.specialscentshop.com\/fr\/produit\/nebula-diffuseur-dambiance-rechargeable\/\">Nebula<\/a>, qui fonctionne avec la m\u00eame technique d&#8217;atomisation que nos diffuseurs, une solution parfaite et \u00e9conomique pour ceux qui souhaitent tester nos produits avant d&#8217;acheter une plus grande quantit\u00e9 de parfum ou un diffuseur. Le format Nebula est en aluminium, rechargeable et surtout respectueux de l&#8217;environnement. A l&#8217;achat d&#8217;un parfum de 0,250 g de votre choix, vous recevez gratuitement Nebula. Id\u00e9al pour les petites quantit\u00e9s. <\/em><\/p>\n<h2 class=\"p1\"><b>Particuli\u00e8rement adapt\u00e9 pour :<\/b><\/h2>\n<ul>\n<li class=\"p1\">P\u00e2tisseries et glaciers<\/li>\n<li class=\"p1\">Restaurants et caf\u00e9s<\/li>\n<li>Usines de bonbons et usines de production<\/li>\n<li>Magasins d&#8217;articles m\u00e9nagers et de cuisine<\/li>\n<li>Foires et expositions sur l&#8217;alimentation et la gastronomie<\/li>\n<li>Salles pour \u00e9v\u00e9nements et mariages \u00e0 th\u00e8me culinaire<\/li>\n<li>\u00c9piceries et supermarch\u00e9s disposant d&#8217;un rayon d\u00e9di\u00e9 aux sucreries<\/li>\n<li class=\"li1\">Restaurants, clubs, magasins et grandes salles<\/li>\n<\/ul>\n<p><em><strong>lire la suite : <a href=\"https:\/\/www.specialscentshop.com\/fr\/produit\/huile-dolive\/\">Huile d&#8217;olive<\/a><\/strong><\/em><\/p>\n<p>&nbsp;<\/p>\n","protected":false},"excerpt":{"rendered":"<h3>Parfum d&#8217;ambiance Crema Catalana<\/h3>\n<h4>Notes olfactives : notes de t\u00eate &#8211; notes de c\u0153ur &#8211; notes de <strong>fond<\/strong><\/h4>\n<p>Le parfum d&#8217;ambiance Cr\u00e8me Catalane reproduit fid\u00e8lement l&#8217;ar\u00f4me de la douceur typique de Catalogne, en Espagne, qui se d\u00e9guste chaude et d\u00e9gage donc un ar\u00f4me sucr\u00e9 et addictif. avec ses notes olfactives.<\/p>\n<p>Special Scent a fid\u00e8lement reproduit cet ar\u00f4me avec ses notes olfactives : Notes de t\u00eate : Orange &#8211; Citron Notes de c\u0153ur : Ylang Ylang<em>(Cananga odorata)<\/em> Notes de fond : F\u00e8ve Tonka &#8211; Vanille<\/p>\n","protected":false},"featured_media":47989,"template":"","meta":{"_acf_changed":false},"product_brand":[],"product_cat":[922],"product_tag":[903,904,907,784,787,788],"class_list":{"0":"post-43826","1":"product","2":"type-product","3":"status-publish","4":"has-post-thumbnail","6":"product_cat-parfums-dambiance-drinkfood","7":"product_tag-environnements-exterieurs","8":"product_tag-foires-et-evenements","9":"product_tag-parfums-pour-les-foires-commerciales","10":"product_tag-domicile","11":"product_tag-magasins-shopping","12":"product_tag-restaurants-et-bars","14":"first","15":"instock","16":"taxable","17":"shipping-taxable","18":"purchasable","19":"product-type-variable"},"acf":[],"_links":{"self":[{"href":"https:\/\/www.specialscentshop.com\/fr\/wp-json\/wp\/v2\/product\/43826","targetHints":{"allow":["GET"]}}],"collection":[{"href":"https:\/\/www.specialscentshop.com\/fr\/wp-json\/wp\/v2\/product"}],"about":[{"href":"https:\/\/www.specialscentshop.com\/fr\/wp-json\/wp\/v2\/types\/product"}],"wp:featuredmedia":[{"embeddable":true,"href":"https:\/\/www.specialscentshop.com\/fr\/wp-json\/wp\/v2\/media\/47989"}],"wp:attachment":[{"href":"https:\/\/www.specialscentshop.com\/fr\/wp-json\/wp\/v2\/media?parent=43826"}],"wp:term":[{"taxonomy":"product_brand","embeddable":true,"href":"https:\/\/www.specialscentshop.com\/fr\/wp-json\/wp\/v2\/product_brand?post=43826"},{"taxonomy":"product_cat","embeddable":true,"href":"https:\/\/www.specialscentshop.com\/fr\/wp-json\/wp\/v2\/product_cat?post=43826"},{"taxonomy":"product_tag","embeddable":true,"href":"https:\/\/www.specialscentshop.com\/fr\/wp-json\/wp\/v2\/product_tag?post=43826"}],"curies":[{"name":"wp","href":"https:\/\/api.w.org\/{rel}","templated":true}]}}