{"id":43835,"date":"2022-06-24T11:35:58","date_gmt":"2022-06-24T09:35:58","guid":{"rendered":"https:\/\/www.specialscentshop.com\/product\/torrefaction-du-cafe\/"},"modified":"2025-07-29T22:01:00","modified_gmt":"2025-07-29T20:01:00","slug":"torrefaction-du-cafe","status":"publish","type":"product","link":"https:\/\/www.specialscentshop.com\/fr\/produit\/torrefaction-du-cafe\/","title":{"rendered":"Torr\u00e9faction du caf\u00e9"},"content":{"rendered":"<h2><strong>Effet sur l&#8217;environnement<\/strong><\/h2>\n<p><strong>L&#8217;Environnement des parfums Torr\u00e9faction du caf\u00e9<\/strong>, de cet ar\u00f4me est certainement b\u00e9n\u00e9fique pour tout atelier<strong> de torr\u00e9faction, caf\u00e9<\/strong> ou magasin de dosettes et de capsules. L&#8217;ar\u00f4me attirera certainement les gens qui ne peuvent s&#8217;emp\u00eacher d&#8217;appr\u00e9cier le bon caf\u00e9 du caf\u00e9.<br \/>\nNous le recommandons \u00e9galement pour les bureaux afin de rendre le s\u00e9jour des clients agr\u00e9able et de donner de l&#8217;harmonie aux environnements de travail.<\/p>\n<h2><strong>Caract\u00e9ristiques<\/strong><\/h2>\n<p>Le marketing olfactif est aujourd&#8217;hui consid\u00e9r\u00e9 comme le meilleur moyen de faire conna\u00eetre ses produits et d&#8217;attirer les clients. Une strat\u00e9gie de vente d\u00e9sormais bien \u00e9tablie et appr\u00e9ci\u00e9e par de nombreux chefs d&#8217;entreprise.<\/p>\n<p><em>Nous disposons d&#8217;une large gamme de diffuseurs d&#8217;ambiance<\/em><em>y compris notre tout nouveau spray <a href=\"https:\/\/www.specialscentshop.com\/fr\/produit\/nebula-diffuseur-dambiance-rechargeable\/\">Nebula<\/a>, qui fonctionne avec la m\u00eame technique d&#8217;atomisation que nos diffuseurs, une solution parfaite et \u00e9conomique pour ceux qui veulent tester nos produits avant d&#8217;acheter une plus grande quantit\u00e9 de parfum ou un diffuseur. Le format Nebula est en aluminium, rechargeable et surtout respectueux de l&#8217;environnement. A l&#8217;achat d&#8217;un parfum 0,250 de votre choix, vous recevez Nebula gratuitement. Id\u00e9al pour les petites quantit\u00e9s. <\/em><\/p>\n<h2 class=\"p1\"><b>Particuli\u00e8rement adapt\u00e9 pour :<\/b><\/h2>\n<ul>\n<li>Caf\u00e9s et bars sp\u00e9cialement con\u00e7us pour l&#8217;ext\u00e9rieur<\/li>\n<li>Torr\u00e9facteurs et usines de caf\u00e9<\/li>\n<li class=\"li1\">Couverture de la pr\u00e9sence d&#8217;odeurs<\/li>\n<\/ul>\n<p><em><strong>Lire la suite : <a href=\"https:\/\/www.specialscentshop.com\/fr\/produit\/cafe\/\">Parfume d&#8217;ambiance Caf\u00e8<\/a><\/strong><\/em><\/p>\n","protected":false},"excerpt":{"rendered":"<h3>Environnement des parfums Torr\u00e9faction du caf\u00e9<\/h3>\n<h4>Notes olfactives : Notes de fond<\/h4>\n<p>L&#8217;<strong>odeur ambiante du<\/strong> caf\u00e9 moulu est peut-\u00eatre l&#8217;un des parfums les plus intenses et les plus appr\u00e9ci\u00e9s pour son ar\u00f4me intense et cors\u00e9. Lorsque nous passons devant une torr\u00e9faction, nous nous arr\u00eatons instinctivement pour en appr\u00e9cier l&#8217;odeur et nous entrons presque certainement pour acheter un produit de qualit\u00e9 et si l&#8217;environnement nous permet de d\u00e9guster un bon caf\u00e9.<\/p>\n<p><strong>Excellent parfum pour le <a href=\"https:\/\/www.specialscentshop.com\/fr\/marketing-olfactif\/\">marketing olfactif<\/a><\/strong><\/p>\n<p>&nbsp;<\/p>\n","protected":false},"featured_media":48014,"template":"","meta":{"_acf_changed":false},"product_brand":[],"product_cat":[922],"product_tag":[902,903],"class_list":{"0":"post-43835","1":"product","2":"type-product","3":"status-publish","4":"has-post-thumbnail","6":"product_cat-parfums-dambiance-drinkfood","7":"product_tag-condominiums","8":"product_tag-environnements-exterieurs","10":"first","11":"instock","12":"taxable","13":"shipping-taxable","14":"purchasable","15":"product-type-variable"},"acf":[],"_links":{"self":[{"href":"https:\/\/www.specialscentshop.com\/fr\/wp-json\/wp\/v2\/product\/43835","targetHints":{"allow":["GET"]}}],"collection":[{"href":"https:\/\/www.specialscentshop.com\/fr\/wp-json\/wp\/v2\/product"}],"about":[{"href":"https:\/\/www.specialscentshop.com\/fr\/wp-json\/wp\/v2\/types\/product"}],"wp:featuredmedia":[{"embeddable":true,"href":"https:\/\/www.specialscentshop.com\/fr\/wp-json\/wp\/v2\/media\/48014"}],"wp:attachment":[{"href":"https:\/\/www.specialscentshop.com\/fr\/wp-json\/wp\/v2\/media?parent=43835"}],"wp:term":[{"taxonomy":"product_brand","embeddable":true,"href":"https:\/\/www.specialscentshop.com\/fr\/wp-json\/wp\/v2\/product_brand?post=43835"},{"taxonomy":"product_cat","embeddable":true,"href":"https:\/\/www.specialscentshop.com\/fr\/wp-json\/wp\/v2\/product_cat?post=43835"},{"taxonomy":"product_tag","embeddable":true,"href":"https:\/\/www.specialscentshop.com\/fr\/wp-json\/wp\/v2\/product_tag?post=43835"}],"curies":[{"name":"wp","href":"https:\/\/api.w.org\/{rel}","templated":true}]}}