{"id":43844,"date":"2022-09-02T09:06:49","date_gmt":"2022-09-02T07:06:49","guid":{"rendered":"https:\/\/www.specialscentshop.com\/product\/yoghourt-et-creme-de-riz\/"},"modified":"2025-07-27T16:09:53","modified_gmt":"2025-07-27T14:09:53","slug":"yoghourt-et-creme-de-riz","status":"publish","type":"product","link":"https:\/\/www.specialscentshop.com\/fr\/produit\/yoghourt-et-creme-de-riz\/","title":{"rendered":"Yoghourt et cr\u00e8me de riz"},"content":{"rendered":"<h2><strong>Effet sur l&#8217;environnement<\/strong><\/h2>\n<p>Convient aux environnements o\u00f9 l&#8217;on aime les <strong>notes olfactives<\/strong> d\u00e9licates et particuli\u00e8res.<\/p>\n<h2><strong>Caract\u00e9ristiques parfum d&#8217;ambiance cr\u00e8me de yaourt et de riz<\/strong><\/h2>\n<p><strong>Le parfum d&#8217;ambiance <a href=\"https:\/\/it.wikipedia.org\/wiki\/Yogurt\" target=\"_blank\" rel=\"noopener\">Yoghourt<\/a><\/strong> et cr\u00e8me de riz est un m\u00e9lange cr\u00e9\u00e9 pour se diversifier des parfums sucr\u00e9s-sal\u00e9s habituels. Id\u00e9al pour le <strong>marketing olfactif<\/strong> o\u00f9 la diff\u00e9renciation par rapport \u00e0 la concurrence est essentielle. Essayez-le avec notre diffuseur de parfum Nebula. Vous pourrez ensuite opter pour une commande plus importante.<\/p>\n<p><em>Nous disposons d&#8217;une large gamme de diffuseurs d&#8217;ambiance, y compris notre tout nouveau spray <a href=\"https:\/\/www.specialscentshop.com\/fr\/produit\/nebula-diffuseur-dambiance-rechargeable\/\">Nebula<\/a>, qui fonctionne avec la m\u00eame technique d&#8217;atomisation que nos diffuseurs, une solution parfaite et \u00e9conomique pour ceux qui souhaitent tester nos produits avant d&#8217;acheter une plus grande quantit\u00e9 de parfum ou un diffuseur. Le format Nebula est en aluminium, rechargeable et surtout respectueux de l&#8217;environnement. A l&#8217;achat d&#8217;un parfum de 0,250 g de votre choix, vous recevez gratuitement Nebula. Id\u00e9al pour les petites quantit\u00e9s. <\/em><\/p>\n<h2 class=\"p1\"><b>Particuli\u00e8rement adapt\u00e9 pour :<\/b><\/h2>\n<ul>\n<li>P\u00e2tisseries et glaciers<\/li>\n<li>\u00c9piceries et supermarch\u00e9s<\/li>\n<li>Restaurants et caf\u00e9s<\/li>\n<li>P\u00e2tisseries et glaciers<\/li>\n<li>Usines et usines de production de denr\u00e9es alimentaires<\/li>\n<li>Magasins d&#8217;articles m\u00e9nagers et de cuisine<\/li>\n<li>Foires et expositions sur l&#8217;alimentation et la gastronomie<\/li>\n<li>Salles pour \u00e9v\u00e9nements et mariages \u00e0 th\u00e8me culinaire<\/li>\n<li class=\"li1\">Restaurants, clubs, magasins et grandes salles<\/li>\n<\/ul>\n<p><em><strong>Lire la suite : <a href=\"https:\/\/www.specialscentshop.com\/fr\/produit\/creme-catalane\/\">Cr\u00e8me Catalane<\/a><\/strong><\/em><\/p>\n","protected":false},"excerpt":{"rendered":"<div id=\"wrap_all\">\n<div id=\"main\" class=\"all_colors\" data-scroll-offset=\"88\">\n<div id=\"primasezioneprodotto\" class=\"avia-section av-iq456-b7abfaeac4741891181b54b3e9457e0a main_color avia-section-default avia-no-border-styling avia-builder-el-3 el_after_av_section el_before_av_section avia-bg-style-scroll container_wrap fullsize\">\n<div class=\"container av-section-cont-open\">\n<div class=\"template-page content av-content-full alpha units\">\n<div class=\"post-entry post-entry-type-page post-entry-5982\">\n<div class=\"entry-content-wrapper clearfix\">\n<div class=\"flex_column av-pgai-10173202493b01724ca723ba966a5a8d av_one_half avia-builder-el-6 el_after_av_one_half avia-builder-el-last flex_column_div av-zero-column-padding \">\n<section class=\"av_textblock_section \">\n<div class=\"avia_textblock \">\n<h3>Parfum d&#8217;ambiance Riz au yaourt et \u00e0 la cr\u00e8me<\/h3>\n<p>Le <strong>parfum d&#8217;ambiance yaourt et riz cr\u00e9meux,<\/strong> avec ses notes \u00e0 la fois douces et acidul\u00e9es, conf\u00e8re \u00e0 la pi\u00e8ce une fra\u00eecheur incomparable.<\/p>\n<p>Si le go\u00fbt est agr\u00e9able au palais, l&#8217;ar\u00f4me satisfait l&#8217;odorat le plus exigeant, notamment dans l&#8217;industrie alimentaire. NOTES DE T\u00caTE : noix de coco &#8211; p\u00eache NOTES DE C\u0152UR : jasmin &#8211; rose &#8211; h\u00e9liotrope NOTES DE FOND : bois &#8211; ambre &#8211; vanille &#8211; noix de musc &#8211; caramel.<\/p>\n<\/div>\n<\/section>\n<\/div>\n<\/div>\n<\/div>\n<\/div>\n<\/div>\n<\/div>\n<\/div>\n<\/div>\n","protected":false},"featured_media":47939,"template":"","meta":{"_acf_changed":false},"product_brand":[],"product_cat":[922],"product_tag":[903,904,784,907,786,787,788],"class_list":{"0":"post-43844","1":"product","2":"type-product","3":"status-publish","4":"has-post-thumbnail","6":"product_cat-parfums-dambiance-drinkfood","7":"product_tag-environnements-exterieurs","8":"product_tag-foires-et-evenements","9":"product_tag-domicile","10":"product_tag-parfums-pour-les-foires-commerciales","11":"product_tag-hotel-bb-fr","12":"product_tag-magasins-shopping","13":"product_tag-restaurants-et-bars","15":"first","16":"instock","17":"taxable","18":"shipping-taxable","19":"purchasable","20":"product-type-variable"},"acf":[],"_links":{"self":[{"href":"https:\/\/www.specialscentshop.com\/fr\/wp-json\/wp\/v2\/product\/43844","targetHints":{"allow":["GET"]}}],"collection":[{"href":"https:\/\/www.specialscentshop.com\/fr\/wp-json\/wp\/v2\/product"}],"about":[{"href":"https:\/\/www.specialscentshop.com\/fr\/wp-json\/wp\/v2\/types\/product"}],"wp:featuredmedia":[{"embeddable":true,"href":"https:\/\/www.specialscentshop.com\/fr\/wp-json\/wp\/v2\/media\/47939"}],"wp:attachment":[{"href":"https:\/\/www.specialscentshop.com\/fr\/wp-json\/wp\/v2\/media?parent=43844"}],"wp:term":[{"taxonomy":"product_brand","embeddable":true,"href":"https:\/\/www.specialscentshop.com\/fr\/wp-json\/wp\/v2\/product_brand?post=43844"},{"taxonomy":"product_cat","embeddable":true,"href":"https:\/\/www.specialscentshop.com\/fr\/wp-json\/wp\/v2\/product_cat?post=43844"},{"taxonomy":"product_tag","embeddable":true,"href":"https:\/\/www.specialscentshop.com\/fr\/wp-json\/wp\/v2\/product_tag?post=43844"}],"curies":[{"name":"wp","href":"https:\/\/api.w.org\/{rel}","templated":true}]}}