{"id":43874,"date":"2022-08-01T11:13:55","date_gmt":"2022-08-01T09:13:55","guid":{"rendered":"https:\/\/www.specialscentshop.com\/product\/huile-dolive\/"},"modified":"2025-07-27T20:03:36","modified_gmt":"2025-07-27T18:03:36","slug":"huile-dolive","status":"publish","type":"product","link":"https:\/\/www.specialscentshop.com\/fr\/produit\/huile-dolive\/","title":{"rendered":"Huile d&#8217;olive"},"content":{"rendered":"<h2><strong>Effet sur l&#8217;environnement<\/strong><\/h2>\n<p>Le <strong>parfum d&#8217;ambiance \u00e0 l&#8217;huile d&#8217;olive<\/strong>, que vous pouvez acheter en ligne dans tous ses formats, est id\u00e9al pour les activit\u00e9s commerciales : magasins d&#8217;alimentation, sandwicheries, boulangeries et lieux o\u00f9 l&#8217;odeur de l&#8217;huile ne se m\u00e9lange pas avec d&#8217;autres ar\u00f4mes. Nous connaissons tous le go\u00fbt d&#8217;une bonne huile d&#8217;olive, qui prend un <strong>parfum unique<\/strong> lorsqu&#8217;elle est accompagn\u00e9e de pain. Nous retrouvons la m\u00eame singularit\u00e9 dans ce parfum.<\/p>\n<h2><strong>Caract\u00e9ristiques<\/strong><\/h2>\n<p>Un m\u00e9lange cr\u00e9\u00e9 \u00e0 la perfection pour recr\u00e9er l&#8217;ar\u00f4me de l&#8217;huile d&#8217;olive. Il n&#8217;y a pas de meilleure fa\u00e7on de satisfaire le palais et l&#8217;odorat.<\/p>\n<p><em>Nous disposons d&#8217;une large gamme de diffuseurs d&#8217;ambiance, y compris notre tout nouveau <a href=\"https:\/\/www.specialscentshop.com\/fr\/produit\/nebula-diffuseur-dambiance-rechargeable\/\">spray Nebula<\/a>, qui fonctionne avec la m\u00eame technique d&#8217;atomisation que nos diffuseurs, une solution parfaite et \u00e9conomique pour ceux qui souhaitent tester nos produits avant d&#8217;acheter une plus grande quantit\u00e9 de parfum ou un diffuseur. Le format Nebula est en aluminium, rechargeable et surtout respectueux de l&#8217;environnement. A l&#8217;achat d&#8217;un parfum de 0,250 g de votre choix, vous recevez gratuitement Nebula. Id\u00e9al pour les petites quantit\u00e9s. <\/em><\/p>\n<h2 class=\"p1\"><b>Le parfum d&#8217;ambiance \u00e0 l&#8217;Huile d&#8217;Olive convient particuli\u00e8rement \u00e0 :<\/b><\/h2>\n<ul>\n<li>Cuisines et salles \u00e0 manger<\/li>\n<li>\u00c9piceries et supermarch\u00e9s<\/li>\n<li>Restaurants et caf\u00e9s<\/li>\n<li>Grottes et caves de stockage et de vieillissement de l&#8217;huile d&#8217;olive<\/li>\n<li>Usines de production d&#8217;huile d&#8217;olive<\/li>\n<li>Magasins d&#8217;articles m\u00e9nagers et de cuisine<\/li>\n<li>Foires et expositions sur l&#8217;alimentation et la gastronomie<\/li>\n<li>Salles pour \u00e9v\u00e9nements et mariages \u00e0 th\u00e8me culinaire<\/li>\n<li class=\"li1\">Restaurants, clubs, magasins et grandes salles<\/li>\n<\/ul>\n<p><em><strong>lire la suite : <a href=\"https:\/\/www.specialscentshop.com\/fr\/produit\/pain\/\">Pain<\/a><\/strong><\/em><\/p>\n","protected":false},"excerpt":{"rendered":"<section class=\"av_textblock_section \">\n<div class=\"avia_textblock \">\n<h3>parfum d&#8217;ambiance \u00e0 l&#8217;huile d&#8217;olive<\/h3>\n<p>Le parfum d&#8217;ambiance \u00e0 l&#8217;huile d&#8217;olive est con\u00e7u pour accompagner les personnes entrant dans des pi\u00e8ces particuli\u00e8res dans une exp\u00e9rience olfactive unique.<\/p>\n<p>Pour cr\u00e9er ce parfum, nous avons utilis\u00e9 3 types de notes olfactives diff\u00e9rentes : Notes de t\u00eate : Anisata &#8211; Vert &#8211; Aldeidic Notes de c\u0153ur : Rose &#8211; Jasmin &#8211; Muguet &#8211; Epic\u00e9 &#8211; Aub\u00e9pine Notes de fond : Musc &#8211; F\u00e8ve Tonka &#8211; Patchouli &#8211; Vanille<\/p>\n<\/div>\n<\/section>\n","protected":false},"featured_media":47964,"template":"","meta":{"_acf_changed":false},"product_brand":[],"product_cat":[922],"product_tag":[903,904,907,784,786,788],"class_list":{"0":"post-43874","1":"product","2":"type-product","3":"status-publish","4":"has-post-thumbnail","6":"product_cat-parfums-dambiance-drinkfood","7":"product_tag-environnements-exterieurs","8":"product_tag-foires-et-evenements","9":"product_tag-parfums-pour-les-foires-commerciales","10":"product_tag-domicile","11":"product_tag-hotel-bb-fr","12":"product_tag-restaurants-et-bars","14":"first","15":"instock","16":"taxable","17":"shipping-taxable","18":"purchasable","19":"product-type-variable"},"acf":[],"_links":{"self":[{"href":"https:\/\/www.specialscentshop.com\/fr\/wp-json\/wp\/v2\/product\/43874","targetHints":{"allow":["GET"]}}],"collection":[{"href":"https:\/\/www.specialscentshop.com\/fr\/wp-json\/wp\/v2\/product"}],"about":[{"href":"https:\/\/www.specialscentshop.com\/fr\/wp-json\/wp\/v2\/types\/product"}],"wp:featuredmedia":[{"embeddable":true,"href":"https:\/\/www.specialscentshop.com\/fr\/wp-json\/wp\/v2\/media\/47964"}],"wp:attachment":[{"href":"https:\/\/www.specialscentshop.com\/fr\/wp-json\/wp\/v2\/media?parent=43874"}],"wp:term":[{"taxonomy":"product_brand","embeddable":true,"href":"https:\/\/www.specialscentshop.com\/fr\/wp-json\/wp\/v2\/product_brand?post=43874"},{"taxonomy":"product_cat","embeddable":true,"href":"https:\/\/www.specialscentshop.com\/fr\/wp-json\/wp\/v2\/product_cat?post=43874"},{"taxonomy":"product_tag","embeddable":true,"href":"https:\/\/www.specialscentshop.com\/fr\/wp-json\/wp\/v2\/product_tag?post=43874"}],"curies":[{"name":"wp","href":"https:\/\/api.w.org\/{rel}","templated":true}]}}