{"id":43945,"date":"2020-06-18T15:17:47","date_gmt":"2020-06-18T13:17:47","guid":{"rendered":"https:\/\/www.specialscentshop.com\/product\/vanille\/"},"modified":"2026-02-27T11:19:32","modified_gmt":"2026-02-27T10:19:32","slug":"vanille","status":"publish","type":"product","link":"https:\/\/www.specialscentshop.com\/fr\/produit\/vanille\/","title":{"rendered":"Alimentation ambiante Parfum de vanille"},"content":{"rendered":"<div class=\"av-special-heading av-special-heading-h3 custom-color-heading blockquote modern-quote avia-builder-el-26 el_before_av_textblock avia-builder-el-first av-inherit-size \">\n<h2><strong>  dans l&#8217;environnement<\/strong><\/h2>\n<p>L&#8217;huile Ambient Food parfum Vanille, extraite des feuilles du bambou, est trait\u00e9e de mani\u00e8re naturelle, cr\u00e9ant s\u00e9r\u00e9nit\u00e9 et tranquillit\u00e9 dans l&#8217;environnement. La m\u00e9moire olfactive en b\u00e9n\u00e9ficiera, vous transportant dans les merveilleuses et immenses for\u00eats orientales. <\/p>\n<h2><strong>Caract\u00e9ristiques<\/strong><\/h2>\n<p>En raison de ses caract\u00e9ristiques, nous recommandons d&#8217;utiliser ce parfum dans des environnements o\u00f9 la tranquillit\u00e9 et les moments d&#8217;introspection sont indispensables, tels que les spas, les centres de bien-\u00eatre, mais aussi les salles d&#8217;attente. M\u00eame avec une \u00e2me intrigante, il est parfait pour ceux qui veulent cr\u00e9er des environnements particuli\u00e8rement intimes. <\/p>\n<p><em><strong>Nous disposons d&#8217;une large gamme de diffuseurs d&#8217;ambiance, dont notre tout nouveau diffuseur manuel Nebula, qui fonctionne avec la m\u00eame technique de brumisation que nos diffuseurs, une solution parfaite et \u00e9conomique pour ceux qui souhaitent tester nos produits avant d&#8217;acheter une plus grande quantit\u00e9 de parfum ou un diffuseur. Le format Nebula est en aluminium, il est rechargeable et surtout \u00e9cologique. A l&#8217;achat d&#8217;un parfum de 0,250 g de votre choix, vous recevrez Nebula en cadeau. Id\u00e9al pour les petites quantit\u00e9s de produit.   <\/strong><\/em><\/p>\n<p><em><strong>En savoir plus :<a href=\"https:\/\/www.specialscentshop.com\/fr\/produit\/creme-catalane\/\"> La cr\u00e8me catalane<\/a><\/strong><\/em><\/p>\n<\/div>\n","protected":false},"excerpt":{"rendered":"<h3>Notes olfactives : notes de fond<\/h3>\n<p>Avec son parfum doux et aromatique, la vanille est utilis\u00e9e dans diff\u00e9rents secteurs.<br \/>\nLe parfum vanille a une odeur douce et aromatique, fra\u00eeche et exotique. Ses notes de fond s\u00e9duisent par leur fra\u00eecheur. Sa fleur candide et les nuances intenses des baies s\u00e9ch\u00e9es repr\u00e9sentent des \u00e9l\u00e9ments importants pour la cr\u00e9ation de ce parfum.  <\/p>\n","protected":false},"featured_media":48315,"template":"","meta":{"_acf_changed":false},"product_brand":[],"product_cat":[818,922],"product_tag":[784,867,785,870,786,904,787,906,788,907,917],"class_list":{"0":"post-43945","1":"product","2":"type-product","3":"status-publish","4":"has-post-thumbnail","6":"product_cat-parfums-dambiance","7":"product_cat-parfums-dambiance-drinkfood","8":"product_tag-domicile","9":"product_tag-salles-de-jeux","10":"product_tag-bureau","11":"product_tag-cabinets-medicaux-cliniques","12":"product_tag-hotel-bb-fr","13":"product_tag-foires-et-evenements","14":"product_tag-magasins-shopping","15":"product_tag-mariages","16":"product_tag-restaurants-et-bars","17":"product_tag-parfums-pour-les-foires-commerciales","18":"product_tag-parfums-pour-cabinets-medicaux-cliniques","20":"first","21":"instock","22":"featured","23":"taxable","24":"shipping-taxable","25":"purchasable","26":"product-type-variable"},"acf":[],"_links":{"self":[{"href":"https:\/\/www.specialscentshop.com\/fr\/wp-json\/wp\/v2\/product\/43945","targetHints":{"allow":["GET"]}}],"collection":[{"href":"https:\/\/www.specialscentshop.com\/fr\/wp-json\/wp\/v2\/product"}],"about":[{"href":"https:\/\/www.specialscentshop.com\/fr\/wp-json\/wp\/v2\/types\/product"}],"wp:featuredmedia":[{"embeddable":true,"href":"https:\/\/www.specialscentshop.com\/fr\/wp-json\/wp\/v2\/media\/48315"}],"wp:attachment":[{"href":"https:\/\/www.specialscentshop.com\/fr\/wp-json\/wp\/v2\/media?parent=43945"}],"wp:term":[{"taxonomy":"product_brand","embeddable":true,"href":"https:\/\/www.specialscentshop.com\/fr\/wp-json\/wp\/v2\/product_brand?post=43945"},{"taxonomy":"product_cat","embeddable":true,"href":"https:\/\/www.specialscentshop.com\/fr\/wp-json\/wp\/v2\/product_cat?post=43945"},{"taxonomy":"product_tag","embeddable":true,"href":"https:\/\/www.specialscentshop.com\/fr\/wp-json\/wp\/v2\/product_tag?post=43945"}],"curies":[{"name":"wp","href":"https:\/\/api.w.org\/{rel}","templated":true}]}}