{"id":43953,"date":"2020-06-18T15:10:18","date_gmt":"2020-06-18T13:10:18","guid":{"rendered":"https:\/\/www.specialscentshop.com\/product\/pina-colada\/"},"modified":"2025-02-18T20:11:47","modified_gmt":"2025-02-18T19:11:47","slug":"pina-colada","status":"publish","type":"product","link":"https:\/\/www.specialscentshop.com\/fr\/produit\/pina-colada\/","title":{"rendered":"Pi\u00f1a Colada"},"content":{"rendered":"<h2><strong>Effet de parfum Environnements Pi\u00f1a Colada<\/strong><\/h2>\n<p>Le <strong>Parfum d&#8217;ambiance Pi\u00f1a Colada<\/strong> est con\u00e7u pour les environnements jeunes tels que les discoth\u00e8ques, les bo\u00eetes de nuit et les lieux de rencontre. Lorsque l&#8217;ar\u00f4me est diffus\u00e9 \u00e0 l&#8217;ext\u00e9rieur des locaux, l&#8217;envie d&#8217;entrer et d&#8217;\u00e9tancher sa soif avec cette boisson d\u00e9sormais c\u00e9l\u00e8bre devient presque irr\u00e9sistible. \u00c0 l&#8217;int\u00e9rieur, le sentiment est le m\u00eame, avec en plus l&#8217;envie de se divertir et de consommer d&#8217;autres boissons.<\/p>\n<h2><strong>Caract\u00e9ristiques Parfum d&#8217;ambiance estival Pi\u00f1a Colada<\/strong><\/h2>\n<p>Le parfum d&#8217;ambiance <a href=\"https:\/\/it.wikipedia.org\/wiki\/Pi%C3%B1a_Colada\" target=\"_blank\" rel=\"noopener\"><strong>parfum d&#8217;ambiance Pi\u00f1a Colada<\/strong><\/a> en plus de son essence d\u00e9licate, peut donner une touche unique et moderne \u00e0 votre ambiance, ce qui le rend id\u00e9al pour le marketing olfactif des boissons. Les ingr\u00e9dients de la c\u00e9l\u00e8bre boisson carib\u00e9enne sont un m\u00e9lange de fruits et de rhum tels que l&#8217;ananas, la noix de coco et le citron vert. Un parfum que vous pouvez sentir avec tous vos r\u00e9cepteurs olfactifs et qui offre une exp\u00e9rience sensorielle unique. Aujourd&#8217;hui, les affaires se font en suivant les r\u00e8gles novatrices du marketing &#8211; le marketing olfactif. Essayez-le pour le croire !<\/p>\n<p><em>Nous disposons d&#8217;une large gamme de diffuseurs d&#8217;ambiance, y compris notre tout nouveau spray <a href=\"https:\/\/www.specialscentshop.com\/fr\/produit\/nebula-diffuseur-dambiance-rechargeable\/\">Nebula<\/a>, qui fonctionne avec la m\u00eame technique d&#8217;atomisation que nos diffuseurs, une solution parfaite et \u00e9conomique pour ceux qui souhaitent tester nos produits avant d&#8217;acheter une plus grande quantit\u00e9 de parfum ou un diffuseur. Le format Nebula est en aluminium, rechargeable et surtout respectueux de l&#8217;environnement. A l&#8217;achat d&#8217;un parfum de 0,250 g de votre choix, vous recevez gratuitement Nebula. Id\u00e9al pour les petites quantit\u00e9s. <\/em><\/p>\n<h2 class=\"p1\"><b>Particuli\u00e8rement adapt\u00e9 pour :<\/b><\/h2>\n<p>Voici une liste d&#8217;environnements o\u00f9 l&#8217;odeur de Pi\u00f1a Colada s&#8217;int\u00e8gre bien :<\/p>\n<ul>\n<li>Salon : le parfum Pi\u00f1a Colada est frais, tropical et invitant, il peut donc cr\u00e9er une atmosph\u00e8re confortable et relaxante dans le salon.<\/li>\n<li>Chambre \u00e0 coucher : <strong>le parfum Pi\u00f1a Colada<\/strong> a des propri\u00e9t\u00e9s relaxantes et apaisantes, il est donc parfait pour cr\u00e9er une atmosph\u00e8re douillette et confortable dans la chambre \u00e0 coucher.<\/li>\n<li>Bain : le parfum Pi\u00f1a Colada a des propri\u00e9t\u00e9s rafra\u00eechissantes et purifiantes, il est donc parfait pour cr\u00e9er une atmosph\u00e8re relaxante et rafra\u00eechissante dans la salle de bain.<\/li>\n<li>Piscine et espaces ext\u00e9rieurs : le parfum de Pi\u00f1a Colada est frais et tropical, il convient donc parfaitement aux espaces ext\u00e9rieurs tels que les piscines et les jardins.<\/li>\n<li>Bars et restaurants tropicaux : l&#8217;odeur de la Pi\u00f1a Colada est associ\u00e9e aux vacances et \u00e0 la culture tropicale, elle convient donc parfaitement aux bars et restaurants proposant ce type d&#8217;ambiance et de cuisine.<\/li>\n<li>Spas et centres de bien-\u00eatre : le parfum de Pi\u00f1a Colada a des propri\u00e9t\u00e9s relaxantes et apaisantes, il est donc parfait pour cr\u00e9er une atmosph\u00e8re relaxante et confortable dans les spas et les centres de bien-\u00eatre.<\/li>\n<li class=\"li1\">Restaurants, clubs, magasins et grandes salles<\/li>\n<\/ul>\n<p><em><strong>lire la suite : <a href=\"https:\/\/www.specialscentshop.com\/fr\/produit\/cola\/\">Cola<\/a><\/strong><\/em><\/p>\n","protected":false},"excerpt":{"rendered":"<section class=\"av_textblock_section \">\n<div class=\"avia_textblock \">\n<h3><\/h3>\n<h3>Parfum d&#8217;ambiance Pi\u00f1a Colada<\/h3>\n<p>Notes de c\u0153ur olfactives : Le parfum d&#8217;ambiance Pi\u00f1a Colada est une fragrance id\u00e9ale pour les moments de convivialit\u00e9. Les notes d&#8217;ananas, de noix de coco et de rhum, une fois diffus\u00e9es dans l&#8217;air, accentuent l&#8217;envie d&#8217;un cocktail frais et d\u00e9salt\u00e9rant. Id\u00e9al pour une soir\u00e9e entre amis, mais surtout utilis\u00e9 dans les lieux jeunes et branch\u00e9s pour augmenter la client\u00e8le.<\/p>\n<p><strong>Une excellente solution pour le marketing olfactif<\/strong><\/p>\n<\/div>\n<\/section>\n","protected":false},"featured_media":48089,"template":"","meta":{"_acf_changed":false},"product_brand":[],"product_cat":[922],"product_tag":[867,903,784,906,786,787,788],"class_list":{"0":"post-43953","1":"product","2":"type-product","3":"status-publish","4":"has-post-thumbnail","6":"product_cat-parfums-dambiance-drinkfood","7":"product_tag-salles-de-jeux","8":"product_tag-environnements-exterieurs","9":"product_tag-domicile","10":"product_tag-mariages","11":"product_tag-hotel-bb-fr","12":"product_tag-magasins-shopping","13":"product_tag-restaurants-et-bars","15":"first","16":"instock","17":"taxable","18":"shipping-taxable","19":"purchasable","20":"product-type-variable"},"acf":[],"_links":{"self":[{"href":"https:\/\/www.specialscentshop.com\/fr\/wp-json\/wp\/v2\/product\/43953","targetHints":{"allow":["GET"]}}],"collection":[{"href":"https:\/\/www.specialscentshop.com\/fr\/wp-json\/wp\/v2\/product"}],"about":[{"href":"https:\/\/www.specialscentshop.com\/fr\/wp-json\/wp\/v2\/types\/product"}],"wp:featuredmedia":[{"embeddable":true,"href":"https:\/\/www.specialscentshop.com\/fr\/wp-json\/wp\/v2\/media\/48089"}],"wp:attachment":[{"href":"https:\/\/www.specialscentshop.com\/fr\/wp-json\/wp\/v2\/media?parent=43953"}],"wp:term":[{"taxonomy":"product_brand","embeddable":true,"href":"https:\/\/www.specialscentshop.com\/fr\/wp-json\/wp\/v2\/product_brand?post=43953"},{"taxonomy":"product_cat","embeddable":true,"href":"https:\/\/www.specialscentshop.com\/fr\/wp-json\/wp\/v2\/product_cat?post=43953"},{"taxonomy":"product_tag","embeddable":true,"href":"https:\/\/www.specialscentshop.com\/fr\/wp-json\/wp\/v2\/product_tag?post=43953"}],"curies":[{"name":"wp","href":"https:\/\/api.w.org\/{rel}","templated":true}]}}