{"id":43989,"date":"2020-06-18T14:29:17","date_gmt":"2020-06-18T12:29:17","guid":{"rendered":"https:\/\/www.specialscentshop.com\/product\/pain\/"},"modified":"2025-08-03T14:49:33","modified_gmt":"2025-08-03T12:49:33","slug":"pain","status":"publish","type":"product","link":"https:\/\/www.specialscentshop.com\/fr\/produit\/pain\/","title":{"rendered":"Pain"},"content":{"rendered":"<p><strong>L&#8217;odeur du pain pour le marketing,<\/strong>\u00a0est con\u00e7u pour ceux qui souhaitent renouveler leur environnement et apporter un confort suppl\u00e9mentaire \u00e0 leurs clients. L&#8217;odeur du <a href=\"https:\/\/it.wikipedia.org\/wiki\/Pane\" target=\"_blank\" rel=\"noopener\">pain<\/a> cuit attire les enfants et les adultes par son parfum.<\/p>\n<p>Impossible en passant devant une boulangerie de ne pas y entrer. Une exp\u00e9rience olfactive qui nous renvoie aux souvenirs du pass\u00e9, \u00e0 la famille. Si vous avez une boulangerie ou un stand de nourriture, une p\u00e2tisserie, une ferme ou un refuge de montagne, ce parfum est pour vous.<\/p>\n<h2><strong>Caract\u00e9ristiques Parfum de salle Pain<\/strong><\/h2>\n<p>Le pain, un aliment aim\u00e9 de presque tout le monde, peut \u00eatre servi de toutes les fa\u00e7ons et accompagner tous les plats. Le pain est un parfum alimentaire, une cat\u00e9gorie en constante \u00e9volution qui suit les tendances des consommateurs et du march\u00e9.<br \/>\n<strong>Olfactory Marketing<\/strong> r\u00e9ussit \u00e0 cr\u00e9er un v\u00e9ritable processus de fid\u00e9lisation de la client\u00e8le li\u00e9 \u00e0 la m\u00e9moire olfactive, un parfum que vous n&#8217;oublierez pas facilement.<\/p>\n<p><em>Nous disposons d&#8217;une large gamme de diffuseurs d&#8217;ambiance, y compris notre tout nouveau spray <a href=\"https:\/\/www.specialscentshop.com\/fr\/produit\/nebula-diffuseur-dambiance-rechargeable\/\">Nebula<\/a>, qui fonctionne avec la m\u00eame technique d&#8217;atomisation que nos diffuseurs, une solution parfaite et \u00e9conomique pour ceux qui souhaitent tester nos produits avant d&#8217;acheter une plus grande quantit\u00e9 de parfum ou un diffuseur. <\/em><\/p>\n<p><em><strong>Le parfum de pain<\/strong> Nebula est fabriqu\u00e9 en aluminium, il est rechargeable et surtout respectueux de l&#8217;environnement. A l&#8217;achat d&#8217;un parfum de 0,250 g de votre choix, vous recevrez gratuitement Nebula. Id\u00e9al pour les petites quantit\u00e9s. <\/em><\/p>\n<h2 class=\"p1\"><b>Parfum d&#8217;ambiance pain adapt\u00e9 pour :<\/b><\/h2>\n<p>Voici quelques environnements o\u00f9 l&#8217;odeur du pain peut \u00eatre particuli\u00e8rement agr\u00e9able :<\/p>\n<ul>\n<li>Boulangeries et p\u00e2tisseries<\/li>\n<li>Salles \u00e0 manger et cuisines domestiques<\/li>\n<li>Salles de petit-d\u00e9jeuner et de restauration dans les h\u00f4tels et les chambres d&#8217;h\u00f4tes<\/li>\n<li>F\u00eates et r\u00e9unions d&#8217;amis et de famille<\/li>\n<li>Salles de jardin et terrasses<\/li>\n<li>Salles pour \u00e9v\u00e9nements et mariages<\/li>\n<li>Foires et march\u00e9s alimentaires<\/li>\n<li>Salles de d\u00e9gustation de pain<\/li>\n<li>\u00c9piceries et supermarch\u00e9s<\/li>\n<li>Tous les environnements o\u00f9 il y a des gens qui aiment le pain frais et chaud.<\/li>\n<\/ul>\n<p><em><strong>lire la suite : <a href=\"https:\/\/www.specialscentshop.com\/fr\/produit\/brioche\/\">Brioche<\/a><\/strong><\/em><\/p>\n","protected":false},"excerpt":{"rendered":"<section class=\"av_textblock_section \">\n<div class=\"avia_textblock \">\n<h4><strong>Parfum d&#8217;ambiance pain ,<\/strong><strong>Notes olfactives : <\/strong><\/h4>\n<h5><span style=\"color: #000000;\">Il existe de nombreux types de pain et chacun a un go\u00fbt et une saveur particuliers, mais l&#8217;odeur du pain sortant du four \u00e0 bois est quelque chose d&#8217;unique et de magique.<\/span><br \/>\nLes <span style=\"color: #000000;\">notes <\/span>olfactives <span style=\"color: #000000;\">sont chaudes, <\/span>id\u00e9ales pour un marketing olfactif \u00e9quilibr\u00e9 et stimulent l&#8217;interaction avec l&#8217;environnement et les clients. C&#8217;est une tendance qui devient de plus en plus populaire et si vous aussi vous souhaitez d\u00e9velopper votre activit\u00e9 et cr\u00e9er une oasis de plaisir dans vos locaux, c&#8217;est la bonne solution !<\/h5>\n<\/div>\n<\/section>\n","protected":false},"featured_media":48240,"template":"","meta":{"_acf_changed":false},"product_brand":[],"product_cat":[922],"product_tag":[904,907,787,788,903],"class_list":{"0":"post-43989","1":"product","2":"type-product","3":"status-publish","4":"has-post-thumbnail","6":"product_cat-parfums-dambiance-drinkfood","7":"product_tag-foires-et-evenements","8":"product_tag-parfums-pour-les-foires-commerciales","9":"product_tag-magasins-shopping","10":"product_tag-restaurants-et-bars","11":"product_tag-environnements-exterieurs","13":"first","14":"instock","15":"taxable","16":"shipping-taxable","17":"purchasable","18":"product-type-variable"},"acf":[],"_links":{"self":[{"href":"https:\/\/www.specialscentshop.com\/fr\/wp-json\/wp\/v2\/product\/43989","targetHints":{"allow":["GET"]}}],"collection":[{"href":"https:\/\/www.specialscentshop.com\/fr\/wp-json\/wp\/v2\/product"}],"about":[{"href":"https:\/\/www.specialscentshop.com\/fr\/wp-json\/wp\/v2\/types\/product"}],"wp:featuredmedia":[{"embeddable":true,"href":"https:\/\/www.specialscentshop.com\/fr\/wp-json\/wp\/v2\/media\/48240"}],"wp:attachment":[{"href":"https:\/\/www.specialscentshop.com\/fr\/wp-json\/wp\/v2\/media?parent=43989"}],"wp:term":[{"taxonomy":"product_brand","embeddable":true,"href":"https:\/\/www.specialscentshop.com\/fr\/wp-json\/wp\/v2\/product_brand?post=43989"},{"taxonomy":"product_cat","embeddable":true,"href":"https:\/\/www.specialscentshop.com\/fr\/wp-json\/wp\/v2\/product_cat?post=43989"},{"taxonomy":"product_tag","embeddable":true,"href":"https:\/\/www.specialscentshop.com\/fr\/wp-json\/wp\/v2\/product_tag?post=43989"}],"curies":[{"name":"wp","href":"https:\/\/api.w.org\/{rel}","templated":true}]}}