{"id":43998,"date":"2020-06-18T14:52:04","date_gmt":"2020-06-18T12:52:04","guid":{"rendered":"https:\/\/www.specialscentshop.com\/product\/cafe\/"},"modified":"2025-07-01T09:43:24","modified_gmt":"2025-07-01T07:43:24","slug":"cafe","status":"publish","type":"product","link":"https:\/\/www.specialscentshop.com\/fr\/produit\/cafe\/","title":{"rendered":"Caf\u00e9"},"content":{"rendered":"<h2><strong>Effet sur l&#8217;environnement<\/strong><\/h2>\n<p>Pourriez-vous passer un apr\u00e8s-midi avec votre meilleur ami sans vous arr\u00eater pour prendre un <a href=\"https:\/\/it.wikipedia.org\/wiki\/Caff%C3%A8\" target=\"_blank\" rel=\"noopener\">caf\u00e9<\/a>? S&#8217;il s&#8217;agit de ce dont nous nous souvenons comme \u00e9tant le meilleur caf\u00e9 en termes de go\u00fbt et d&#8217;ar\u00f4me, nous nous y rendrons certainement. Ce parfum a \u00e9t\u00e9 sp\u00e9cialement con\u00e7u pour les bars, les restaurants, les caf\u00e9s, les p\u00e2tisseries qui disposent \u00e9galement d&#8217;une machine \u00e0 caf\u00e9, les \u00e9tablissements de petit-d\u00e9jeuner tels que les h\u00f4tels et les lieux de divertissement.<\/p>\n<h2><strong>Caract\u00e9ristiques Parfum d&#8217;ambiance Caf\u00e9<\/strong><\/h2>\n<p>De plus en plus d&#8217;entreprises s&#8217;ouvrent dans des lieux proches de la mer ou dans des stations touristiques et toutes disposent certainement d&#8217;une machine \u00e0 caf\u00e9. Pensez maintenant \u00e0 la possibilit\u00e9 de savourer le<strong> go\u00fbt du caf\u00e9<\/strong> non seulement avec votre palais, mais aussi avec votre odorat.<\/p>\n<p>Une exp\u00e9rience qui va de pair avec les nouvelles tendances touristiques. Oui, parce que les clients et les touristes recherchent une exp\u00e9rience, quelque chose qu&#8217;ils peuvent ramener chez eux comme souvenir et c&#8217;est exactement pour cela que nous proposons le<strong>parfum de salle de caf\u00e9<\/strong>. C&#8217;est l&#8217;une des nombreuses exp\u00e9riences olfactives qui font partie des nouvelles tendances marketing. Essayez-le ou l&#8217;un de nos parfums, vous ne serez pas d\u00e9\u00e7u.<\/p>\n<p><em>Nous disposons d&#8217;une large gamme de <strong>diffuseurs d&#8217;ambiance<\/strong>, dont notre tout nouveau spray <a href=\"https:\/\/www.specialscentshop.com\/fr\/produit\/nebula-diffuseur-dambiance-rechargeable\/\">Nebula<\/a>, qui fonctionne avec la m\u00eame technique d&#8217;atomisation que nos diffuseurs, une solution parfaite et \u00e9conomique pour ceux qui souhaitent tester nos produits avant d&#8217;acheter une plus grande quantit\u00e9 de parfum ou un diffuseur. <strong>Le parfum de salle de caf\u00e9 peut<\/strong>\u00e9galement \u00eatre achet\u00e9 dans un pack Nebula en aluminium, rechargeable et surtout respectueux de l&#8217;environnement. \u00c0 l&#8217;achat d&#8217;un parfum de 0,250 g de votre choix, vous recevrez gratuitement Nebula. Id\u00e9al pour les petites quantit\u00e9s. <\/em><\/p>\n<p><em><strong>lire la suite : <a href=\"https:\/\/www.specialscentshop.com\/fr\/produit\/biscuits\/\">Biscuits<\/a><\/strong><\/em><\/p>\n","protected":false},"excerpt":{"rendered":"<h3>Parfum d&#8217;ambiance Caf\u00e9<\/h3>\n<p>P<strong>arfum d&#8217;ambiance<\/strong> Le caf\u00e9 est pour beaucoup l&#8217;odeur et la boisson qui nous relie au monde le matin d\u00e8s le r\u00e9veil. Apr\u00e8s le d\u00e9jeuner, l&#8217;ar\u00f4me du caf\u00e9 et son go\u00fbt restaurent le corps et l&#8217;esprit.<br \/>\nLes notes olfactives de ce parfum sont fortes et \u00e9pic\u00e9es gr\u00e2ce \u00e0 l&#8217;extrait de son essence \u00e0 partir de grains de caf\u00e9. Il va sans dire que si nous sentons son bon parfum intense en passant devant un caf\u00e9, nous avons instinctivement envie d&#8217;y entrer.<\/p>\n<p><strong>Parfait pour le <a href=\"https:\/\/www.specialscentshop.com\/fr\/marketing-olfactif\/\">marketing olfactif<\/a><\/strong><\/p>\n","protected":false},"featured_media":48164,"template":"","meta":{"_acf_changed":false},"product_brand":[],"product_cat":[922],"product_tag":[788],"class_list":{"0":"post-43998","1":"product","2":"type-product","3":"status-publish","4":"has-post-thumbnail","6":"product_cat-parfums-dambiance-drinkfood","7":"product_tag-restaurants-et-bars","9":"first","10":"instock","11":"taxable","12":"shipping-taxable","13":"purchasable","14":"product-type-variable"},"acf":[],"_links":{"self":[{"href":"https:\/\/www.specialscentshop.com\/fr\/wp-json\/wp\/v2\/product\/43998","targetHints":{"allow":["GET"]}}],"collection":[{"href":"https:\/\/www.specialscentshop.com\/fr\/wp-json\/wp\/v2\/product"}],"about":[{"href":"https:\/\/www.specialscentshop.com\/fr\/wp-json\/wp\/v2\/types\/product"}],"wp:featuredmedia":[{"embeddable":true,"href":"https:\/\/www.specialscentshop.com\/fr\/wp-json\/wp\/v2\/media\/48164"}],"wp:attachment":[{"href":"https:\/\/www.specialscentshop.com\/fr\/wp-json\/wp\/v2\/media?parent=43998"}],"wp:term":[{"taxonomy":"product_brand","embeddable":true,"href":"https:\/\/www.specialscentshop.com\/fr\/wp-json\/wp\/v2\/product_brand?post=43998"},{"taxonomy":"product_cat","embeddable":true,"href":"https:\/\/www.specialscentshop.com\/fr\/wp-json\/wp\/v2\/product_cat?post=43998"},{"taxonomy":"product_tag","embeddable":true,"href":"https:\/\/www.specialscentshop.com\/fr\/wp-json\/wp\/v2\/product_tag?post=43998"}],"curies":[{"name":"wp","href":"https:\/\/api.w.org\/{rel}","templated":true}]}}