{"id":44017,"date":"2020-06-18T14:40:53","date_gmt":"2020-06-18T12:40:53","guid":{"rendered":"https:\/\/www.specialscentshop.com\/product\/pizza-margherita\/"},"modified":"2025-08-05T17:24:28","modified_gmt":"2025-08-05T15:24:28","slug":"pizza-margherita","status":"publish","type":"product","link":"https:\/\/www.specialscentshop.com\/fr\/produit\/pizza-margherita\/","title":{"rendered":"Pizza Margherita"},"content":{"rendered":"<h2><strong>Effet sur l&#8217;environnement du Parfum d&#8217;Ambiance Pizza Margherita<\/strong><\/h2>\n<p>Tout le monde aime la pizza, quel que soit son \u00e2ge, et elle est propos\u00e9e non seulement dans les pizzerias, mais aussi dans les lieux o\u00f9 elle est servie chaude et fumante. C&#8217;est l\u00e0 que l&#8217;on appr\u00e9cie son ar\u00f4me, qui se diffuse aussi bien \u00e0 l&#8217;ext\u00e9rieur qu&#8217;\u00e0 l&#8217;int\u00e9rieur des locaux. Le marketing olfactif par excellence !<\/p>\n<h2><strong>Caract\u00e9ristiques<\/strong><\/h2>\n<p>Apr\u00e8s avoir \u00e9t\u00e9 d\u00e9clar\u00e9e patrimoine mondial de l&#8217;Unesco, la popularit\u00e9 de la Pizza, en particulier de la Margherita, a encore augment\u00e9, cr\u00e9ant un Business encore plus fort. Les notes olfactives sont chaudes mais d\u00e9licates, capables de stimuler les glandes olfactives et gustatives en m\u00eame temps. Le parfum d&#8217;ambiance pizza Margherita reproduit fid\u00e8lement l&#8217;ar\u00f4me du plat. <strong>L<\/strong> &#8216;histoire raconte qu&#8217;en 1889, \u00e0 l&#8217;occasion d&#8217;une visite royale \u00e0 Naples, la reine demanda qu&#8217;on lui apporte une pizza. Le pizzaiolo Raffaele Esposito pr\u00e9para alors une pizza rouge classique, \u00e0 laquelle il ajouta de la mozzarella et du basilic. La reine a tellement appr\u00e9ci\u00e9 le go\u00fbt de cette pizza qu&#8217;elle est devenue son plat pr\u00e9f\u00e9r\u00e9, d&#8217;o\u00f9 son nom. Mais la v\u00e9rit\u00e9 est autre, la pizza \u00e0 la tomate, \u00e0 la mozzarella et au basilic avait d\u00e9j\u00e0 \u00e9t\u00e9 invent\u00e9e, mais ce fut l&#8217;occasion de donner un nom c\u00e9l\u00e8bre \u00e0 ce que l&#8217;on appelle aujourd&#8217;hui la pizza la plus c\u00e9l\u00e8bre du monde.<\/p>\n<h2 class=\"p1\"><b>Particuli\u00e8rement adapt\u00e9 pour :<\/b><\/h2>\n<p>Voici quelques environnements o\u00f9 l&#8217;odeur de la pizza Margherita peut \u00eatre particuli\u00e8rement agr\u00e9able :<\/p>\n<ul>\n<li>Pizzerias et restaurants<\/li>\n<li>Salles \u00e0 manger et cuisines domestiques<\/li>\n<li>Salles de jardin et terrasses<\/li>\n<li>Foires et march\u00e9s alimentaires<\/li>\n<li>Salles de d\u00e9gustation de pizzas<\/li>\n<li>Salles de jeux et de jeux de soci\u00e9t\u00e9<\/li>\n<li>\u00c9piceries et supermarch\u00e9s<\/li>\n<li>Tous les environnements o\u00f9 il y a des gens qui aiment la pizza.<\/li>\n<\/ul>\n<p><em><strong>lire la suite :\u00a0<\/strong><\/em><\/p>\n<p><em>Nous disposons d&#8217;une large gamme de diffuseurs d&#8217;ambiance, y compris notre tout nouveau spray <a href=\"https:\/\/www.specialscentshop.com\/fr\/produit\/nebula-diffuseur-dambiance-rechargeable\/\">Nebula<\/a>, qui fonctionne avec la m\u00eame technique d&#8217;atomisation que nos diffuseurs, une solution parfaite et \u00e9conomique pour ceux qui souhaitent tester nos produits avant d&#8217;acheter une plus grande quantit\u00e9 de parfum ou un diffuseur.<\/em><\/p>\n<p><em> Le format de parfum d&#8217;ambiance Pizza Margherita Nebula est en aluminium, rechargeable et surtout \u00e9cologique. A l&#8217;achat d&#8217;un parfum de 0,250 g de votre choix, vous recevrez gratuitement Nebula. Id\u00e9al pour les petites quantit\u00e9s.<\/em><\/p>\n","protected":false},"excerpt":{"rendered":"<h3>Parfum d&#8217;Ambiance Pizza Margherita<\/h3>\n<p>Le parfum d&#8217;ambiance Pizza Margherita est un parfum appr\u00e9ci\u00e9 dans le monde entier. La pizza Margherita est l&#8217;un des plats pr\u00e9f\u00e9r\u00e9s dans le monde entier, c&#8217;est pourquoi son parfum est tr\u00e8s demand\u00e9 sur le march\u00e9 des parfums alimentaires. C&#8217;est un ar\u00f4me incomparable qui, diffus\u00e9 \u00e0 l&#8217;ext\u00e9rieur et \u00e0 l&#8217;int\u00e9rieur d&#8217;une pizzeria, d&#8217;un restaurant ou d&#8217;un bar, a le pouvoir d&#8217;attirer n&#8217;importe quel type de client. Qui n&#8217;aime pas la pizza Margherita ! M\u00eame la reine Margherita n&#8217;y a pas r\u00e9sist\u00e9 et c&#8217;est \u00e0 elle que l&#8217;on doit le nom de cet aliment.<\/p>\n<p><strong>Attirez vos clients gr\u00e2ce au marketing olfactif<\/strong><\/p>\n","protected":false},"featured_media":48189,"template":"","meta":{"_acf_changed":false},"product_brand":[],"product_cat":[922],"product_tag":[903,904,907,787,788],"class_list":{"0":"post-44017","1":"product","2":"type-product","3":"status-publish","4":"has-post-thumbnail","6":"product_cat-parfums-dambiance-drinkfood","7":"product_tag-environnements-exterieurs","8":"product_tag-foires-et-evenements","9":"product_tag-parfums-pour-les-foires-commerciales","10":"product_tag-magasins-shopping","11":"product_tag-restaurants-et-bars","13":"first","14":"instock","15":"taxable","16":"shipping-taxable","17":"purchasable","18":"product-type-variable"},"acf":[],"_links":{"self":[{"href":"https:\/\/www.specialscentshop.com\/fr\/wp-json\/wp\/v2\/product\/44017","targetHints":{"allow":["GET"]}}],"collection":[{"href":"https:\/\/www.specialscentshop.com\/fr\/wp-json\/wp\/v2\/product"}],"about":[{"href":"https:\/\/www.specialscentshop.com\/fr\/wp-json\/wp\/v2\/types\/product"}],"wp:featuredmedia":[{"embeddable":true,"href":"https:\/\/www.specialscentshop.com\/fr\/wp-json\/wp\/v2\/media\/48189"}],"wp:attachment":[{"href":"https:\/\/www.specialscentshop.com\/fr\/wp-json\/wp\/v2\/media?parent=44017"}],"wp:term":[{"taxonomy":"product_brand","embeddable":true,"href":"https:\/\/www.specialscentshop.com\/fr\/wp-json\/wp\/v2\/product_brand?post=44017"},{"taxonomy":"product_cat","embeddable":true,"href":"https:\/\/www.specialscentshop.com\/fr\/wp-json\/wp\/v2\/product_cat?post=44017"},{"taxonomy":"product_tag","embeddable":true,"href":"https:\/\/www.specialscentshop.com\/fr\/wp-json\/wp\/v2\/product_tag?post=44017"}],"curies":[{"name":"wp","href":"https:\/\/api.w.org\/{rel}","templated":true}]}}