{"id":44026,"date":"2020-06-18T14:36:20","date_gmt":"2020-06-18T12:36:20","guid":{"rendered":"https:\/\/www.specialscentshop.com\/product\/brioche\/"},"modified":"2025-07-01T10:20:19","modified_gmt":"2025-07-01T08:20:19","slug":"brioche","status":"publish","type":"product","link":"https:\/\/www.specialscentshop.com\/fr\/produit\/brioche\/","title":{"rendered":"Brioche"},"content":{"rendered":"<h2><strong>Effet sur l&#8217;environnement<\/strong><\/h2>\n<p><strong>Le parfum d&#8217;ambiance<\/strong> <a href=\"https:\/\/it.wikipedia.org\/wiki\/Brioche\" target=\"_blank\" rel=\"noopener\">brioche<\/a> convient aux locaux tels que les bars, les p\u00e2tisseries, les salles \u00e0 manger des h\u00f4tels et des chambres d&#8217;h\u00f4tes et les salons de th\u00e9. Il peut \u00eatre diffus\u00e9 aussi bien \u00e0 l&#8217;ext\u00e9rieur qu&#8217;\u00e0 l&#8217;int\u00e9rieur de la pi\u00e8ce pour attirer et accueillir vos clients. Ceux qui l&#8217;ont essay\u00e9 ont compris que le marketing d&#8217;aujourd&#8217;hui est aussi olfactif et qu&#8217;il faut aussi s\u00e9duire les clients avec une strat\u00e9gie diff\u00e9rente.<\/p>\n<h2><strong>Caract\u00e9ristiques Ambiance Parfum Brioche<\/strong><\/h2>\n<p>Ce parfum, aux notes simples et chaleureuses, est l&#8217;un des plus achet\u00e9s et des plus populaires. Si l&#8217;objectif est d&#8217;acqu\u00e9rir une client\u00e8le qui aime retrouver une ambiance cosy et familiale, c&#8217;est le parfum qu&#8217;il vous faut. Ils reviendront certainement chez vous tous les matins ou les apr\u00e8s-midi entre amis.<\/p>\n<p><em>Nous disposons d&#8217;une large gamme de diffuseurs d&#8217;ambiance, y compris notre tout nouveau spray <a href=\"https:\/\/www.specialscentshop.com\/fr\/produit\/nebula-diffuseur-dambiance-rechargeable\/\">Nebula<\/a>, qui fonctionne avec la m\u00eame technique d&#8217;atomisation que nos diffuseurs, une solution parfaite et \u00e9conomique pour ceux qui souhaitent tester nos produits avant d&#8217;acheter une plus grande quantit\u00e9 de parfum ou un diffuseur. Le format Nebula est en aluminium, rechargeable et surtout respectueux de l&#8217;environnement. A l&#8217;achat d&#8217;un parfum de 0,250 g de votre choix, vous recevez gratuitement Nebula. Id\u00e9al pour les petites quantit\u00e9s. <\/em><\/p>\n<h2 class=\"p1\"><b>Particuli\u00e8rement adapt\u00e9 pour :<\/b><\/h2>\n<p>Voici quelques environnements o\u00f9 l&#8217;odeur de la brioche peut \u00eatre particuli\u00e8rement agr\u00e9able :<\/p>\n<ul>\n<li>P\u00e2tisseries et boulangeries<\/li>\n<li>Salles \u00e0 manger et cuisines domestiques<\/li>\n<li>Salles de petit-d\u00e9jeuner et de restauration dans les h\u00f4tels et les chambres d&#8217;h\u00f4tes<\/li>\n<li>Salles d&#8217;attente et de conf\u00e9rence<\/li>\n<li>F\u00eates et r\u00e9unions d&#8217;amis et de famille<\/li>\n<li>Salles de jardin et terrasses<\/li>\n<li>Salles pour \u00e9v\u00e9nements et mariages<\/li>\n<li>Foires et march\u00e9s alimentaires<\/li>\n<li>Salles de d\u00e9gustation de g\u00e2teaux et de p\u00e2tisseries<\/li>\n<li>Salles de jeux et de jeux de soci\u00e9t\u00e9<\/li>\n<li>Salles de d\u00e9tente et de spa<\/li>\n<li>\u00c9piceries et supermarch\u00e9s<\/li>\n<li>Tous les environnements o\u00f9 il y a des gens qui aiment la p\u00e2tisserie<\/li>\n<\/ul>\n<p><em><strong>Lire la suite : <\/strong><\/em><\/p>\n","protected":false},"excerpt":{"rendered":"<h3>Ambiance Parfum Brioche<\/h3>\n<p><strong>Le parfum d&#8217;ambiance Brioche<\/strong> et son ar\u00f4me incomparable ont \u00e9t\u00e9 cr\u00e9\u00e9s pour tous les environnements o\u00f9 le petit-d\u00e9jeuner occupe une place importante. \u00catre accueilli par l&#8217;odeur de brioches chaudes fra\u00eechement cuites cr\u00e9e un moment presque magique pour ceux qui s&#8217;appr\u00eatent \u00e0 commencer une journ\u00e9e de travail tr\u00e9pidante.<\/p>\n<p><strong>Excellente strat\u00e9gie de <a href=\"https:\/\/www.specialscentshop.com\/fr\/marketing-olfactif\/\">marketing olfactif<\/a><\/strong><\/p>\n<p>&nbsp;<\/p>\n","protected":false},"featured_media":48215,"template":"","meta":{"_acf_changed":false},"product_brand":[],"product_cat":[922],"product_tag":[907,787,903,904],"class_list":{"0":"post-44026","1":"product","2":"type-product","3":"status-publish","4":"has-post-thumbnail","6":"product_cat-parfums-dambiance-drinkfood","7":"product_tag-parfums-pour-les-foires-commerciales","8":"product_tag-magasins-shopping","9":"product_tag-environnements-exterieurs","10":"product_tag-foires-et-evenements","12":"first","13":"instock","14":"taxable","15":"shipping-taxable","16":"purchasable","17":"product-type-variable"},"acf":[],"_links":{"self":[{"href":"https:\/\/www.specialscentshop.com\/fr\/wp-json\/wp\/v2\/product\/44026","targetHints":{"allow":["GET"]}}],"collection":[{"href":"https:\/\/www.specialscentshop.com\/fr\/wp-json\/wp\/v2\/product"}],"about":[{"href":"https:\/\/www.specialscentshop.com\/fr\/wp-json\/wp\/v2\/types\/product"}],"wp:featuredmedia":[{"embeddable":true,"href":"https:\/\/www.specialscentshop.com\/fr\/wp-json\/wp\/v2\/media\/48215"}],"wp:attachment":[{"href":"https:\/\/www.specialscentshop.com\/fr\/wp-json\/wp\/v2\/media?parent=44026"}],"wp:term":[{"taxonomy":"product_brand","embeddable":true,"href":"https:\/\/www.specialscentshop.com\/fr\/wp-json\/wp\/v2\/product_brand?post=44026"},{"taxonomy":"product_cat","embeddable":true,"href":"https:\/\/www.specialscentshop.com\/fr\/wp-json\/wp\/v2\/product_cat?post=44026"},{"taxonomy":"product_tag","embeddable":true,"href":"https:\/\/www.specialscentshop.com\/fr\/wp-json\/wp\/v2\/product_tag?post=44026"}],"curies":[{"name":"wp","href":"https:\/\/api.w.org\/{rel}","templated":true}]}}