{"id":44045,"date":"2020-06-18T15:02:01","date_gmt":"2020-06-18T13:02:01","guid":{"rendered":"https:\/\/www.specialscentshop.com\/product\/biscuits\/"},"modified":"2025-02-18T19:31:14","modified_gmt":"2025-02-18T18:31:14","slug":"biscuits","status":"publish","type":"product","link":"https:\/\/www.specialscentshop.com\/fr\/produit\/biscuits\/","title":{"rendered":"Biscuits"},"content":{"rendered":"<h2><strong>Effet sur l&#8217;environnement<\/strong><\/h2>\n<p><strong>Le parfum d&#8217;ambiance biscuit. <\/strong>Inutile d&#8217;expliquer cet ar\u00f4me qui ne manquera pas d&#8217;augmenter vos b\u00e9n\u00e9fices. Il convient aux p\u00e2tisseries, aux bars, aux salons de th\u00e9, aux magasins de bonbons, etc.<br \/>\nMais aussi chez vous, lors de f\u00eates d&#8217;enfants ou pour accueillir vos invit\u00e9s. Un parfum qui s&#8217;int\u00e8gre dans l&#8217;ambiance et qui ne se lasse pas.<\/p>\n<h2><strong>Caract\u00e9ristiques <\/strong><\/h2>\n<p><strong>Le parfum d&#8217;ambiance biscuit<\/strong> a la particularit\u00e9 de ne pas avoir d&#8217;heure ou de moment pr\u00e9cis pour le diffuser.<br \/>\nLe petit-d\u00e9jeuner du matin, le th\u00e9 de l&#8217;apr\u00e8s-midi ou l&#8217;apr\u00e8s-d\u00eener sont toujours des moments propices \u00e0 la d\u00e9gustation de biscuits parfum\u00e9s et odorants. La meilleure fa\u00e7on de satisfaire le palais et l&#8217;odorat de vos clients.<\/p>\n<p><em>Nous disposons d&#8217;une large gamme de diffuseurs d&#8217;ambiance, y compris notre tout nouveau spray <a href=\"https:\/\/www.specialscentshop.com\/fr\/produit\/nebula-diffuseur-dambiance-rechargeable\/\">Nebula<\/a>, qui fonctionne avec la m\u00eame technique d&#8217;atomisation que nos diffuseurs, une solution parfaite et \u00e9conomique pour ceux qui souhaitent tester nos produits avant d&#8217;acheter une plus grande quantit\u00e9 de parfum ou un diffuseur. Le format Nebula est en aluminium, rechargeable et surtout respectueux de l&#8217;environnement. A l&#8217;achat d&#8217;un parfum de 0,250 g de votre choix, vous recevez gratuitement Nebula. Id\u00e9al pour les petites quantit\u00e9s. <\/em><\/p>\n<h2 class=\"p1\"><b>Particuli\u00e8rement adapt\u00e9 pour :<\/b><\/h2>\n<p>Voici une liste d&#8217;environnements o\u00f9 l&#8217;odeur des biscuits a sa place :<\/p>\n<ul>\n<li>Cuisine : <strong>l&#8217;odeur des biscuits<\/strong> est douce et d\u00e9licieuse, elle s&#8217;int\u00e8gre donc parfaitement dans la cuisine, en particulier lors de la pr\u00e9paration de biscuits et d&#8217;autres sucreries.<\/li>\n<li>Chambre \u00e0 coucher : le parfum des biscuits a des propri\u00e9t\u00e9s relaxantes et apaisantes, il est donc parfait pour cr\u00e9er une atmosph\u00e8re douillette et confortable dans la chambre \u00e0 coucher.<\/li>\n<li>Salon : l&#8217;odeur des biscuits est chaude et agr\u00e9able, elle peut donc cr\u00e9er une atmosph\u00e8re chaleureuse et accueillante dans le salon.<\/li>\n<li>Bureau : l&#8217;odeur des biscuits a des propri\u00e9t\u00e9s stimulantes et revigorantes, elle peut donc aider \u00e0 maintenir la concentration et la productivit\u00e9 au bureau.<\/li>\n<li>Confiseries : l&#8217;odeur des biscuits est une odeur invitante et d\u00e9licieuse qui attire les clients dans une confiserie.<\/li>\n<li>Spas et centres de bien-\u00eatre : le parfum des biscuits a des propri\u00e9t\u00e9s relaxantes et apaisantes, il est donc parfait pour cr\u00e9er une atmosph\u00e8re de d\u00e9tente et de confort dans les spas et les centres de bien-\u00eatre.<\/li>\n<li class=\"li1\">Restaurants, clubs, magasins et grandes salles<\/li>\n<\/ul>\n<p><em><strong>Lire la suite : Parfum d&#8217;ambiance <a href=\"https:\/\/www.specialscentshop.com\/fr\/produit\/brioche\/\">croissant<\/a><\/strong><\/em><\/p>\n<p>&nbsp;<\/p>\n","protected":false},"excerpt":{"rendered":"<h3>Parfum d&#8217;ambiance Biscuit<\/h3>\n<p>Si <strong>l&#8217;exp\u00e9rience olfactive<\/strong> doit vous faire remonter le temps, le parfum d&#8217;ambiance biscuit est certainement la reine.<br \/>\nDes biscuits fra\u00eechement cuits, des notes de c\u0153ur qui flottent dans l&#8217;air \u00e0 l&#8217;ext\u00e9rieur et \u00e0 l&#8217;int\u00e9rieur de la pi\u00e8ce, et un ar\u00f4me app\u00e9tissant qui monte en fl\u00e8che. Le parfum de biscuit fait revivre les enfants et vous donne le sourire. Impossible d&#8217;y r\u00e9sister.<\/p>\n","protected":false},"featured_media":48114,"template":"","meta":{"_acf_changed":false},"product_brand":[],"product_cat":[922],"product_tag":[903,784,786,787,788],"class_list":{"0":"post-44045","1":"product","2":"type-product","3":"status-publish","4":"has-post-thumbnail","6":"product_cat-parfums-dambiance-drinkfood","7":"product_tag-environnements-exterieurs","8":"product_tag-domicile","9":"product_tag-hotel-bb-fr","10":"product_tag-magasins-shopping","11":"product_tag-restaurants-et-bars","13":"first","14":"instock","15":"taxable","16":"shipping-taxable","17":"purchasable","18":"product-type-variable"},"acf":[],"_links":{"self":[{"href":"https:\/\/www.specialscentshop.com\/fr\/wp-json\/wp\/v2\/product\/44045","targetHints":{"allow":["GET"]}}],"collection":[{"href":"https:\/\/www.specialscentshop.com\/fr\/wp-json\/wp\/v2\/product"}],"about":[{"href":"https:\/\/www.specialscentshop.com\/fr\/wp-json\/wp\/v2\/types\/product"}],"wp:featuredmedia":[{"embeddable":true,"href":"https:\/\/www.specialscentshop.com\/fr\/wp-json\/wp\/v2\/media\/48114"}],"wp:attachment":[{"href":"https:\/\/www.specialscentshop.com\/fr\/wp-json\/wp\/v2\/media?parent=44045"}],"wp:term":[{"taxonomy":"product_brand","embeddable":true,"href":"https:\/\/www.specialscentshop.com\/fr\/wp-json\/wp\/v2\/product_brand?post=44045"},{"taxonomy":"product_cat","embeddable":true,"href":"https:\/\/www.specialscentshop.com\/fr\/wp-json\/wp\/v2\/product_cat?post=44045"},{"taxonomy":"product_tag","embeddable":true,"href":"https:\/\/www.specialscentshop.com\/fr\/wp-json\/wp\/v2\/product_tag?post=44045"}],"curies":[{"name":"wp","href":"https:\/\/api.w.org\/{rel}","templated":true}]}}