{"id":44066,"date":"2020-06-18T15:48:42","date_gmt":"2020-06-18T13:48:42","guid":{"rendered":"https:\/\/www.specialscentshop.com\/product\/ambiance-de-noel-parfum-panettone\/"},"modified":"2026-03-31T11:36:12","modified_gmt":"2026-03-31T09:36:12","slug":"ambiance-de-noel-parfum-panettone","status":"publish","type":"product","link":"https:\/\/www.specialscentshop.com\/fr\/produit\/ambiance-de-noel-parfum-panettone\/","title":{"rendered":"Ambiance de No\u00ebl Parfum Panettone"},"content":{"rendered":"<h2><strong>Effet sur l&#8217;environnement<\/strong><\/h2>\n<p>\u00c0 No\u00ebl, tout le monde se pr\u00e9pare \u00e0 rendre son environnement sp\u00e9cial.<br \/>\nH\u00f4tels, chambres d&#8217;h\u00f4tes, boulangeries, salons de th\u00e9 et tous ces lieux o\u00f9 les gens se retrouvent pour passer le plus beau moment de l&#8217;ann\u00e9e avec leurs amis, leurs parents, leurs coll\u00e8gues&#8230; Impossible de ne pas aimer No\u00ebl !<\/p>\n<h2><strong>Caract\u00e9ristiques<\/strong><\/h2>\n<p>Le <strong>Ambiance de No\u00ebl Parfum <a href=\"https:\/\/it.wikipedia.org\/wiki\/Panettone\" target=\"_blank\" rel=\"noopener\">panettone<\/a> <\/strong>est l&#8217;un des g\u00e2teaux de No\u00ebl les plus c\u00e9l\u00e8bres au monde. Dans notre pays, on en consomme d&#8217;\u00e9normes quantit\u00e9s pendant cette p\u00e9riode, de toutes sortes et avec de nombreuses variantes. Mais aujourd&#8217;hui, les gestionnaires de salles savent \u00e0 quel point il est important d&#8217;\u00eatre accueilli avec chaleur et professionnalisme.<br \/>\nChez vous, vous accueillerez amis et parents dans la plus belle ambiance de No\u00ebl qui soit.<\/p>\n<p><em>Nous disposons d&#8217;une large gamme de diffuseurs d&#8217;ambiance, y compris notre tout nouveau spray <a href=\"https:\/\/www.specialscentshop.com\/fr\/produit\/nebula-diffuseur-dambiance-rechargeable\/\">Nebula<\/a>, qui fonctionne avec la m\u00eame technique d&#8217;atomisation que nos diffuseurs, une solution parfaite et \u00e9conomique pour ceux qui souhaitent tester nos produits avant d&#8217;acheter une plus grande quantit\u00e9 de parfum ou un diffuseur. Le format Nebula est en aluminium, rechargeable et surtout respectueux de l&#8217;environnement. A l&#8217;achat d&#8217;un parfum de 0,250 g de votre choix, vous recevez gratuitement Nebula. Id\u00e9al pour les petites quantit\u00e9s. <\/em><\/p>\n<h2 class=\"p1\"><b>Particuli\u00e8rement adapt\u00e9 pour :<\/b><\/h2>\n<ul>\n<li>Cuisines et salles \u00e0 manger<\/li>\n<li>P\u00e2tisseries et glaciers<\/li>\n<li>Restaurants et caf\u00e9s<\/li>\n<li>Magasins d&#8217;articles m\u00e9nagers et de cuisine<\/li>\n<li>Foires et expositions sur l&#8217;alimentation et la gastronomie<\/li>\n<li>Salles pour \u00e9v\u00e9nements et mariages \u00e0 th\u00e8me culinaire<\/li>\n<li>\u00c9piceries et supermarch\u00e9s disposant d&#8217;un rayon d\u00e9di\u00e9 aux sucreries<\/li>\n<li>March\u00e9 de No\u00ebl et foires d&#8217;hiver<\/li>\n<li>Salles pour \u00e9v\u00e9nements et mariages sur le th\u00e8me de No\u00ebl<\/li>\n<li>Boutiques de cadeaux et de produits festifs<\/li>\n<li class=\"li1\">Restaurants, clubs, magasins et grandes salles<\/li>\n<\/ul>\n<p><em><strong>En savoir plus : <\/strong><strong><a href=\"https:\/\/www.specialscentshop.com\/fr\/produit\/parfum-dambiance-pain-depices-de-noel\/\">Parfum d&#8217;ambiance Pain d&#8217;\u00e9pices de No\u00ebl<\/a><\/strong><\/em><\/p>\n","protected":false},"excerpt":{"rendered":"<h3>Ambiance de No\u00ebl Parfum Panettone<\/h3>\n<p><strong>Le parfum d&#8217;ambiance Panettone<\/strong> a \u00e9t\u00e9 cr\u00e9\u00e9 pour donner cette atmosph\u00e8re typique de No\u00ebl, lorsque nous entrons dans nos maisons et que l&#8217;ar\u00f4me nous enveloppe d&#8217;une \u00e9treinte chaleureuse. Le panettone a un go\u00fbt particulier et si nous sentons son ar\u00f4me dans l&#8217;air, l&#8217;invitation \u00e0 entrer est quelque chose de magique et d&#8217;accueillant. M\u00eame \u00e0 No\u00ebl, profitez du marketing olfactif. Vous serez \u00e9tonn\u00e9 de voir comment il augmentera votre client\u00e8le.<\/p>\n","protected":false},"featured_media":47730,"template":"","meta":{"_acf_changed":false},"product_brand":[],"product_cat":[818,914,922],"product_tag":[903,784,904,786,907,787,788,1166],"class_list":{"0":"post-44066","1":"product","2":"type-product","3":"status-publish","4":"has-post-thumbnail","6":"product_cat-parfums-dambiance","7":"product_cat-parfums-de-noel","8":"product_cat-parfums-dambiance-drinkfood","9":"product_tag-environnements-exterieurs","10":"product_tag-domicile","11":"product_tag-foires-et-evenements","12":"product_tag-hotel-bb-fr","13":"product_tag-parfums-pour-les-foires-commerciales","14":"product_tag-magasins-shopping","15":"product_tag-restaurants-et-bars","16":"product_tag-parfums-de-noel","18":"first","19":"instock","20":"taxable","21":"shipping-taxable","22":"purchasable","23":"product-type-variable"},"acf":[],"_links":{"self":[{"href":"https:\/\/www.specialscentshop.com\/fr\/wp-json\/wp\/v2\/product\/44066","targetHints":{"allow":["GET"]}}],"collection":[{"href":"https:\/\/www.specialscentshop.com\/fr\/wp-json\/wp\/v2\/product"}],"about":[{"href":"https:\/\/www.specialscentshop.com\/fr\/wp-json\/wp\/v2\/types\/product"}],"wp:featuredmedia":[{"embeddable":true,"href":"https:\/\/www.specialscentshop.com\/fr\/wp-json\/wp\/v2\/media\/47730"}],"wp:attachment":[{"href":"https:\/\/www.specialscentshop.com\/fr\/wp-json\/wp\/v2\/media?parent=44066"}],"wp:term":[{"taxonomy":"product_brand","embeddable":true,"href":"https:\/\/www.specialscentshop.com\/fr\/wp-json\/wp\/v2\/product_brand?post=44066"},{"taxonomy":"product_cat","embeddable":true,"href":"https:\/\/www.specialscentshop.com\/fr\/wp-json\/wp\/v2\/product_cat?post=44066"},{"taxonomy":"product_tag","embeddable":true,"href":"https:\/\/www.specialscentshop.com\/fr\/wp-json\/wp\/v2\/product_tag?post=44066"}],"curies":[{"name":"wp","href":"https:\/\/api.w.org\/{rel}","templated":true}]}}