{"id":44084,"date":"2020-06-11T14:00:11","date_gmt":"2020-06-11T12:00:11","guid":{"rendered":"https:\/\/www.specialscentshop.com\/product\/ambiente-food-parfum-de-noel-vanille-et-cannelle\/"},"modified":"2026-03-27T05:38:44","modified_gmt":"2026-03-27T04:38:44","slug":"cannelle-et-vanille","status":"publish","type":"product","link":"https:\/\/www.specialscentshop.com\/fr\/produit\/cannelle-et-vanille\/","title":{"rendered":"Cannelle et Vanille"},"content":{"rendered":"<h2><strong>Effet sur l&#8217;environnement<\/strong><\/h2>\n<p>Pour comprendre l&#8217;esprit que cette essence v\u00e9hicule, il faut penser \u00e0 la f\u00eate par excellence, No\u00ebl. C&#8217;est pr\u00e9cis\u00e9ment \u00e0 cette p\u00e9riode que certains parfums rendent l&#8217;environnement dans lequel nous vivons encore plus magique.<br \/>\nNous recommandons le Parfum Vanille et Cannelle pour tous les lieux qui accueillent des invit\u00e9s dans le parfum chaleureux, paisible et relaxant de No\u00ebl.<\/p>\n<h2><strong>Caract\u00e9ristiques<\/strong><\/h2>\n<p>Le <strong>Cannelle et Vanille<\/strong> n&#8217;est pas seulement un <strong>parfum d&#8217;ambiance<\/strong>, c&#8217;est bien plus.<\/p>\n<p>C&#8217;est un ar\u00f4me sp\u00e9cialement con\u00e7u comme un m\u00e9lange \u00e9quilibr\u00e9 pour stimuler la m\u00e9moire olfactive. Il s&#8217;apparente aux parfums orientaux, mais poss\u00e8de \u00e0 lui seul toutes les caract\u00e9ristiques des senteurs de No\u00ebl, chaudes et enveloppantes. O\u00f9 que vous d\u00e9cidiez d&#8217;utiliser ce parfum, vous vous rendrez vite compte de l&#8217;influence qu&#8217;il exerce sur vos clients, mais aussi sur votre personnel. No\u00ebl, c&#8217;est de la magie et de l&#8217;\u00e9motion pour tout le monde.<\/p>\n<p><em>Nous disposons d&#8217;une large gamme de diffuseurs d&#8217;ambiance, y compris notre tout nouveau spray Nebula, qui fonctionne avec la m\u00eame technique d&#8217;atomisation que nos diffuseurs, une solution parfaite et \u00e9conomique pour ceux qui souhaitent tester nos produits avant d&#8217;acheter une plus grande quantit\u00e9 de parfum ou un diffuseur. Le format Nebula est en aluminium, rechargeable et surtout respectueux de l&#8217;environnement. A l&#8217;achat d&#8217;un parfum de 0,250 g de votre choix, vous recevez gratuitement Nebula. Id\u00e9al pour les petites quantit\u00e9s. <\/em><\/p>\n<h2 class=\"p1\"><b>Particuli\u00e8rement adapt\u00e9 pour :<\/b><\/h2>\n<ul>\n<li>Cuisines<\/li>\n<li>Salles de bains<\/li>\n<li>Chambres \u00e0 coucher<\/li>\n<li>Salons au mobilier chaleureux et confortable<\/li>\n<li>Salles \u00e0 manger \u00e0 l&#8217;ambiance rustique<\/li>\n<li>Chambres de jardin ou terrasses ext\u00e9rieures<\/li>\n<li>Bureaux ou salles de r\u00e9union \u00e0 l&#8217;atmosph\u00e8re chaleureuse et accueillante<\/li>\n<li>Salles de d\u00e9tente ou de lecture<\/li>\n<li>Salle de yoga ou de m\u00e9ditation<\/li>\n<li>Parcs ou jardins naturels<\/li>\n<li>Restaurants et clubs (caf\u00e9s, p\u00e2tisseries, etc.)<\/li>\n<li>Environnements de No\u00ebl<\/li>\n<\/ul>\n<p>L&#8217;ar\u00f4me doux et \u00e9pic\u00e9 de la Cannelle et de la vanille \u00a0contribuer \u00e0 cr\u00e9er une atmosph\u00e8re chaleureuse et agr\u00e9able, \u00e9voquant des sentiments de confort et de bien-\u00eatre. Notez qu&#8217;il ne s&#8217;agit que de suggestions et que l&#8217;ad\u00e9quation du parfum d\u00e9pend en grande partie des pr\u00e9f\u00e9rences personnelles de chacun.<\/p>\n<p><em><strong>Lire la suite : <\/strong><\/em><em><strong><a href=\"https:\/\/www.specialscentshop.com\/fr\/produit\/parfum-dambiance-pain-depices-de-noel\/\">Parfum d\u2019ambiance Pain d\u2019\u00e9pices de No\u00ebl<\/a><\/strong><\/em><\/p>\n<h1 class=\"product_title entry-title\"><\/h1>\n<p>&nbsp;<\/p>\n","protected":false},"excerpt":{"rendered":"<h2><strong>Notes olfactives : notes de c\u0153ur et de fond<\/strong><\/h2>\n<p>La vanille et la<strong> cannelle et vanille<\/strong> commun\u00e9ment connues comme des \u00e9pices utilis\u00e9es en cuisine, avec des saveurs contrast\u00e9es mais uniques. Les notes olfactives de la cannelle sont \u00e9pic\u00e9es et appartiennent donc \u00e0 la cat\u00e9gorie des notes de c\u0153ur, tandis que les notes plus fortes de la vanille appartiennent \u00e0 la cat\u00e9gorie des notes de fond. Ce parfum lib\u00e8re une odeur avec une exp\u00e9rience olfactive inattendue. Des senteurs aux accents orientaux, m\u00e9lang\u00e9es aux senteurs plus occidentales et chaleureuses de la vanille. Un m\u00e9lange \u00e0 exp\u00e9rimenter. Le parfum d&#8217;ambiance vanille et cannelle n&#8217;est pas un parfum habituel et rendra votre pi\u00e8ce unique et sp\u00e9ciale.<\/p>\n<p><strong>Code UFI : PM00-10KA-A009-GVA5<\/strong><\/p>\n","protected":false},"featured_media":47781,"template":"","meta":{"_acf_changed":false},"product_brand":[],"product_cat":[818,914],"product_tag":[867,784,903,786,904,787,906,788,907,1166],"class_list":{"0":"post-44084","1":"product","2":"type-product","3":"status-publish","4":"has-post-thumbnail","6":"product_cat-parfums-dambiance","7":"product_cat-parfums-de-noel","8":"product_tag-salles-de-jeux","9":"product_tag-domicile","10":"product_tag-environnements-exterieurs","11":"product_tag-hotel-bb-fr","12":"product_tag-foires-et-evenements","13":"product_tag-magasins-shopping","14":"product_tag-mariages","15":"product_tag-restaurants-et-bars","16":"product_tag-parfums-pour-les-foires-commerciales","17":"product_tag-parfums-de-noel","19":"first","20":"instock","21":"taxable","22":"shipping-taxable","23":"purchasable","24":"product-type-variable"},"acf":[],"_links":{"self":[{"href":"https:\/\/www.specialscentshop.com\/fr\/wp-json\/wp\/v2\/product\/44084","targetHints":{"allow":["GET"]}}],"collection":[{"href":"https:\/\/www.specialscentshop.com\/fr\/wp-json\/wp\/v2\/product"}],"about":[{"href":"https:\/\/www.specialscentshop.com\/fr\/wp-json\/wp\/v2\/types\/product"}],"wp:featuredmedia":[{"embeddable":true,"href":"https:\/\/www.specialscentshop.com\/fr\/wp-json\/wp\/v2\/media\/47781"}],"wp:attachment":[{"href":"https:\/\/www.specialscentshop.com\/fr\/wp-json\/wp\/v2\/media?parent=44084"}],"wp:term":[{"taxonomy":"product_brand","embeddable":true,"href":"https:\/\/www.specialscentshop.com\/fr\/wp-json\/wp\/v2\/product_brand?post=44084"},{"taxonomy":"product_cat","embeddable":true,"href":"https:\/\/www.specialscentshop.com\/fr\/wp-json\/wp\/v2\/product_cat?post=44084"},{"taxonomy":"product_tag","embeddable":true,"href":"https:\/\/www.specialscentshop.com\/fr\/wp-json\/wp\/v2\/product_tag?post=44084"}],"curies":[{"name":"wp","href":"https:\/\/api.w.org\/{rel}","templated":true}]}}