{"id":44120,"date":"2022-06-24T11:36:01","date_gmt":"2022-06-24T09:36:01","guid":{"rendered":"https:\/\/www.specialscentshop.com\/product\/parfum-dambiance-christmas-baita\/"},"modified":"2026-03-27T05:38:13","modified_gmt":"2026-03-27T04:38:13","slug":"parfum-dambiance-christmas-baita","status":"publish","type":"product","link":"https:\/\/www.specialscentshop.com\/fr\/produit\/parfum-dambiance-christmas-baita\/","title":{"rendered":"Parfum d&#8217;ambiance Christmas Baita"},"content":{"rendered":"<h2><strong>Effet sur l&#8217;ambiance de la senteur de No\u00ebl dans la cabane<\/strong><\/h2>\n<p>Ce n&#8217;est pas seulement un m\u00e9lange de No\u00ebl et d&#8217;hiver, mais avec l&#8217;ajout des notes d\u00e9licates d&#8217;ambre et de vanille, il prend une valeur particuli\u00e8re. Ce parfum est destin\u00e9 \u00e0 une ambiance o\u00f9 la convivialit\u00e9 et l&#8217;amiti\u00e9 r\u00e8gnent en ma\u00eetre entre les c\u00e2lins, le vin chaud, les ch\u00e2taignes grill\u00e9es et les embrassades. Pendant les f\u00eates de fin d&#8217;ann\u00e9e, il peut \u00eatre diffus\u00e9 partout, pendant les autres saisons, dans les h\u00f4tels et les chambres d&#8217;h\u00f4tes de montagne et de colline, les bars et les clubs o\u00f9 le bois et le son de la musique s&#8217;allient pour cr\u00e9er l&#8217;harmonie.<\/p>\n<h2><strong>Caract\u00e9ristiques<\/strong><\/h2>\n<p>Lorsque l&#8217;esprit de No\u00ebl entre dans les maisons, les lieux o\u00f9 la famille et les amis se r\u00e9unissent, seul un parfum parfait peut apporter la touche finale. Diffuser l&#8217;ar\u00f4me d&#8217;ambiance <a href=\"https:\/\/it.wikipedia.org\/wiki\/Baita\" target=\"_blank\" rel=\"noopener\">Baita<\/a>, c&#8217;est comme diffuser des notes de c\u0153ur.<\/p>\n<p><em>Nous disposons d&#8217;une large gamme de diffuseurs d&#8217;ambiance, dont notre tout nouveau spray <a href=\"https:\/\/www.specialscentshop.com\/fr\/produit\/nebula-diffuseur-dambiance-rechargeable\/\">Nebula <\/a>, qui fonctionne avec la m\u00eame technique d&#8217;atomisation que nos diffuseurs, une solution parfaite et \u00e9conomique pour ceux qui souhaitent tester nos produits avant d&#8217;acheter une plus grande quantit\u00e9 de parfum ou un diffuseur. Le format Nebula est en aluminium, rechargeable et surtout respectueux de l&#8217;environnement. A l&#8217;achat d&#8217;un parfum de 0,250 g de votre choix, vous recevez gratuitement Nebula. Id\u00e9al pour les petites quantit\u00e9s. <\/em><\/p>\n<h2><strong>Particuli\u00e8rement adapt\u00e9 pour :<\/strong><\/h2>\n<ul>\n<li style=\"list-style-type: none;\">\n<ul>\n<li>Maisons de montagne ou chalets en bois<\/li>\n<li>Chambres \u00e0 coucher<\/li>\n<li>Salons avec meubles en bois et tissus naturels<\/li>\n<li>Salles \u00e0 manger \u00e0 l&#8217;ambiance rustique<\/li>\n<li>Mus\u00e9es, th\u00e9\u00e2tres, cin\u00e9mas, cabinets d&#8217;avocats<\/li>\n<li>P\u00e9riode de No\u00ebl et magasins proposant des produits de No\u00ebl<\/li>\n<li>H\u00f4tel, B&amp;B, Resort<\/li>\n<\/ul>\n<\/li>\n<\/ul>\n<p><em><strong>Lire la suite : <a href=\"https:\/\/www.specialscentshop.com\/fr\/produit\/parfum-dambiance-christmas-baita\/\">Parfum d&#8217;ambiance Ambre et Tabac<\/a><\/strong><\/em><\/p>\n","protected":false},"excerpt":{"rendered":"<h3>Notes olfactives du parfum d&#8217;ambiance No\u00ebl dans la cabane : notes de fond<\/h3>\n<p>Le parfum d&#8217;ambiance Baita nous transporte dans la magie de No\u00ebl, mais aussi dans les fra\u00eeches soir\u00e9es de printemps, o\u00f9 l&#8217;odeur du bois de sapin se m\u00eale parfaitement \u00e0 celle des aiguilles de pin, du camphre et du thym. Un m\u00e9lange enveloppant, douillet et surtout relaxant, \u00e0 l&#8217;image d&#8217;un chalet de montagne.<\/p>\n<p>Parfait pour le <a href=\"https:\/\/www.specialscentshop.com\/fr\/marketing-olfactif\/\">marketing olfactif<\/a><\/p>\n","protected":false},"featured_media":47862,"template":"","meta":{"_acf_changed":false},"product_brand":[],"product_cat":[818,914],"product_tag":[902,784,904,785,907,786,787,1166],"class_list":{"0":"post-44120","1":"product","2":"type-product","3":"status-publish","4":"has-post-thumbnail","6":"product_cat-parfums-dambiance","7":"product_cat-parfums-de-noel","8":"product_tag-condominiums","9":"product_tag-domicile","10":"product_tag-foires-et-evenements","11":"product_tag-bureau","12":"product_tag-parfums-pour-les-foires-commerciales","13":"product_tag-hotel-bb-fr","14":"product_tag-magasins-shopping","15":"product_tag-parfums-de-noel","17":"first","18":"instock","19":"taxable","20":"shipping-taxable","21":"purchasable","22":"product-type-variable"},"acf":[],"_links":{"self":[{"href":"https:\/\/www.specialscentshop.com\/fr\/wp-json\/wp\/v2\/product\/44120","targetHints":{"allow":["GET"]}}],"collection":[{"href":"https:\/\/www.specialscentshop.com\/fr\/wp-json\/wp\/v2\/product"}],"about":[{"href":"https:\/\/www.specialscentshop.com\/fr\/wp-json\/wp\/v2\/types\/product"}],"wp:featuredmedia":[{"embeddable":true,"href":"https:\/\/www.specialscentshop.com\/fr\/wp-json\/wp\/v2\/media\/47862"}],"wp:attachment":[{"href":"https:\/\/www.specialscentshop.com\/fr\/wp-json\/wp\/v2\/media?parent=44120"}],"wp:term":[{"taxonomy":"product_brand","embeddable":true,"href":"https:\/\/www.specialscentshop.com\/fr\/wp-json\/wp\/v2\/product_brand?post=44120"},{"taxonomy":"product_cat","embeddable":true,"href":"https:\/\/www.specialscentshop.com\/fr\/wp-json\/wp\/v2\/product_cat?post=44120"},{"taxonomy":"product_tag","embeddable":true,"href":"https:\/\/www.specialscentshop.com\/fr\/wp-json\/wp\/v2\/product_tag?post=44120"}],"curies":[{"name":"wp","href":"https:\/\/api.w.org\/{rel}","templated":true}]}}