{"id":44131,"date":"2020-06-11T15:32:49","date_gmt":"2020-06-11T13:32:49","guid":{"rendered":"https:\/\/www.specialscentshop.com\/product\/parfum-dambiance-de-noel-aubepine\/"},"modified":"2026-03-31T12:12:31","modified_gmt":"2026-03-31T10:12:31","slug":"poinsettia","status":"publish","type":"product","link":"https:\/\/www.specialscentshop.com\/fr\/produit\/poinsettia\/","title":{"rendered":"Poinsettia"},"content":{"rendered":"<h2><strong>Effet sur l&#8217;environnement<\/strong><\/h2>\n<p>Laissez le <strong>parfum de No\u00ebl<\/strong> envelopper votre environnement.<br \/>\nL&#8217;aub\u00e9pine est l&#8217;une des fleurs les plus repr\u00e9sentatives de No\u00ebl. Nous avons d\u00e9cid\u00e9 d&#8217;encapsuler tous ses ar\u00f4mes caract\u00e9ristiques dans cette fragrance. Si vous souhaitez ajouter une touche suppl\u00e9mentaire \u00e0 votre ambiance et cr\u00e9er une exp\u00e9rience olfactive unique, vous \u00eates sur la bonne voie.  <\/p>\n<h2><strong>Caract\u00e9ristiques  <\/strong><\/h2>\n<p>La plante du c\u0153ur L&#8217;aub\u00e9pine est connue depuis longtemps comme la plante du c\u0153ur, aim\u00e9e par de nombreux animaux parce qu&#8217;elle produit une \u00e9norme quantit\u00e9 de baies.<br \/>\nLa science sait \u00e9galement que ses feuilles et ses fleurs ont des propri\u00e9t\u00e9s cardioprotectrices. L&#8217;ar\u00f4me de l&#8217;aub\u00e9pine cr\u00e9e une ambiance chaleureuse et agr\u00e9able, \u00e0 l&#8217;image de toute pi\u00e8ce de No\u00ebl.<br \/>\nEn outre, notre parfum peut pr\u00e9senter des avantages pour votre entreprise. Sentir No\u00ebl avec votre nez n&#8217;a jamais \u00e9t\u00e9 aussi agr\u00e9able. D&#8217;autre part, ce parfum peut vous transporter dans la magie de la f\u00eate la plus attendue de l&#8217;ann\u00e9e.   <\/p>\n<p><em>Nous disposons d&#8217;une large gamme de <strong>diffuseurs d&#8217;ambiance<\/strong>, y compris notre tout nouveau <strong>spray <a href=\"https:\/\/www.specialscentshop.com\/prodotto\/diffusori-per-ambienti\/nebula-250gr\/\">Nebula<\/a> <\/strong>, qui fonctionne avec la m\u00eame technique d&#8217;atomisation que nos diffuseurs, une solution parfaite et \u00e9conomique pour ceux qui souhaitent tester nos produits avant d&#8217;acheter une plus grande quantit\u00e9 de parfum ou un diffuseur. Le format Nebula est en aluminium, rechargeable et surtout respectueux de l&#8217;environnement. A l&#8217;achat d&#8217;un parfum de 0,250 g de votre choix, vous recevez gratuitement Nebula. Id\u00e9al pour les petites quantit\u00e9s.  <\/em><\/p>\n<h2><strong>Particuli\u00e8rement adapt\u00e9 pour :<\/strong><\/h2>\n<ul>\n<li>Salles de bains<\/li>\n<li>Chambres \u00e0 coucher<\/li>\n<li>Salons avec meubles en bois et tissus naturels<\/li>\n<li>Salles \u00e0 manger \u00e0 l&#8217;ambiance rustique<\/li>\n<li>Chambres de jardin ou terrasses ext\u00e9rieures<\/li>\n<li>Bureaux ou salles de r\u00e9union \u00e0 l&#8217;atmosph\u00e8re d\u00e9tendue<\/li>\n<li>Salles de d\u00e9tente ou de lecture<\/li>\n<li>Salle de yoga ou de m\u00e9ditation<\/li>\n<li>Parcs ou jardins naturels<\/li>\n<li>Dans les zones de bien-\u00eatre et de spa, l&#8217;ar\u00f4me frais et d\u00e9licat de l&#8217;aub\u00e9pine peut contribuer \u00e0 cr\u00e9er une atmosph\u00e8re relaxante et paisible.<\/li>\n<li>Environnements de No\u00ebl<\/li>\n<\/ul>\n<p>Notez qu&#8217;il ne s&#8217;agit que de suggestions et que l&#8217;ad\u00e9quation du parfum d\u00e9pend en grande partie des pr\u00e9f\u00e9rences personnelles de chacun.<\/p>\n<p><em><strong>Lire la suite : <a href=\"https:\/\/www.specialscentshop.com\/fr\/produit\/parfum-dambiance-de-noel-edelweiss\/\">Parfum d&#8217;ambiance de No\u00ebl Edelweiss<\/a><\/strong><\/em><\/p>\n","protected":false},"excerpt":{"rendered":"<h2><strong>Notes olfactives du parfum Ambiance de No\u00ebl Aub\u00e9pine : notes de c\u0153ur<\/strong><\/h2>\n<p>Special Scent veut vous offrir un No\u00ebl sp\u00e9cial L&#8217;essence d&#8217;aub\u00e9pine est l&#8217;une des derni\u00e8res fragrances \u00e0 avoir \u00e9t\u00e9 ajout\u00e9es \u00e0 notre vaste gamme de parfums.<br \/>\nLes notes olfactives qui composent cette fragrance font partie des notes de c\u0153ur et se situent au centre de la pyramide olfactive. L&#8217;aub\u00e9pine lib\u00e8re tout son ar\u00f4me, un m\u00e9lange parfait de douceur et d&#8217;amertume.  <\/p>\n","protected":false},"featured_media":47755,"template":"","meta":{"_acf_changed":false},"product_brand":[],"product_cat":[818,914],"product_tag":[867,870,784,902,786,903,787,904,906,917,1166],"class_list":{"0":"post-44131","1":"product","2":"type-product","3":"status-publish","4":"has-post-thumbnail","6":"product_cat-parfums-dambiance","7":"product_cat-parfums-de-noel","8":"product_tag-salles-de-jeux","9":"product_tag-cabinets-medicaux-cliniques","10":"product_tag-domicile","11":"product_tag-condominiums","12":"product_tag-hotel-bb-fr","13":"product_tag-environnements-exterieurs","14":"product_tag-magasins-shopping","15":"product_tag-foires-et-evenements","16":"product_tag-mariages","17":"product_tag-parfums-pour-cabinets-medicaux-cliniques","18":"product_tag-parfums-de-noel","20":"first","21":"instock","22":"taxable","23":"shipping-taxable","24":"purchasable","25":"product-type-variable"},"acf":[],"_links":{"self":[{"href":"https:\/\/www.specialscentshop.com\/fr\/wp-json\/wp\/v2\/product\/44131","targetHints":{"allow":["GET"]}}],"collection":[{"href":"https:\/\/www.specialscentshop.com\/fr\/wp-json\/wp\/v2\/product"}],"about":[{"href":"https:\/\/www.specialscentshop.com\/fr\/wp-json\/wp\/v2\/types\/product"}],"wp:featuredmedia":[{"embeddable":true,"href":"https:\/\/www.specialscentshop.com\/fr\/wp-json\/wp\/v2\/media\/47755"}],"wp:attachment":[{"href":"https:\/\/www.specialscentshop.com\/fr\/wp-json\/wp\/v2\/media?parent=44131"}],"wp:term":[{"taxonomy":"product_brand","embeddable":true,"href":"https:\/\/www.specialscentshop.com\/fr\/wp-json\/wp\/v2\/product_brand?post=44131"},{"taxonomy":"product_cat","embeddable":true,"href":"https:\/\/www.specialscentshop.com\/fr\/wp-json\/wp\/v2\/product_cat?post=44131"},{"taxonomy":"product_tag","embeddable":true,"href":"https:\/\/www.specialscentshop.com\/fr\/wp-json\/wp\/v2\/product_tag?post=44131"}],"curies":[{"name":"wp","href":"https:\/\/api.w.org\/{rel}","templated":true}]}}