{"id":44147,"date":"2020-06-11T13:47:11","date_gmt":"2020-06-11T11:47:11","guid":{"rendered":"https:\/\/www.specialscentshop.com\/product\/parfum-de-chambre-ocean-bleu\/"},"modified":"2026-02-28T11:37:44","modified_gmt":"2026-02-28T10:37:44","slug":"parfum-de-chambre-ocean-bleu","status":"publish","type":"product","link":"https:\/\/www.specialscentshop.com\/fr\/produit\/parfum-de-chambre-ocean-bleu\/","title":{"rendered":"Parfum de chambre Oc\u00e9an bleu"},"content":{"rendered":"<h2><strong>Effet sur l&#8217;environnement<\/strong><\/h2>\n<p><strong>Parfum d&#8217;ambiance gel oc\u00e9an bleu<\/strong>, cette essence se r\u00e9pand dans la pi\u00e8ce comme une bouff\u00e9e d&#8217;air frais lib\u00e9rant des sensations de libert\u00e9, comme lorsqu&#8217;au bord de la mer, au clair de lune, on se baigne et que le vent nous caresse le visage, une v\u00e9ritable panac\u00e9e. Un parfum cr\u00e9\u00e9 ad hoc pour tous les amoureux du sport, donc adapt\u00e9 \u00e0 des environnements tels que : Les gymnases, les vestiaires, les salles de fitness, les centres sportifs et autres.<\/p>\n<h2><strong>Caract\u00e9ristiques <\/strong><\/h2>\n<p>Un oc\u00e9an d&#8217;\u00e9motions Un parfum comme Blue Ocean est votre atout pour renouveler votre emplacement.<br \/>\nSi vous avez un commerce \u00e9tabli mais que vous voulez vous diff\u00e9rencier des autres, c&#8217;est la solution. Avoir un produit qui diffuse un tel parfum dans l&#8217;air est une incitation au bien-\u00eatre.<br \/>\nLes amoureux de la mer, des longues promenades sur la plage ou des excursions en bateau l&#8217;appr\u00e9cieront. Pensez \u00e0 tous les avantages que vous pouvez obtenir simplement en utilisant ses notes olfactives.<\/p>\n<p>D\u00e9couvrez tous nos <a href=\"https:\/\/www.specialscentshop.com\/fr\/categorie-produit\/parfums-et-gels-parfumes\/\">gels<\/a> d&#8217;ambiance<\/p>\n<h2 class=\"p1\"><b>Particuli\u00e8rement adapt\u00e9 pour :<\/b><\/h2>\n<ul>\n<li>Salles de bains<\/li>\n<li>Chambres \u00e0 coucher<\/li>\n<li>Salons avec mobilier moderne<\/li>\n<li>Salles \u00e0 manger \u00e0 l&#8217;ambiance \u00e9l\u00e9gante<\/li>\n<li>Chambres de jardin ou terrasses ext\u00e9rieures<\/li>\n<li>Bureaux ou salles de r\u00e9union avec une atmosph\u00e8re fra\u00eeche et relaxante<\/li>\n<li>Salles de d\u00e9tente ou de lecture<\/li>\n<li>Salle de yoga ou de m\u00e9ditation<\/li>\n<li>Parcs ou jardins naturels<\/li>\n<li>Dans les environnements marins ou les zones c\u00f4ti\u00e8res, l&#8217;ar\u00f4me frais et marin de Blue Ocean peut \u00e9voquer la mer et la plage, cr\u00e9ant une atmosph\u00e8re fra\u00eeche et relaxante.<\/li>\n<li>Grandes salles, entreprises, locaux<\/li>\n<\/ul>\n<p>Notez qu&#8217;il ne s&#8217;agit que de suggestions et que l&#8217;ad\u00e9quation du parfum d\u00e9pend en grande partie des pr\u00e9f\u00e9rences personnelles de chacun.<\/p>\n<h5><em>Pour augmenter son efficacit\u00e9 utiliser le diffuseur<strong><a href=\"https:\/\/www.specialscentshop.com\/fr\/produit\/diffuseur-de-parfum-gel-s100\/\">s 100<\/a><\/strong><\/em><\/h5>\n<p><em>Nous disposons d&#8217;une large gamme de diffuseurs d&#8217;ambiance, y compris notre tout nouveau spray <a href=\"https:\/\/www.specialscentshop.com\/fr\/produit\/nebula-diffuseur-dambiance-rechargeable\/\">Nebula<\/a>, qui fonctionne avec la m\u00eame technique d&#8217;atomisation que nos diffuseurs, une solution parfaite et \u00e9conomique pour ceux qui souhaitent tester nos produits avant d&#8217;acheter une plus grande quantit\u00e9 de parfum ou un diffuseur. Le format Nebula est en aluminium, rechargeable et surtout respectueux de l&#8217;environnement. A l&#8217;achat d&#8217;un parfum de 0,250 g de votre choix, vous recevez gratuitement Nebula. Id\u00e9al pour les petites quantit\u00e9s.<\/em><\/p>\n","protected":false},"excerpt":{"rendered":"<section class=\"av_textblock_section \">\n<div class=\"avia_textblock \">\n<h2><strong>Parfum d&#8217;ambiance gel oc\u00e9an bleu\u00a0Notes olfactives : notes de t\u00eate<\/strong><\/h2>\n<p>Avec ses notes fra\u00eeches, son parfum intense, au caract\u00e8re fort mais pas trop, est capable de vous faire ressentir des sensations intenses.<br \/>\nUn parfum capable de vous plonger dans les profondeurs de l&#8217;oc\u00e9an avec ses notes balsamiques. L&#8217;essence oc\u00e9anique bleue se pr\u00e9sente en <strong>GEL SOLUTION<\/strong>.<\/p>\n<\/div>\n<\/section>\n","protected":false},"featured_media":44149,"template":"","meta":{"_acf_changed":false},"product_brand":[],"product_cat":[1160],"product_tag":[902,904,907,917,784,785,786,853,867,868,870],"class_list":{"0":"post-44147","1":"product","2":"type-product","3":"status-publish","4":"has-post-thumbnail","6":"product_cat-gels-desodorisants","7":"product_tag-condominiums","8":"product_tag-foires-et-evenements","9":"product_tag-parfums-pour-les-foires-commerciales","10":"product_tag-parfums-pour-cabinets-medicaux-cliniques","11":"product_tag-domicile","12":"product_tag-bureau","13":"product_tag-hotel-bb-fr","14":"product_tag-voitures-vehicules-a-moteur","15":"product_tag-salles-de-jeux","16":"product_tag-gymnases-et-sports","17":"product_tag-cabinets-medicaux-cliniques","19":"first","20":"instock","21":"taxable","22":"shipping-taxable","23":"purchasable","24":"product-type-simple"},"acf":[],"_links":{"self":[{"href":"https:\/\/www.specialscentshop.com\/fr\/wp-json\/wp\/v2\/product\/44147","targetHints":{"allow":["GET"]}}],"collection":[{"href":"https:\/\/www.specialscentshop.com\/fr\/wp-json\/wp\/v2\/product"}],"about":[{"href":"https:\/\/www.specialscentshop.com\/fr\/wp-json\/wp\/v2\/types\/product"}],"wp:featuredmedia":[{"embeddable":true,"href":"https:\/\/www.specialscentshop.com\/fr\/wp-json\/wp\/v2\/media\/44149"}],"wp:attachment":[{"href":"https:\/\/www.specialscentshop.com\/fr\/wp-json\/wp\/v2\/media?parent=44147"}],"wp:term":[{"taxonomy":"product_brand","embeddable":true,"href":"https:\/\/www.specialscentshop.com\/fr\/wp-json\/wp\/v2\/product_brand?post=44147"},{"taxonomy":"product_cat","embeddable":true,"href":"https:\/\/www.specialscentshop.com\/fr\/wp-json\/wp\/v2\/product_cat?post=44147"},{"taxonomy":"product_tag","embeddable":true,"href":"https:\/\/www.specialscentshop.com\/fr\/wp-json\/wp\/v2\/product_tag?post=44147"}],"curies":[{"name":"wp","href":"https:\/\/api.w.org\/{rel}","templated":true}]}}