{"id":44192,"date":"2020-06-11T13:42:59","date_gmt":"2020-06-11T11:42:59","guid":{"rendered":"https:\/\/www.specialscentshop.com\/product\/parfum-dambiance-pamplemousse\/"},"modified":"2026-02-28T12:31:22","modified_gmt":"2026-02-28T11:31:22","slug":"parfum-dambiance-pamplemousse","status":"publish","type":"product","link":"https:\/\/www.specialscentshop.com\/fr\/produit\/parfum-dambiance-pamplemousse\/","title":{"rendered":"Parfum d&#8217;ambiance pamplemousse"},"content":{"rendered":"<h2><strong>Effet sur l&#8217;environnement<\/strong><\/h2>\n<p>Gr\u00e2ce \u00e0 son odeur caract\u00e9ristique, le Parfum d&#8217;ambiance pamplemousse est adapt\u00e9 pour rendre agr\u00e9able l&#8217;air souvent lourd des bureaux. Recommand\u00e9 pour les environnements de travail o\u00f9 r\u00e8gne parfois une atmosph\u00e8re de fatigue collective, ce parfum est un excellent moyen de remonter le moral de votre personnel. Tr\u00e8s populaire dans les environnements o\u00f9 la recirculation de l&#8217;air est faible, tels que les vestiaires, les salles de sport, les lieux bond\u00e9s ou pour couvrir les odeurs fortes d&#8217;une cuisine.<\/p>\n<h2><strong>Caract\u00e9ristiques<\/strong><\/h2>\n<p>Le parfum de pamplemousse est partiellement extrait de l&#8217;\u00e9corce du fruit, ce qui cr\u00e9e des notes olfactives citronn\u00e9es et rafra\u00eechissantes. Un parfum qui n&#8217;est apparu que r\u00e9cemment sur le march\u00e9.<\/p>\n<p>De nombreux centres de massage et spas utilisent des produits aromatis\u00e9s au pamplemousse, car ce fruit reste longtemps dans l&#8217;air. Cr\u00e9ez une nouvelle exp\u00e9rience olfactive Ne sous-estimez pas l&#8217;impact qu&#8217;un bon parfum peut avoir sur votre lieu de travail.<\/p>\n<p><em>Nous disposons d&#8217;une large gamme de diffuseurs d&#8217;ambiance, y compris notre tout nouveau spray<a href=\"https:\/\/www.specialscentshop.com\/fr\/produit\/nebula-diffuseur-dambiance-rechargeable\/\"> Nebula<\/a>, qui fonctionne avec la m\u00eame technique d&#8217;atomisation que nos diffuseurs, une solution parfaite et \u00e9conomique pour ceux qui souhaitent tester nos produits avant d&#8217;acheter une plus grande quantit\u00e9 de parfum ou un diffuseur. Le format Nebula est en aluminium, rechargeable et surtout respectueux de l&#8217;environnement. A l&#8217;achat d&#8217;un parfum de 0,250 g de votre choix, vous recevez gratuitement Nebula. Id\u00e9al pour les petites quantit\u00e9s. <\/em><\/p>\n<h2 class=\"p1\"><b>Particuli\u00e8rement adapt\u00e9 pour :<\/b><\/h2>\n<p>Le parfum de pamplemousse s&#8217;adapte bien aux environnements tels que :<\/p>\n<ul>\n<li>Cuisines<\/li>\n<li>Salles de bains<\/li>\n<li>Chambres \u00e0 coucher<\/li>\n<li>Salons avec mobilier moderne<\/li>\n<li>Salles \u00e0 manger \u00e0 l&#8217;ambiance \u00e9l\u00e9gante<\/li>\n<li>Chambres de jardin ou terrasses ext\u00e9rieures<\/li>\n<li>Bureaux ou salles de r\u00e9union avec une atmosph\u00e8re fra\u00eeche et relaxante<\/li>\n<li>Salles de d\u00e9tente ou de lecture<\/li>\n<li>Salle de yoga ou de m\u00e9ditation<\/li>\n<li>Parcs ou jardins naturels<\/li>\n<li>Entreprises, locaux et grandes salles<\/li>\n<\/ul>\n<p>L&#8217;ar\u00f4me frais et citronn\u00e9 du pamplemousse peut contribuer \u00e0 cr\u00e9er une atmosph\u00e8re fra\u00eeche et rafra\u00eechissante, am\u00e9liorant ainsi la concentration et la productivit\u00e9. Notez qu&#8217;il ne s&#8217;agit que de suggestions et que l&#8217;ad\u00e9quation du parfum d\u00e9pend en grande partie des pr\u00e9f\u00e9rences personnelles de chacun.<\/p>\n<p><em><strong>Lire la suite : <a href=\"https:\/\/www.specialscentshop.com\/fr\/produit\/parfum-de-chambre-ocean-bleu\/\">Parfum d&#8217;ambiance Oc\u00e9an Bleu<\/a><\/strong><\/em><\/p>\n<p>&nbsp;<\/p>\n","protected":false},"excerpt":{"rendered":"<section class=\"av_textblock_section \">\n<div class=\"avia_textblock \">\n<h2><strong>Notes olfactives : Notes de t\u00eate<\/strong><\/h2>\n<p>Le parfum d&#8217;Ambiance Pamplemousse, avec ses <strong>notes de t\u00eate<\/strong>, est un parfum d&#8217;agrumes \u00e0 l&#8217;odeur caract\u00e9ristique, dont la couleur est typique de ce merveilleux fruit de notre terre.<\/p>\n<p>Sa couleur est typique de ce merveilleux fruit de notre terre. Le parfum est un \u00e9quilibre parfait entre l&#8217;esprit et le c\u0153ur, favorisant la bonne humeur. L&#8217;essence de pamplemousse est propos\u00e9e en <strong>SOLUTION <a href=\"https:\/\/www.specialscentshop.com\/fr\/categorie-produit\/parfums-et-gels-parfumes\/\">GEL<\/a><\/strong>.<\/p>\n<\/div>\n<\/section>\n","protected":false},"featured_media":44193,"template":"","meta":{"_acf_changed":false},"product_brand":[],"product_cat":[1160],"product_tag":[867,868,902,784,786,853],"class_list":{"0":"post-44192","1":"product","2":"type-product","3":"status-publish","4":"has-post-thumbnail","6":"product_cat-gels-desodorisants","7":"product_tag-salles-de-jeux","8":"product_tag-gymnases-et-sports","9":"product_tag-condominiums","10":"product_tag-domicile","11":"product_tag-hotel-bb-fr","12":"product_tag-voitures-vehicules-a-moteur","14":"first","15":"instock","16":"taxable","17":"shipping-taxable","18":"purchasable","19":"product-type-simple"},"acf":[],"_links":{"self":[{"href":"https:\/\/www.specialscentshop.com\/fr\/wp-json\/wp\/v2\/product\/44192","targetHints":{"allow":["GET"]}}],"collection":[{"href":"https:\/\/www.specialscentshop.com\/fr\/wp-json\/wp\/v2\/product"}],"about":[{"href":"https:\/\/www.specialscentshop.com\/fr\/wp-json\/wp\/v2\/types\/product"}],"wp:featuredmedia":[{"embeddable":true,"href":"https:\/\/www.specialscentshop.com\/fr\/wp-json\/wp\/v2\/media\/44193"}],"wp:attachment":[{"href":"https:\/\/www.specialscentshop.com\/fr\/wp-json\/wp\/v2\/media?parent=44192"}],"wp:term":[{"taxonomy":"product_brand","embeddable":true,"href":"https:\/\/www.specialscentshop.com\/fr\/wp-json\/wp\/v2\/product_brand?post=44192"},{"taxonomy":"product_cat","embeddable":true,"href":"https:\/\/www.specialscentshop.com\/fr\/wp-json\/wp\/v2\/product_cat?post=44192"},{"taxonomy":"product_tag","embeddable":true,"href":"https:\/\/www.specialscentshop.com\/fr\/wp-json\/wp\/v2\/product_tag?post=44192"}],"curies":[{"name":"wp","href":"https:\/\/api.w.org\/{rel}","templated":true}]}}