{"id":44230,"date":"2020-09-28T00:02:00","date_gmt":"2020-09-27T22:02:00","guid":{"rendered":"https:\/\/www.specialscentshop.com\/product\/enceinte-de-parfum-bluetooth-s150\/"},"modified":"2026-02-10T21:38:21","modified_gmt":"2026-02-10T20:38:21","slug":"enceinte-de-parfum-bluetooth-s150","status":"publish","type":"product","link":"https:\/\/www.specialscentshop.com\/fr\/produit\/enceinte-de-parfum-bluetooth-s150\/","title":{"rendered":"Enceinte de parfum Bluetooth S150"},"content":{"rendered":"<div class=\"av-special-heading av-drko6-42ff0d6c6e3c309a5fe20296b171c5b3 av-special-heading-h3 custom-color-heading blockquote modern-quote avia-builder-el-22 el_before_av_textblock avia-builder-el-first av-inherit-size \">\n<h2>O\u00f9 utiliser le parfumeur \u00e9lectrique Bluetooth S150 ?<\/h2>\n<ul>\n<li>Parfumeur \u00e9lectrique aliment\u00e9 par 3 piles alcalines de 1,5 V ou par une prise USB de 5 V (en option). Il peut \u00eatre plac\u00e9 sur une \u00e9tag\u00e8re ou fix\u00e9 au mur \u00e0 l&#8217;aide du support sp\u00e9cial, des attaches et des vis incluses dans l&#8217;emballage.<\/li>\n<li>Diffusion de parfums dans les petits environnements commerciaux et domestiques. Le design minimaliste et les lignes courbes conf\u00e8rent au diffuseur de parfum un style moderne et \u00e9l\u00e9gant qui s&#8217;int\u00e8gre parfaitement \u00e0 tout environnement.<\/li>\n<li>Id\u00e9al pour les couloirs d&#8217;h\u00f4tels, les petits bureaux, les ascenseurs d&#8217;immeubles et tout environnement domestique jusqu&#8217;\u00e0 70 m\u00b3.<\/li>\n<li>Il parfume la pi\u00e8ce avec une gestion intelligente du diffuseur de parfum, gr\u00e2ce \u00e0 son application Bluetooth, t\u00e9l\u00e9chargeable en ligne sur les appareils mobiles.<\/li>\n<li>Programmation quotidienne et hebdomadaire du diffuseur de parfum Bluetooth S150, et contr\u00f4le de la diffusion du parfum via l&#8217;APP.<\/li>\n<li>Le <strong>diffuseur de parfum Bluetooth<\/strong> S150 est capable de diffuser du parfum de mani\u00e8re totalement silencieuse, en consommant tr\u00e8s peu de parfum.<\/li>\n<\/ul>\n<p>Le parfum d&#8217;ambiance que vous aurez choisi remplira l&#8217;air d&#8217;une note olfactive agr\u00e9able et d&#8217;une sensation de bien-\u00eatre inattendue que seul Special Scent peut garantir !<\/p>\n<h2><strong>Caract\u00e9ristiques techniques du parfumeur \u00e9lectrique Bluetooth S150<\/strong><\/h2>\n<section class=\"av_textblock_section \">\n<div class=\"avia_textblock \">\n<ul>\n<li>Mat\u00e9riau : plastique<\/li>\n<li>Dimensions : Hauteur=148 mm | Longueur=580 mm | Profondeur=158 mm<\/li>\n<li>Couleur : noir et blanc<\/li>\n<li>Alimentation : piles alcalines T3 1,5 V ou USB 5 V<\/li>\n<li>Puissance : 4 W<\/li>\n<li>Niveau sonore : moins de 10 d\u00e9cibels<\/li>\n<li>R\u00e9cipient de recharge : 100 ml<\/li>\n<li>Consommation maximale de parfum : 0,45 ml\/heure<\/li>\n<li>Couverture maximale : 70 m\u00b3<\/li>\n<li>Poids : 413 g<\/li>\n<li>Installation : fixation au mur \u00e0 l&#8217;aide d&#8217;un support sp\u00e9cial, de vis d&#8217;ancrage et d&#8217;un fisher ou sur une surface verticale lisse.<\/li>\n<li>Fonctionnement : connect\u00e9 via Bluetooth \u00e0 votre t\u00e9l\u00e9phone portable o\u00f9 vous pouvez choisir la programmation quotidienne du diffuseur de parfum d&#8217;ambiance.<\/li>\n<\/ul>\n<\/div>\n<\/section>\n<\/div>\n<section id=\"prezzodiffusore\" class=\"av_textblock_section \">\n<div class=\"avia_textblock \">\n<h2>Quel parfum utiliser sur les parfums d&#8217;ambiance \u00e9lectriques Special Scent ?<\/h2>\n<ul>\n<li>Special scent dispose d&#8217;une large gamme de <a href=\"https:\/\/www.specialscentshop.com\/fr\/parfums-et-fragrances\/\">senteurs d&#8217;ambiance<\/a> huileuses certifi\u00e9es et enregistr\u00e9es pour parfumer n&#8217;importe quel environnement et cr\u00e9er un impact attrayant sur la client\u00e8le gr\u00e2ce \u00e0 la technique du marketing olfactif.<\/li>\n<li>Special scent n&#8217;oblige pas \u00e0 acheter des parfums, mais <strong>recommande de ne pas utiliser d&#8217;huiles <a href=\"https:\/\/www.aromaterapia.it\/blog\/curiosita\/le-differenze-tra-idrolato-e-olio-essenziale-it\/\" target=\"_blank\" rel=\"noopener\">solubles dans l&#8217;eau<\/a>, ni d&#8217;huiles utilis\u00e9es dans les diffuseurs \u00e0 bois.<\/strong><\/li>\n<li>Special scent est votre partenaire id\u00e9al pour parfumer votre espace. Sur notre site, vous trouverez la meilleure solution pour votre environnement, des fragrances aux diffuseurs de parfum.<\/li>\n<\/ul>\n<p><em><strong>lire la suite : <a href=\"https:\/\/www.specialscentshop.com\/fr\/prodotto\/diffuseur-de-parfum-gel-s100\/\">Diffuseur de parfum GEL S100<\/a><\/strong><\/em><\/p>\n<h3><\/h3>\n<\/div>\n<\/section>\n","protected":false},"excerpt":{"rendered":"<p>Le parfumeur \u00e9lectrique<strong> Bluetooth S150<\/strong> est un produit adapt\u00e9 \u00e0 toutes les petites pi\u00e8ces, il ne prend pas de place et peut \u00eatre programm\u00e9 facilement et rapidement via l&#8217;application disponible sur Android et Ios.<strong>Vous pouvez trouver le parfum qui vous convient le mieux en consultant notre catalogue \u00e0<a href=\"https:\/\/www.specialscentshop.com\/fr\/parfums-et-fragrances\/\"> CE lien<\/a><\/strong><br \/>\n<a href=\"https:\/\/www.specialscentshop.com\/fr\/parfums-dambiance-drinkfood\/\"><strong>ou trouvez les parfums d&#8217;ambiance Drink&amp;Food sur CE lien<\/strong><\/a><\/p>\n<section id=\"prezzodiffusore\" class=\"av_textblock_section \"><\/section>\n","protected":false},"featured_media":45266,"template":"","meta":{"_acf_changed":false},"product_brand":[],"product_cat":[783],"product_tag":[784,785,786,902],"class_list":{"0":"post-44230","1":"product","2":"type-product","3":"status-publish","4":"has-post-thumbnail","6":"product_cat-diffuseur-de-parfum-desodorisants-dambiance","7":"product_tag-domicile","8":"product_tag-bureau","9":"product_tag-hotel-bb-fr","10":"product_tag-condominiums","12":"first","13":"instock","14":"taxable","15":"shipping-taxable","16":"purchasable","17":"product-type-variable"},"acf":[],"_links":{"self":[{"href":"https:\/\/www.specialscentshop.com\/fr\/wp-json\/wp\/v2\/product\/44230","targetHints":{"allow":["GET"]}}],"collection":[{"href":"https:\/\/www.specialscentshop.com\/fr\/wp-json\/wp\/v2\/product"}],"about":[{"href":"https:\/\/www.specialscentshop.com\/fr\/wp-json\/wp\/v2\/types\/product"}],"wp:featuredmedia":[{"embeddable":true,"href":"https:\/\/www.specialscentshop.com\/fr\/wp-json\/wp\/v2\/media\/45266"}],"wp:attachment":[{"href":"https:\/\/www.specialscentshop.com\/fr\/wp-json\/wp\/v2\/media?parent=44230"}],"wp:term":[{"taxonomy":"product_brand","embeddable":true,"href":"https:\/\/www.specialscentshop.com\/fr\/wp-json\/wp\/v2\/product_brand?post=44230"},{"taxonomy":"product_cat","embeddable":true,"href":"https:\/\/www.specialscentshop.com\/fr\/wp-json\/wp\/v2\/product_cat?post=44230"},{"taxonomy":"product_tag","embeddable":true,"href":"https:\/\/www.specialscentshop.com\/fr\/wp-json\/wp\/v2\/product_tag?post=44230"}],"curies":[{"name":"wp","href":"https:\/\/api.w.org\/{rel}","templated":true}]}}