{"id":44315,"date":"2022-10-03T00:00:00","date_gmt":"2022-10-02T22:00:00","guid":{"rendered":"https:\/\/www.specialscentshop.com\/product\/nebula-diffuseur-dambiance-rechargeable\/"},"modified":"2025-11-10T07:24:16","modified_gmt":"2025-11-10T06:24:16","slug":"nebula-diffuseur-dambiance-rechargeable","status":"publish","type":"product","link":"https:\/\/www.specialscentshop.com\/fr\/produit\/nebula-diffuseur-dambiance-rechargeable\/","title":{"rendered":"Diffuseur de parfum Nebula"},"content":{"rendered":"<h2><strong>Air Room Rreshener Nebula 250 gr &#8211; Distributeur rechargeable de parfums et fragrances  <\/strong><\/h2>\n<p>Ne vous fiez pas \u00e0 sa simple apparence. Air Room Freshener <strong>Nebula Spray<\/strong> 250 gr est un produit vert. Il respecte l&#8217;environnement et est rechargeable.<x id=\"gid_1\"><\/x>Nous avons choisi de cr\u00e9er et de promouvoir uniquement des produits tol\u00e9rables pour l&#8217;environnement. Son image est simple et essentielle, elle attire moins l&#8217;\u0153il, mais certainement en faveur de la durabilit\u00e9.   <\/p>\n<p>La vraie valeur est donn\u00e9e par le parfum que vous ins\u00e9rez \u00e0 l&#8217;int\u00e9rieur, celui qui est le plus proche de vos go\u00fbts.<br \/>\nUn large choix de parfums, tous biologiquement contr\u00f4l\u00e9s et <strong> certifi\u00e9s IFRA <\/strong> qui attestent des contr\u00f4les scrupuleux auxquels ils sont soumis.<\/p>\n<p>Lors de la premi\u00e8re commande, un parfum de votre choix vous sera envoy\u00e9 gratuitement.<\/p>\n<h2><strong>  Quels sont les avantages de Air Room Freshener Nebula 250 gr ?  <\/strong><\/h2>\n<p>L&#8217;utilisation d&#8217;un distributeur en aluminium vous permet de ne pas alt\u00e9rer le parfum au fil du temps et, chaque fois que le produit est \u00e9puis\u00e9, vous pouvez le recharger avec un autre parfum. C&#8217;est l\u00e0 le v\u00e9ritable avantage du mat\u00e9riau avec lequel il a \u00e9t\u00e9 con\u00e7u. Lorsque vous le nettoyez, il ne reste aucune trace du parfum pr\u00e9c\u00e9dent, ce qui vous permet d&#8217;appr\u00e9cier pleinement le nouvel ar\u00f4me.<br \/>\nAvec un petit investissement, vous aurez trouv\u00e9 la solution professionnelle id\u00e9ale pour rendre votre environnement plus accueillant.  <\/p>\n<p>Il est souvent achet\u00e9 pour essayer diff\u00e9rents parfums. Ce n&#8217;est qu&#8217;une fois que vous avez choisi celui qui convient le mieux \u00e0 votre environnement que vous pouvez en acheter une plus grande quantit\u00e9. <\/p>\n<p>Voulez-vous ajouter un autre parfum ?<\/p>\n<p>Choisissez parmi notre vaste offre.<\/p>\n<p><em><strong>apprenez-en plus : <a href=\"https:\/\/www.specialscentshop.com\/fr\/parfums-et-fragrances\/\">Parfums d&#8217;ambiance <\/a> <\/strong><\/em><\/p>\n","protected":false},"excerpt":{"rendered":"<p><strong>Air Room Freshener Nebula 250 gr, le diffuseur vert parfait pour rafra\u00eechir tous vos espaces.<\/strong><\/p>\n","protected":false},"featured_media":44316,"template":"","meta":{"_acf_changed":false},"product_brand":[],"product_cat":[783],"product_tag":[870,871,902,784,785,786,787,788,867,868],"class_list":{"0":"post-44315","1":"product","2":"type-product","3":"status-publish","4":"has-post-thumbnail","6":"product_cat-diffuseur-de-parfum-desodorisants-dambiance","7":"product_tag-cabinets-medicaux-cliniques","8":"product_tag-diffuseurs-pour-cabinets-medicaux-cliniques","9":"product_tag-condominiums","10":"product_tag-domicile","11":"product_tag-bureau","12":"product_tag-hotel-bb-fr","13":"product_tag-magasins-shopping","14":"product_tag-restaurants-et-bars","15":"product_tag-salles-de-jeux","16":"product_tag-gymnases-et-sports","18":"first","19":"instock","20":"taxable","21":"shipping-taxable","22":"purchasable","23":"product-type-variable"},"acf":[],"_links":{"self":[{"href":"https:\/\/www.specialscentshop.com\/fr\/wp-json\/wp\/v2\/product\/44315","targetHints":{"allow":["GET"]}}],"collection":[{"href":"https:\/\/www.specialscentshop.com\/fr\/wp-json\/wp\/v2\/product"}],"about":[{"href":"https:\/\/www.specialscentshop.com\/fr\/wp-json\/wp\/v2\/types\/product"}],"wp:featuredmedia":[{"embeddable":true,"href":"https:\/\/www.specialscentshop.com\/fr\/wp-json\/wp\/v2\/media\/44316"}],"wp:attachment":[{"href":"https:\/\/www.specialscentshop.com\/fr\/wp-json\/wp\/v2\/media?parent=44315"}],"wp:term":[{"taxonomy":"product_brand","embeddable":true,"href":"https:\/\/www.specialscentshop.com\/fr\/wp-json\/wp\/v2\/product_brand?post=44315"},{"taxonomy":"product_cat","embeddable":true,"href":"https:\/\/www.specialscentshop.com\/fr\/wp-json\/wp\/v2\/product_cat?post=44315"},{"taxonomy":"product_tag","embeddable":true,"href":"https:\/\/www.specialscentshop.com\/fr\/wp-json\/wp\/v2\/product_tag?post=44315"}],"curies":[{"name":"wp","href":"https:\/\/api.w.org\/{rel}","templated":true}]}}