{"id":44375,"date":"2020-09-13T00:02:00","date_gmt":"2020-09-12T22:02:00","guid":{"rendered":"https:\/\/www.specialscentshop.com\/product\/diffuseur-de-parfum-s700\/"},"modified":"2025-05-24T20:54:22","modified_gmt":"2025-05-24T18:54:22","slug":"diffuseur-de-parfum-s700","status":"publish","type":"product","link":"https:\/\/www.specialscentshop.com\/fr\/produit\/diffuseur-de-parfum-s700\/","title":{"rendered":"Diffuseur de parfum S700"},"content":{"rendered":"<section class=\"av_textblock_section \">\n<div class=\"avia_textblock \">\n<h2><b>O\u00f9 utiliser le <\/b><strong>Parfumeur d&#8217;ambiance professionnel <\/strong><b> ?<\/b><\/h2>\n<ul>\n<li>Vous pouvez le placer sur un mur, sur un meuble, sur une table ou encore sur le sol.<\/li>\n<li>Le S 700 Professional Room Perfumer, avec ses mat\u00e9riaux nobles, son verre tremp\u00e9 et sa base en acier, peut \u00eatre plac\u00e9 dans un environnement luxueux.<\/li>\n<li>Parfumeur convenant aux orf\u00e8vres, aux boutiques de haute couture, aux villas et aux appartements.<\/li>\n<li>Il parfume la pi\u00e8ce \u00e0 des heures et des jours pr\u00e9d\u00e9finis, gr\u00e2ce \u00e0 ses programmes de diffusion quotidienne de parfum.<\/li>\n<\/ul>\n<h2><strong>Sp\u00e9cifications techniques Parfumeur d&#8217;ambiance professionnel S 700<\/strong><\/h2>\n<ul>\n<li>Alimentation : transformateur 12V\/230V &#8211; Consommation : 22 W<\/li>\n<li>Contenant de parfum : 300 Gr &#8211; Consommation de parfum : 2 Ml\/H &#8211; Couverture : 750 M3<\/li>\n<li>Poids : 4,6 kg &#8211; Dimensions : 300 x 259 x 124 mm<\/li>\n<li>Transformateur 12V\/220V,<\/li>\n<li>Filtre de remplacement<\/li>\n<li>Disponible en 2 couleurs : blanc et noir<\/li>\n<\/ul>\n<h2><strong>Quels sont les parfums d&#8217;ambiance \u00e0 utiliser avec les Diffuseurs de senteurs sp\u00e9ciaux ?<\/strong><\/h2>\n<p>Special Scent propose une large gamme de parfums d&#8217;ambiance huileux pour parfumer n&#8217;importe quel environnement et cr\u00e9er un impact attrayant sur le client gr\u00e2ce \u00e0 la technique du marketing olfactif. Special Scent n&#8217;impose pas l&#8217;achat de parfums, mais <strong>recommande de ne pas utiliser d&#8217;huiles solubles dans l&#8217;eau, ni d&#8217;huiles utilis\u00e9es dans les diffuseurs \u00e0 bois.<\/strong> Special Scent est votre partenaire id\u00e9al pour parfumer vos espaces. Sur notre site, vous trouverez la meilleure solution pour votre environnement, des parfums aux diffuseurs de senteurs.<\/p>\n<p><em><strong>lire la suite : <a href=\"https:\/\/www.specialscentshop.com\/fr\/produit\/diffuseur-de-parfum-s650\/\">Diffuseur de parfum S650<\/a><\/strong><\/em><\/p>\n<\/div>\n<\/section>\n<section id=\"prezzodiffusore\" class=\"av_textblock_section \"><\/section>\n","protected":false},"excerpt":{"rendered":"<section class=\"av_textblock_section \">\n<div class=\"avia_textblock \">\n<p>Ce parfumeur professionnel pour les magasins ou les lieux sp\u00e9ciaux se marie parfaitement avec tout type de design.<\/p>\n<\/div>\n<\/section>\n<p><strong>Vous pouvez trouver le parfum qui vous convient le mieux en consultant notre catalogue sur <a href=\"https:\/\/www.specialscentshop.com\/fr\/parfums-et-fragrances\/\">CE lien<\/a><\/strong><br \/>\n<a href=\"https:\/\/www.specialscentshop.com\/fr\/parfums-dambiance-drinkfood\/\"><strong>ou trouvez les parfums d&#8217;ambiance Drink&amp;Food sur CE lien<\/strong><\/a><\/p>\n","protected":false},"featured_media":44376,"template":"","meta":{"_acf_changed":false},"product_brand":[],"product_cat":[783],"product_tag":[868,870,871,902,784,904,785,786,787,788],"class_list":{"0":"post-44375","1":"product","2":"type-product","3":"status-publish","4":"has-post-thumbnail","6":"product_cat-diffuseur-de-parfum-desodorisants-dambiance","7":"product_tag-gymnases-et-sports","8":"product_tag-cabinets-medicaux-cliniques","9":"product_tag-diffuseurs-pour-cabinets-medicaux-cliniques","10":"product_tag-condominiums","11":"product_tag-domicile","12":"product_tag-foires-et-evenements","13":"product_tag-bureau","14":"product_tag-hotel-bb-fr","15":"product_tag-magasins-shopping","16":"product_tag-restaurants-et-bars","18":"first","19":"instock","20":"taxable","21":"shipping-taxable","22":"purchasable","23":"product-type-variable"},"acf":[],"_links":{"self":[{"href":"https:\/\/www.specialscentshop.com\/fr\/wp-json\/wp\/v2\/product\/44375","targetHints":{"allow":["GET"]}}],"collection":[{"href":"https:\/\/www.specialscentshop.com\/fr\/wp-json\/wp\/v2\/product"}],"about":[{"href":"https:\/\/www.specialscentshop.com\/fr\/wp-json\/wp\/v2\/types\/product"}],"wp:featuredmedia":[{"embeddable":true,"href":"https:\/\/www.specialscentshop.com\/fr\/wp-json\/wp\/v2\/media\/44376"}],"wp:attachment":[{"href":"https:\/\/www.specialscentshop.com\/fr\/wp-json\/wp\/v2\/media?parent=44375"}],"wp:term":[{"taxonomy":"product_brand","embeddable":true,"href":"https:\/\/www.specialscentshop.com\/fr\/wp-json\/wp\/v2\/product_brand?post=44375"},{"taxonomy":"product_cat","embeddable":true,"href":"https:\/\/www.specialscentshop.com\/fr\/wp-json\/wp\/v2\/product_cat?post=44375"},{"taxonomy":"product_tag","embeddable":true,"href":"https:\/\/www.specialscentshop.com\/fr\/wp-json\/wp\/v2\/product_tag?post=44375"}],"curies":[{"name":"wp","href":"https:\/\/api.w.org\/{rel}","templated":true}]}}